{"id":714414,"date":"2025-08-27T17:18:17","date_gmt":"2025-08-27T14:18:17","guid":{"rendered":"https:\/\/roveyayinevi.com.tr\/index.php\/urun\/m-o-1177-medeniyetin-coktugu-yil\/"},"modified":"2026-04-16T02:22:49","modified_gmt":"2026-04-15T23:22:49","slug":"m-o-1177-medeniyetin-coktugu-yil","status":"publish","type":"product","link":"https:\/\/roveyayinevi.com.tr\/index.php\/urun\/m-o-1177-medeniyetin-coktugu-yil\/","title":{"rendered":"M.\u00d6. 1177 Medeniyetin \u00c7\u00f6kt\u00fc\u011f\u00fc Y\u0131l"},"content":{"rendered":"<p>M.\u00d6. 12. y\u00fczy\u0131lda, Do\u011fu Akdeniz\u2019i \u00e7evreleyen topraklarda h\u00fck\u00fcm s\u00fcren uygarl\u0131klar b\u00fcy\u00fcyor, geli\u015fiyor, sava\u015f\u0131yor ve tarihte izlerini b\u0131rak\u0131yordu. Ge\u00e7 Tun\u00e7 \u00c7a\u011f\u0131\u2019n\u0131n bu b\u00fcy\u00fck devletleri, t\u0131pk\u0131 \u00fc\u00e7 bin y\u0131l sonra yerlerini alacak olan \u00fclkeler gibi birbirleriyle ileti\u015fim kuruyor, ticaret yap\u0131yor ve diplomatik ili\u015fkiler s\u00fcrd\u00fcrmeye \u00e7abal\u0131yordu: Hitit krallar\u0131 Girit mal\u0131 giyecekler giyiyor, Minoslu ustalar\u0131n eserleri M\u0131s\u0131r\u2019daki saraylar\u0131 s\u00fcsl\u00fcyor, krallar ve firavunlar siyasi nedenlerle kom\u015fu \u00fclkelerin prensesleriyle evleniyordu.Fakat t\u00fcm bu g\u00fc\u00e7l\u00fc devletler, M.\u00d6. 1177 y\u0131l\u0131ndan itibaren domino ta\u015flar\u0131 gibi y\u0131k\u0131ld\u0131. Mikenler, Hititler, Kenanl\u0131lar, Asurlular, Minoslular, hatta M\u0131s\u0131rl\u0131lar tarihe g\u00f6m\u00fcld\u00fc. Tarih\u00e7ilere g\u00f6re, bu uygarl\u0131klar\u0131n, yaz\u0131n\u0131n, teknolojinin ve mimarinin sonunu getiren, \u201cDeniz Kavimleri\u201d diye adland\u0131r\u0131lan esrarengiz topluluklar\u0131n sald\u0131r\u0131lar\u0131yd\u0131. Ancak Deniz Kavimleri, bu kadar b\u00fcy\u00fck bir \u00e7\u00f6k\u00fc\u015fe tek ba\u015f\u0131na neden olmu\u015f olamazd\u0131. Ger\u00e7ekte ne ya\u015fand\u0131?Arkeolojik buluntular\u0131, yaz\u0131tlar\u0131 ve mektuplar\u0131 kullanarak d\u00f6nemi okurun g\u00f6z\u00fcnde ilgi \u00e7ekici bir \u015fekilde canland\u0131ran Eric H. Cline, birbiriyle ba\u011flant\u0131l\u0131 \u00e7ok say\u0131da unsurun nas\u0131l bu devletlerin sonunu getirdi\u011fini anlat\u0131yor. Cline, do\u011fal afetler ve iklim de\u011fi\u015fikli\u011fi kadar, istilalar, sava\u015f ve kar\u015f\u0131l\u0131kl\u0131 ba\u011f\u0131ml\u0131l\u0131k gibi insan eliyle ger\u00e7ekle\u015fen \u015fartlar\u0131n da bu sona katk\u0131da bulundu\u011funu ortaya koyarak, Ge\u00e7 Tun\u00e7 \u00c7a\u011f\u0131\u2019n\u0131n b\u00fcy\u00fck devletlerinin y\u00fckseli\u015fi ve d\u00fc\u015f\u00fc\u015f\u00fc ile ilgili canl\u0131, renkli ve d\u00fc\u015f\u00fcnd\u00fcr\u00fcc\u00fc bir analiz sunuyor.<\/p>\n","protected":false},"excerpt":{"rendered":"<p>M.\u00d6. 12. y\u00fczy\u0131lda, Do\u011fu Akdeniz\u2019i \u00e7evreleyen topraklarda h\u00fck\u00fcm s\u00fcren uygarl\u0131klar b\u00fcy\u00fcyor, geli\u015fiyor, sava\u015f\u0131yor ve tarihte izlerini b\u0131rak\u0131yordu. Ge\u00e7 Tun\u00e7 \u00c7a\u011f\u0131\u2019n\u0131n bu b\u00fcy\u00fck devletleri, t\u0131pk\u0131 \u00fc\u00e7 bin<span class=\"excerpt-hellip\"> [\u2026]<\/span><\/p>\n","protected":false},"featured_media":0,"template":"","meta":{"_monsterinsights_skip_tracking":false,"_monsterinsights_sitenote_active":false,"_monsterinsights_sitenote_note":"","_monsterinsights_sitenote_category":0},"product_brand":[],"product_cat":[12370,12304],"product_tag":[],"class_list":{"0":"post-714414","1":"product","2":"type-product","3":"status-publish","5":"product_cat-arastirma-inceleme","6":"product_cat-tarih","7":"pa_cilt-ciltsiz","8":"pa_tur-kitap","9":"pa_yayinevi-bilge-kultur-sanat","10":"pa_yazar-eric-h-cline","12":"first","13":"instock","14":"sale","15":"shipping-taxable","16":"purchasable","17":"product-type-simple"},"_links":{"self":[{"href":"https:\/\/roveyayinevi.com.tr\/index.php\/wp-json\/wp\/v2\/product\/714414","targetHints":{"allow":["GET"]}}],"collection":[{"href":"https:\/\/roveyayinevi.com.tr\/index.php\/wp-json\/wp\/v2\/product"}],"about":[{"href":"https:\/\/roveyayinevi.com.tr\/index.php\/wp-json\/wp\/v2\/types\/product"}],"wp:attachment":[{"href":"https:\/\/roveyayinevi.com.tr\/index.php\/wp-json\/wp\/v2\/media?parent=714414"}],"wp:term":[{"taxonomy":"product_brand","embeddable":true,"href":"https:\/\/roveyayinevi.com.tr\/index.php\/wp-json\/wp\/v2\/product_brand?post=714414"},{"taxonomy":"product_cat","embeddable":true,"href":"https:\/\/roveyayinevi.com.tr\/index.php\/wp-json\/wp\/v2\/product_cat?post=714414"},{"taxonomy":"product_tag","embeddable":true,"href":"https:\/\/roveyayinevi.com.tr\/index.php\/wp-json\/wp\/v2\/product_tag?post=714414"}],"curies":[{"name":"wp","href":"https:\/\/api.w.org\/{rel}","templated":true}]}}