{"id":714412,"date":"2025-08-27T17:18:16","date_gmt":"2025-08-27T14:18:16","guid":{"rendered":"https:\/\/roveyayinevi.com.tr\/index.php\/urun\/hadi-baykuslarla-diyabet-konusalim\/"},"modified":"2026-04-16T02:22:49","modified_gmt":"2026-04-15T23:22:49","slug":"hadi-baykuslarla-diyabet-konusalim","status":"publish","type":"product","link":"https:\/\/roveyayinevi.com.tr\/index.php\/urun\/hadi-baykuslarla-diyabet-konusalim\/","title":{"rendered":"Hadi Bayku\u015flarla Diyabet Konu\u015fal\u0131m"},"content":{"rendered":"<p>New York Times \u00c7ok Satan Yazar\u0131ndan\u201cSedaris dikkate de\u011fer bi\u00e7imde ba\u015far\u0131l\u0131 bir hik\u00e2yeci ve anlay\u0131\u015fl\u0131 bir deneme yazar\u0131.\u201d-Los Angeles Times\u201cAmerika\u2019n\u0131n en komik yazar\u0131&#8230; Sedaris ak\u0131ll\u0131 ve tatl\u0131 olman\u0131n yan\u0131 s\u0131ra sinsice eg\u0306lenceli.\u201d-Leigh Haber, Oprah\u201cDavid Sedaris bir kez daha neden \u2018Amerika\u2019n\u0131n en komik yazar\u0131\u2019 oldu\u011funu g\u00f6steriyor.\u201d-O, the Oprah Magazine\u201cHadi Bayku\u015flarla Diyabet Konu\u015fal\u0131m bitirir bitirmez tekrar okumak isteyece\u011finiz t\u00fcrde bir kitap.\u201d-EsquireBir adam yemekli vagona girer ve\u2026Bu noktadan sonra hik\u00e2ye \u00e7ok farkl\u0131 y\u00f6nlere gidebilir. S\u00f6z konusu David Sedaris olunca, ihtimaller sonsuz ama sonu\u00e7 hep ayn\u0131: Sizi zek\u00e2s\u0131yla ve mizah anlay\u0131\u015f\u0131yla hem e\u011flendirir hem derinden etkiler.Sedaris babas\u0131n\u0131n ak\u015fam yeme\u011fi k\u0131l\u0131\u011f\u0131n\u0131 (g\u00f6mlek ve i\u00e7 \u00e7ama\u015f\u0131r\u0131), ilk kolonoskopisini (\u015fa\u015f\u0131rt\u0131c\u0131 \u015fekilde keyifli) ve cinayete kurban giden bir Pigme\u2019nin iskeletini sat\u0131n almay\u0131 nas\u0131l d\u00fc\u015f\u00fcnd\u00fc\u011f\u00fcn\u00fc anlat\u0131yor. Her an\u0131y\u0131 ustal\u0131kla sevgi hakk\u0131nda bir \u00f6yk\u00fcye d\u00f6n\u00fc\u015ft\u00fcr\u00fcyor: Birinin y\u0131llar boyunca sevdi\u011fi ve sevildi\u011fi bir ili\u015fkide bulunmas\u0131n\u0131n nas\u0131l bir his oldu\u011funu, bir ailenin par\u00e7as\u0131 olman\u0131n \u00f6nemini ve hayat\u0131n b\u00fct\u00fcn sa\u00e7mal\u0131klar\u0131na ra\u011fmen ki\u015finin kendisini sevmeyi \u00f6\u011frenmesinin nas\u0131l m\u00fcmk\u00fcn oldu\u011funu anlat\u0131yor.<\/p>\n","protected":false},"excerpt":{"rendered":"<p>New York Times \u00c7ok Satan Yazar\u0131ndan\u201cSedaris dikkate de\u011fer bi\u00e7imde ba\u015far\u0131l\u0131 bir hik\u00e2yeci ve anlay\u0131\u015fl\u0131 bir deneme yazar\u0131.\u201d-Los Angeles Times\u201cAmerika\u2019n\u0131n en komik yazar\u0131&#8230; Sedaris ak\u0131ll\u0131 ve tatl\u0131<span class=\"excerpt-hellip\"> [\u2026]<\/span><\/p>\n","protected":false},"featured_media":0,"template":"","meta":{"_monsterinsights_skip_tracking":false,"_monsterinsights_sitenote_active":false,"_monsterinsights_sitenote_note":"","_monsterinsights_sitenote_category":0},"product_brand":[],"product_cat":[18545,12291],"product_tag":[],"class_list":{"0":"post-714412","1":"product","2":"type-product","3":"status-publish","5":"product_cat-anlati","6":"product_cat-edebiyat","7":"pa_cilt-ciltsiz","8":"pa_tur-kitap","9":"pa_yayinevi-epsilon-yayinlari","10":"pa_yazar-david-sedaris","12":"first","13":"instock","14":"sale","15":"shipping-taxable","16":"purchasable","17":"product-type-simple"},"_links":{"self":[{"href":"https:\/\/roveyayinevi.com.tr\/index.php\/wp-json\/wp\/v2\/product\/714412","targetHints":{"allow":["GET"]}}],"collection":[{"href":"https:\/\/roveyayinevi.com.tr\/index.php\/wp-json\/wp\/v2\/product"}],"about":[{"href":"https:\/\/roveyayinevi.com.tr\/index.php\/wp-json\/wp\/v2\/types\/product"}],"wp:attachment":[{"href":"https:\/\/roveyayinevi.com.tr\/index.php\/wp-json\/wp\/v2\/media?parent=714412"}],"wp:term":[{"taxonomy":"product_brand","embeddable":true,"href":"https:\/\/roveyayinevi.com.tr\/index.php\/wp-json\/wp\/v2\/product_brand?post=714412"},{"taxonomy":"product_cat","embeddable":true,"href":"https:\/\/roveyayinevi.com.tr\/index.php\/wp-json\/wp\/v2\/product_cat?post=714412"},{"taxonomy":"product_tag","embeddable":true,"href":"https:\/\/roveyayinevi.com.tr\/index.php\/wp-json\/wp\/v2\/product_tag?post=714412"}],"curies":[{"name":"wp","href":"https:\/\/api.w.org\/{rel}","templated":true}]}}