{"id":714411,"date":"2025-08-27T17:18:15","date_gmt":"2025-08-27T14:18:15","guid":{"rendered":"https:\/\/roveyayinevi.com.tr\/index.php\/urun\/beyaz-geceler-kisaltilmis-metin\/"},"modified":"2026-04-16T02:22:49","modified_gmt":"2026-04-15T23:22:49","slug":"beyaz-geceler-kisaltilmis-metin","status":"publish","type":"product","link":"https:\/\/roveyayinevi.com.tr\/index.php\/urun\/beyaz-geceler-kisaltilmis-metin\/","title":{"rendered":"Beyaz Geceler (K\u0131salt\u0131lm\u0131\u015f Metin)"},"content":{"rendered":"<p>Rusya\u2019n\u0131n St. Petersburg kenti Kuzey Kutbu\u2019na o kadar yak\u0131nd\u0131r ki, yaz mevsiminde iki ay boyunca bu \u015fehirde neredeyse g\u00fcne\u015f batmaz. Beyaz geceler denilen bu \u00e7arp\u0131c\u0131 d\u00f6ng\u00fc, kentin y\u00fczlerce y\u0131ll\u0131k tarihi dokusuyla birle\u015fince ortaya b\u00fcy\u00fcl\u00fc bir atmosfer \u00e7\u0131kar. Hayalperest gen\u00e7 bir adam\u0131n kendini bu atmosfere kapt\u0131rmas\u0131 uzun s\u00fcrmez. \u0130\u015f d\u0131\u015f\u0131ndaki t\u00fcm zaman\u0131n\u0131 sokaklarda dola\u015farak ge\u00e7iren gen\u00e7 adam, sonunda \u00e7ok g\u00fczel bir gen\u00e7 k\u0131za rastlar. Bug\u00fcne dek yaz\u0131lm\u0131\u015f en zarif a\u015fk \u00f6yk\u00fclerinden biri&#8230;<\/p>\n","protected":false},"excerpt":{"rendered":"<p>Rusya\u2019n\u0131n St. Petersburg kenti Kuzey Kutbu\u2019na o kadar yak\u0131nd\u0131r ki, yaz mevsiminde iki ay boyunca bu \u015fehirde neredeyse g\u00fcne\u015f batmaz. Beyaz geceler denilen bu \u00e7arp\u0131c\u0131 d\u00f6ng\u00fc,<span class=\"excerpt-hellip\"> [\u2026]<\/span><\/p>\n","protected":false},"featured_media":0,"template":"","meta":{"_monsterinsights_skip_tracking":false,"_monsterinsights_sitenote_active":false,"_monsterinsights_sitenote_note":"","_monsterinsights_sitenote_category":0},"product_brand":[],"product_cat":[12274,12284],"product_tag":[],"class_list":{"0":"post-714411","1":"product","2":"type-product","3":"status-publish","5":"product_cat-cocuk-ve-genclik-kitaplari","6":"product_cat-hikayeler","7":"pa_cilt-ciltsiz","8":"pa_tur-kitap","9":"pa_yayinevi-is-bankasi-kultur-yayinlari","10":"pa_yazar-fyodor-mihaylovic-dostoyevski","12":"first","13":"instock","14":"sale","15":"shipping-taxable","16":"purchasable","17":"product-type-simple"},"_links":{"self":[{"href":"https:\/\/roveyayinevi.com.tr\/index.php\/wp-json\/wp\/v2\/product\/714411","targetHints":{"allow":["GET"]}}],"collection":[{"href":"https:\/\/roveyayinevi.com.tr\/index.php\/wp-json\/wp\/v2\/product"}],"about":[{"href":"https:\/\/roveyayinevi.com.tr\/index.php\/wp-json\/wp\/v2\/types\/product"}],"wp:attachment":[{"href":"https:\/\/roveyayinevi.com.tr\/index.php\/wp-json\/wp\/v2\/media?parent=714411"}],"wp:term":[{"taxonomy":"product_brand","embeddable":true,"href":"https:\/\/roveyayinevi.com.tr\/index.php\/wp-json\/wp\/v2\/product_brand?post=714411"},{"taxonomy":"product_cat","embeddable":true,"href":"https:\/\/roveyayinevi.com.tr\/index.php\/wp-json\/wp\/v2\/product_cat?post=714411"},{"taxonomy":"product_tag","embeddable":true,"href":"https:\/\/roveyayinevi.com.tr\/index.php\/wp-json\/wp\/v2\/product_tag?post=714411"}],"curies":[{"name":"wp","href":"https:\/\/api.w.org\/{rel}","templated":true}]}}