{"id":714410,"date":"2025-08-27T17:18:14","date_gmt":"2025-08-27T14:18:14","guid":{"rendered":"https:\/\/roveyayinevi.com.tr\/index.php\/urun\/gol-7-cocuklar-buyuklere-karsi\/"},"modified":"2026-04-16T02:22:49","modified_gmt":"2026-04-15T23:22:49","slug":"gol-7-cocuklar-buyuklere-karsi","status":"publish","type":"product","link":"https:\/\/roveyayinevi.com.tr\/index.php\/urun\/gol-7-cocuklar-buyuklere-karsi\/","title":{"rendered":"Gol! 7 : \u00c7ocuklar B\u00fcy\u00fcklere Kar\u015f\u0131!"},"content":{"rendered":"<p>Sekiz c\u0327ocu\u011fun maceralar\u0131, hayalleri ve en b\u00fcy\u00fck tutkular\u0131: Futbol!Tommi karar\u0131n\u0131 verdi: Bu y\u0131l So\u011fanc\u0131klar\u2019dan ayr\u0131l\u0131yor ve Inter gen\u00e7 tak\u0131m\u0131na kat\u0131l\u0131yor. S\u0327imdi kars\u0327\u0131s\u0131nda ger\u00e7ek bir b\u00f6lgesel \u015fampiyona var ve elbette hem tak\u0131m arkada\u015flar\u0131 hem de rakipleri futbolu fazlas\u0131yla ciddiye al\u0131yor&#8230; Ama \u00f6nce eski dostlar\u0131yla son bir unutulmaz mac\u0327a \u00e7\u0131kmas\u0131 gerekiyor: C\u0327ocuklar b\u00fcy\u00fcklere kars\u0327\u0131, ba\u015fka bir deyi\u015fle de&#8230; So\u011fanc\u0131klar, I\u0307ri So\u011fanlar\u2019a kars\u0327\u0131!<\/p>\n","protected":false},"excerpt":{"rendered":"<p>Sekiz c\u0327ocu\u011fun maceralar\u0131, hayalleri ve en b\u00fcy\u00fck tutkular\u0131: Futbol!Tommi karar\u0131n\u0131 verdi: Bu y\u0131l So\u011fanc\u0131klar\u2019dan ayr\u0131l\u0131yor ve Inter gen\u00e7 tak\u0131m\u0131na kat\u0131l\u0131yor. S\u0327imdi kars\u0327\u0131s\u0131nda ger\u00e7ek bir b\u00f6lgesel \u015fampiyona<span class=\"excerpt-hellip\"> [\u2026]<\/span><\/p>\n","protected":false},"featured_media":0,"template":"","meta":{"_monsterinsights_skip_tracking":false,"_monsterinsights_sitenote_active":false,"_monsterinsights_sitenote_note":"","_monsterinsights_sitenote_category":0},"product_brand":[],"product_cat":[12274,12284],"product_tag":[],"class_list":{"0":"post-714410","1":"product","2":"type-product","3":"status-publish","5":"product_cat-cocuk-ve-genclik-kitaplari","6":"product_cat-hikayeler","7":"pa_cilt-ciltsiz","8":"pa_tur-kitap","9":"pa_yayinevi-epsilon-yayinlari","10":"pa_yazar-luigi-garlando","12":"first","13":"instock","14":"sale","15":"shipping-taxable","16":"purchasable","17":"product-type-simple"},"_links":{"self":[{"href":"https:\/\/roveyayinevi.com.tr\/index.php\/wp-json\/wp\/v2\/product\/714410","targetHints":{"allow":["GET"]}}],"collection":[{"href":"https:\/\/roveyayinevi.com.tr\/index.php\/wp-json\/wp\/v2\/product"}],"about":[{"href":"https:\/\/roveyayinevi.com.tr\/index.php\/wp-json\/wp\/v2\/types\/product"}],"wp:attachment":[{"href":"https:\/\/roveyayinevi.com.tr\/index.php\/wp-json\/wp\/v2\/media?parent=714410"}],"wp:term":[{"taxonomy":"product_brand","embeddable":true,"href":"https:\/\/roveyayinevi.com.tr\/index.php\/wp-json\/wp\/v2\/product_brand?post=714410"},{"taxonomy":"product_cat","embeddable":true,"href":"https:\/\/roveyayinevi.com.tr\/index.php\/wp-json\/wp\/v2\/product_cat?post=714410"},{"taxonomy":"product_tag","embeddable":true,"href":"https:\/\/roveyayinevi.com.tr\/index.php\/wp-json\/wp\/v2\/product_tag?post=714410"}],"curies":[{"name":"wp","href":"https:\/\/api.w.org\/{rel}","templated":true}]}}