{"id":714405,"date":"2025-08-27T17:18:11","date_gmt":"2025-08-27T14:18:11","guid":{"rendered":"https:\/\/roveyayinevi.com.tr\/index.php\/urun\/yeni-atlantis-2\/"},"modified":"2026-04-06T12:44:32","modified_gmt":"2026-04-06T09:44:32","slug":"yeni-atlantis-2","status":"publish","type":"product","link":"https:\/\/roveyayinevi.com.tr\/index.php\/urun\/yeni-atlantis-2\/","title":{"rendered":"Yeni Atlantis"},"content":{"rendered":"<p>Francis Bacon\u2019\u0131n Yeni Atlantis\u2019i, halk\u0131n bilimle birlikte mutlu bir \u015fekilde ya\u015fad\u0131\u011f\u0131 Bensalem ad\u0131 verilen hayali bir \u00fclkede ge\u00e7en \u00fctopyac\u0131 bir hik\u00e2yedir. Bacon\u2019\u0131n \u00f6l\u00fcm\u00fcn\u00fcn ard\u0131ndan, ilk defa 1627\u2019de yay\u0131mlanm\u0131\u015ft\u0131r. Bacon Yeni Atlantis\u2019te \u00f6zellikle, devletin bilimi desteklemesine ve bunun \u00f6nemine odaklan\u0131r. T\u0131pta, cerrahide, meteorolojide ve mekanikteki pek \u00e7ok geli\u015fmeyi \u00f6ng\u00f6rm\u00fc\u015ft\u00fcr. Yeni Atlantis bir ideal devlet ve toplum modeli olmas\u0131n\u0131n yan\u0131nda Bacon\u2019\u0131n ideolojisini de temsil eder. Bensalem halk\u0131, deneyimli bir politikac\u0131 olan Bacon\u2019\u0131n ideal niteliklere sahip yurtta\u015f kavram\u0131n\u0131 \u00f6rnekler: c\u00f6mert, ayd\u0131nlanm\u0131\u015f, haysiyetli ve dindar. Bunlar Bacon\u2019\u0131n 17. y\u00fczy\u0131lda \u0130ngiltere\u2019de g\u00f6rmek istedi\u011fi niteliklerdir. Bacon Yeni Atlantis\u2019te Platon, Aristoteles ve di\u011fer ilk\u00e7a\u011f filozoflar\u0131n\u0131n insanlar\u0131n arzular\u0131n\u0131n pe\u015finde daha az ko\u015fmas\u0131 gerekti\u011fi y\u00f6n\u00fcndeki g\u00f6r\u00fc\u015flerine kat\u0131lmaz; \u00e7\u00fcnk\u00fc ona g\u00f6re, bilimdeki muazzam ilerlemeler sa\u011flad\u0131klar\u0131 \u015feylerle bedensel arzular\u0131 yat\u0131\u015ft\u0131racak ve insan\u0131n a\u00e7g\u00f6zl\u00fcl\u00fc\u011f\u00fcn\u00fc tatmin edecektir. Bacon\u2019a g\u00f6re, insan\u0131 ahlaki olarak daha y\u00fcksek bir duruma getirmeye \u00e7al\u0131\u015fmak enerji ve zaman kayb\u0131d\u0131r. Sonu\u00e7 olarak, Bacon bilimin ilerlemesini, insanl\u0131\u011f\u0131n do\u011fa \u00fczerindeki kontrol\u00fcn\u00fc art\u0131rman\u0131n ve t\u00fcm insanlar\u0131n rahat\u0131n\u0131 ve huzurunu sa\u011flaman\u0131n en iyi yolu olarak g\u00f6rmekte ve bilimsel ilerlemeye adanm\u0131\u015f \u0130ngiltere Kraliyet Toplulu\u011fu gibi kurumlar da Bacon\u2019\u0131n \u00fctopyac\u0131 vizyonunun cisimle\u015fti\u011fi kurumlar olarak kabul edilmektedir. Yeni Atlantis \u00fctopyas\u0131, bilimin d\u00fcnyadaki k\u00f6t\u00fcl\u00fcklere bir \u00e7\u00f6z\u00fcm oldu\u011fu d\u00fc\u015f\u00fcncesinin alt\u0131n\u0131 \u00e7izmektedir.<\/p>\n","protected":false},"excerpt":{"rendered":"<p>Francis Bacon\u2019\u0131n Yeni Atlantis\u2019i, halk\u0131n bilimle birlikte mutlu bir \u015fekilde ya\u015fad\u0131\u011f\u0131 Bensalem ad\u0131 verilen hayali bir \u00fclkede ge\u00e7en \u00fctopyac\u0131 bir hik\u00e2yedir. Bacon\u2019\u0131n \u00f6l\u00fcm\u00fcn\u00fcn ard\u0131ndan, ilk defa<span class=\"excerpt-hellip\"> [\u2026]<\/span><\/p>\n","protected":false},"featured_media":0,"template":"","meta":{"_monsterinsights_skip_tracking":false,"_monsterinsights_sitenote_active":false,"_monsterinsights_sitenote_note":"","_monsterinsights_sitenote_category":0},"product_brand":[],"product_cat":[12567,12566],"product_tag":[],"class_list":{"0":"post-714405","1":"product","2":"type-product","3":"status-publish","5":"product_cat-diger-egitim","6":"product_cat-egitim","7":"pa_cilt-ciltsiz","8":"pa_tur-kitap","9":"pa_yayinevi-say-yayinlari","10":"pa_yazar-francis-bacon","12":"first","13":"instock","14":"sale","15":"shipping-taxable","16":"purchasable","17":"product-type-simple"},"_links":{"self":[{"href":"https:\/\/roveyayinevi.com.tr\/index.php\/wp-json\/wp\/v2\/product\/714405","targetHints":{"allow":["GET"]}}],"collection":[{"href":"https:\/\/roveyayinevi.com.tr\/index.php\/wp-json\/wp\/v2\/product"}],"about":[{"href":"https:\/\/roveyayinevi.com.tr\/index.php\/wp-json\/wp\/v2\/types\/product"}],"wp:attachment":[{"href":"https:\/\/roveyayinevi.com.tr\/index.php\/wp-json\/wp\/v2\/media?parent=714405"}],"wp:term":[{"taxonomy":"product_brand","embeddable":true,"href":"https:\/\/roveyayinevi.com.tr\/index.php\/wp-json\/wp\/v2\/product_brand?post=714405"},{"taxonomy":"product_cat","embeddable":true,"href":"https:\/\/roveyayinevi.com.tr\/index.php\/wp-json\/wp\/v2\/product_cat?post=714405"},{"taxonomy":"product_tag","embeddable":true,"href":"https:\/\/roveyayinevi.com.tr\/index.php\/wp-json\/wp\/v2\/product_tag?post=714405"}],"curies":[{"name":"wp","href":"https:\/\/api.w.org\/{rel}","templated":true}]}}