{"id":714401,"date":"2025-08-27T17:18:09","date_gmt":"2025-08-27T14:18:09","guid":{"rendered":"https:\/\/roveyayinevi.com.tr\/index.php\/urun\/sosyal-kelebek-minik-adimlar\/"},"modified":"2025-11-06T04:50:11","modified_gmt":"2025-11-06T01:50:11","slug":"sosyal-kelebek-minik-adimlar","status":"publish","type":"product","link":"https:\/\/roveyayinevi.com.tr\/index.php\/urun\/sosyal-kelebek-minik-adimlar\/","title":{"rendered":"Sosyal Kelebek-Minik Ad\u0131mlar"},"content":{"rendered":"<p>Dora \u00e7evresinde birilerinin olmas\u0131na bay\u0131l\u0131yor\u2026 Kendine yeni arkada\u015flar edinmekte de hi\u00e7 zorlanm\u0131yor\u2026 Okulu da seviyor Dora ama arkada\u015flar\u0131yla s\u00fcrekli konu\u015fup g\u00fcl\u00fc\u015fmesi y\u00fcz\u00fcnden o ve arkada\u015flar\u0131 t\u00fcrl\u00fc t\u00fcrl\u00fc sorunlar ya\u015f\u0131yorlar. Ama bir g\u00fcn Dora de\u011fi\u015fmek zorunda kal\u0131yor\u2026   Minik Ad\u0131mlar dizisinde yer alan kitaplar, \u00e7ocuklar\u0131m\u0131z\u0131n \u00e7e\u015fitli konularda kendilerini geli\u015ftirmeleri i\u00e7in yol g\u00f6steriyor.<\/p>\n","protected":false},"excerpt":{"rendered":"<p>Dora \u00e7evresinde birilerinin olmas\u0131na bay\u0131l\u0131yor\u2026 Kendine yeni arkada\u015flar edinmekte de hi\u00e7 zorlanm\u0131yor\u2026 Okulu da seviyor Dora ama arkada\u015flar\u0131yla s\u00fcrekli konu\u015fup g\u00fcl\u00fc\u015fmesi y\u00fcz\u00fcnden o ve arkada\u015flar\u0131 t\u00fcrl\u00fc<span class=\"excerpt-hellip\"> [\u2026]<\/span><\/p>\n","protected":false},"featured_media":0,"template":"","meta":{"_monsterinsights_skip_tracking":false,"_monsterinsights_sitenote_active":false,"_monsterinsights_sitenote_note":"","_monsterinsights_sitenote_category":0},"product_brand":[],"product_cat":[12274,12518],"product_tag":[],"class_list":{"0":"post-714401","1":"product","2":"type-product","3":"status-publish","5":"product_cat-cocuk-ve-genclik-kitaplari","6":"product_cat-okul-oncesi-kitaplar","7":"pa_cilt-ciltsiz","8":"pa_tur-kitap","9":"pa_yayinevi-1001-cicek-kitaplar","10":"pa_yazar-beth-bracken","12":"first","13":"instock","14":"sale","15":"shipping-taxable","16":"purchasable","17":"product-type-simple"},"_links":{"self":[{"href":"https:\/\/roveyayinevi.com.tr\/index.php\/wp-json\/wp\/v2\/product\/714401","targetHints":{"allow":["GET"]}}],"collection":[{"href":"https:\/\/roveyayinevi.com.tr\/index.php\/wp-json\/wp\/v2\/product"}],"about":[{"href":"https:\/\/roveyayinevi.com.tr\/index.php\/wp-json\/wp\/v2\/types\/product"}],"wp:attachment":[{"href":"https:\/\/roveyayinevi.com.tr\/index.php\/wp-json\/wp\/v2\/media?parent=714401"}],"wp:term":[{"taxonomy":"product_brand","embeddable":true,"href":"https:\/\/roveyayinevi.com.tr\/index.php\/wp-json\/wp\/v2\/product_brand?post=714401"},{"taxonomy":"product_cat","embeddable":true,"href":"https:\/\/roveyayinevi.com.tr\/index.php\/wp-json\/wp\/v2\/product_cat?post=714401"},{"taxonomy":"product_tag","embeddable":true,"href":"https:\/\/roveyayinevi.com.tr\/index.php\/wp-json\/wp\/v2\/product_tag?post=714401"}],"curies":[{"name":"wp","href":"https:\/\/api.w.org\/{rel}","templated":true}]}}