{"id":714399,"date":"2025-08-27T17:18:07","date_gmt":"2025-08-27T14:18:07","guid":{"rendered":"https:\/\/roveyayinevi.com.tr\/index.php\/urun\/istedigini-giymek-isteyen-eda-minik-adimlar\/"},"modified":"2026-04-16T02:22:49","modified_gmt":"2026-04-15T23:22:49","slug":"istedigini-giymek-isteyen-eda-minik-adimlar","status":"publish","type":"product","link":"https:\/\/roveyayinevi.com.tr\/index.php\/urun\/istedigini-giymek-isteyen-eda-minik-adimlar\/","title":{"rendered":"\u0130stedi\u011fini Giymek \u0130steyen Eda &#8211; Minik Ad\u0131mlar"},"content":{"rendered":"<p>Eda\u2019n\u0131n \u00e7ok sevdi\u011fi bir pijamas\u0131 var\u2026 Nas\u0131l rahat, nas\u0131l rahat bilemezsiniz. Pijamas\u0131n\u0131 \u00f6yle \u00e7ok seviyor ki Eda, \u00fczerinden \u00e7\u0131karmay\u0131 hi\u00e7 istemiyor, hatta annesinin kendisine \u00f6nerdi\u011fi giysileri be\u011fenmeyip okula bile pembe pijamas\u0131yla gitmeyi istiyor. Ama bir g\u00fcn Eda okula pijamayla gitmenin o kadar da iyi bir fikir olmad\u0131\u011f\u0131n\u0131 anl\u0131yor\u2026   Minik Ad\u0131mlar dizisinde yer alan kitaplar, \u00e7ocuklar\u0131m\u0131z\u0131n \u00e7e\u015fitli konularda kendilerini geli\u015ftirmeleri i\u00e7in yol g\u00f6steriyor.<\/p>\n","protected":false},"excerpt":{"rendered":"<p>Eda\u2019n\u0131n \u00e7ok sevdi\u011fi bir pijamas\u0131 var\u2026 Nas\u0131l rahat, nas\u0131l rahat bilemezsiniz. Pijamas\u0131n\u0131 \u00f6yle \u00e7ok seviyor ki Eda, \u00fczerinden \u00e7\u0131karmay\u0131 hi\u00e7 istemiyor, hatta annesinin kendisine \u00f6nerdi\u011fi giysileri<span class=\"excerpt-hellip\"> [\u2026]<\/span><\/p>\n","protected":false},"featured_media":0,"template":"","meta":{"_monsterinsights_skip_tracking":false,"_monsterinsights_sitenote_active":false,"_monsterinsights_sitenote_note":"","_monsterinsights_sitenote_category":0},"product_brand":[],"product_cat":[12274,12518],"product_tag":[],"class_list":{"0":"post-714399","1":"product","2":"type-product","3":"status-publish","5":"product_cat-cocuk-ve-genclik-kitaplari","6":"product_cat-okul-oncesi-kitaplar","7":"pa_cilt-ciltsiz","8":"pa_tur-kitap","9":"pa_yayinevi-1001-cicek-kitaplar","10":"pa_yazar-julie-gassman","12":"first","13":"instock","14":"sale","15":"shipping-taxable","16":"purchasable","17":"product-type-simple"},"_links":{"self":[{"href":"https:\/\/roveyayinevi.com.tr\/index.php\/wp-json\/wp\/v2\/product\/714399","targetHints":{"allow":["GET"]}}],"collection":[{"href":"https:\/\/roveyayinevi.com.tr\/index.php\/wp-json\/wp\/v2\/product"}],"about":[{"href":"https:\/\/roveyayinevi.com.tr\/index.php\/wp-json\/wp\/v2\/types\/product"}],"wp:attachment":[{"href":"https:\/\/roveyayinevi.com.tr\/index.php\/wp-json\/wp\/v2\/media?parent=714399"}],"wp:term":[{"taxonomy":"product_brand","embeddable":true,"href":"https:\/\/roveyayinevi.com.tr\/index.php\/wp-json\/wp\/v2\/product_brand?post=714399"},{"taxonomy":"product_cat","embeddable":true,"href":"https:\/\/roveyayinevi.com.tr\/index.php\/wp-json\/wp\/v2\/product_cat?post=714399"},{"taxonomy":"product_tag","embeddable":true,"href":"https:\/\/roveyayinevi.com.tr\/index.php\/wp-json\/wp\/v2\/product_tag?post=714399"}],"curies":[{"name":"wp","href":"https:\/\/api.w.org\/{rel}","templated":true}]}}