{"id":714398,"date":"2025-08-27T17:18:07","date_gmt":"2025-08-27T14:18:07","guid":{"rendered":"https:\/\/roveyayinevi.com.tr\/index.php\/urun\/minik-adimlar-durmadan-konusan-lila\/"},"modified":"2026-04-16T02:22:49","modified_gmt":"2026-04-15T23:22:49","slug":"minik-adimlar-durmadan-konusan-lila","status":"publish","type":"product","link":"https:\/\/roveyayinevi.com.tr\/index.php\/urun\/minik-adimlar-durmadan-konusan-lila\/","title":{"rendered":"Minik Ad\u0131mlar \u2013 Durmadan Konu\u015fan Lila"},"content":{"rendered":"<p>Lila hi\u00e7 susmuyor\u2026 Konu\u015fuyor, konu\u015fuyor, konu\u015fuyor, konu\u015fuyor\u2026 \u00d6yle \u00e7ok konu\u015fuyor ki, ne yapmas\u0131 gerekenleri zaman\u0131nda yapabiliyor ne de \u00e7evresindekiler herhangi bir \u015fey anlatma f\u0131rsat\u0131 bulabiliyor. Ama bir g\u00fcn baz\u0131 \u015feyler de\u011fi\u015fmeye ba\u015fl\u0131yor\u2026   Minik Ad\u0131mlar dizisinde yer alan kitaplar, \u00e7ocuklar\u0131m\u0131z\u0131n \u00e7e\u015fitli konularda kendilerini geli\u015ftirmeleri i\u00e7in yol g\u00f6steriyor.<\/p>\n","protected":false},"excerpt":{"rendered":"<p>Lila hi\u00e7 susmuyor\u2026 Konu\u015fuyor, konu\u015fuyor, konu\u015fuyor, konu\u015fuyor\u2026 \u00d6yle \u00e7ok konu\u015fuyor ki, ne yapmas\u0131 gerekenleri zaman\u0131nda yapabiliyor ne de \u00e7evresindekiler herhangi bir \u015fey anlatma f\u0131rsat\u0131 bulabiliyor. Ama<span class=\"excerpt-hellip\"> [\u2026]<\/span><\/p>\n","protected":false},"featured_media":0,"template":"","meta":{"_monsterinsights_skip_tracking":false,"_monsterinsights_sitenote_active":false,"_monsterinsights_sitenote_note":"","_monsterinsights_sitenote_category":0},"product_brand":[],"product_cat":[12274,12518],"product_tag":[],"class_list":{"0":"post-714398","1":"product","2":"type-product","3":"status-publish","5":"product_cat-cocuk-ve-genclik-kitaplari","6":"product_cat-okul-oncesi-kitaplar","7":"pa_cilt-ciltsiz","8":"pa_tur-kitap","9":"pa_yayinevi-1001-cicek-kitaplar","10":"pa_yazar-christianne-jones-kelly-canby","12":"first","13":"instock","14":"sale","15":"shipping-taxable","16":"purchasable","17":"product-type-simple"},"_links":{"self":[{"href":"https:\/\/roveyayinevi.com.tr\/index.php\/wp-json\/wp\/v2\/product\/714398","targetHints":{"allow":["GET"]}}],"collection":[{"href":"https:\/\/roveyayinevi.com.tr\/index.php\/wp-json\/wp\/v2\/product"}],"about":[{"href":"https:\/\/roveyayinevi.com.tr\/index.php\/wp-json\/wp\/v2\/types\/product"}],"wp:attachment":[{"href":"https:\/\/roveyayinevi.com.tr\/index.php\/wp-json\/wp\/v2\/media?parent=714398"}],"wp:term":[{"taxonomy":"product_brand","embeddable":true,"href":"https:\/\/roveyayinevi.com.tr\/index.php\/wp-json\/wp\/v2\/product_brand?post=714398"},{"taxonomy":"product_cat","embeddable":true,"href":"https:\/\/roveyayinevi.com.tr\/index.php\/wp-json\/wp\/v2\/product_cat?post=714398"},{"taxonomy":"product_tag","embeddable":true,"href":"https:\/\/roveyayinevi.com.tr\/index.php\/wp-json\/wp\/v2\/product_tag?post=714398"}],"curies":[{"name":"wp","href":"https:\/\/api.w.org\/{rel}","templated":true}]}}