{"id":714394,"date":"2025-08-27T17:18:04","date_gmt":"2025-08-27T14:18:04","guid":{"rendered":"https:\/\/roveyayinevi.com.tr\/index.php\/urun\/bizim-evin-halleri\/"},"modified":"2026-04-03T02:28:59","modified_gmt":"2026-04-02T23:28:59","slug":"bizim-evin-halleri","status":"publish","type":"product","link":"https:\/\/roveyayinevi.com.tr\/index.php\/urun\/bizim-evin-halleri\/","title":{"rendered":"Bizim Evin Halleri"},"content":{"rendered":"<p>Bayramlarda hep b\u00f6yle s\u00f6ylerdi babam: Bug\u00fcn bayram, bir ka\u015f\u0131k ayran, bana da yeter, size de yeter. Ne demekti bu? Ayran da nereden \u00e7\u0131k\u0131yordu? Yoksa eskiden bayramlarda ayran m\u0131 i\u00e7iliyordu? E\u011fer \u00f6yleyse biz neden ayrans\u0131z bayram yap\u0131yorduk? Ve bir ka\u015f\u0131k ayran bir ki\u015fiye bile yetmeyecek kadar azken, birka\u00e7 ki\u015fiye nas\u0131l yeterdi? Bu s\u00f6z\u00fcn anlam\u0131n\u0131 hi\u00e7 d\u00fc\u015f\u00fcnmeden babama kat\u0131l\u0131r, onunla birlikte biz de tekrarlard\u0131k: Bug\u00fcn bayram, bir ka\u015f\u0131k ayran\u2026\u201d  <\/p>\n","protected":false},"excerpt":{"rendered":"<p>Bayramlarda hep b\u00f6yle s\u00f6ylerdi babam: Bug\u00fcn bayram, bir ka\u015f\u0131k ayran, bana da yeter, size de yeter. Ne demekti bu? Ayran da nereden \u00e7\u0131k\u0131yordu? Yoksa eskiden bayramlarda<span class=\"excerpt-hellip\"> [\u2026]<\/span><\/p>\n","protected":false},"featured_media":0,"template":"","meta":{"_monsterinsights_skip_tracking":false,"_monsterinsights_sitenote_active":false,"_monsterinsights_sitenote_note":"","_monsterinsights_sitenote_category":0},"product_brand":[],"product_cat":[12274,12284],"product_tag":[],"class_list":{"0":"post-714394","1":"product","2":"type-product","3":"status-publish","5":"product_cat-cocuk-ve-genclik-kitaplari","6":"product_cat-hikayeler","7":"pa_cilt-ciltsiz","8":"pa_tur-kitap","9":"pa_yayinevi-fom-kitap","10":"pa_yazar-mustafa-hakki-kurt","12":"first","13":"instock","14":"sale","15":"shipping-taxable","16":"purchasable","17":"product-type-simple"},"_links":{"self":[{"href":"https:\/\/roveyayinevi.com.tr\/index.php\/wp-json\/wp\/v2\/product\/714394","targetHints":{"allow":["GET"]}}],"collection":[{"href":"https:\/\/roveyayinevi.com.tr\/index.php\/wp-json\/wp\/v2\/product"}],"about":[{"href":"https:\/\/roveyayinevi.com.tr\/index.php\/wp-json\/wp\/v2\/types\/product"}],"wp:attachment":[{"href":"https:\/\/roveyayinevi.com.tr\/index.php\/wp-json\/wp\/v2\/media?parent=714394"}],"wp:term":[{"taxonomy":"product_brand","embeddable":true,"href":"https:\/\/roveyayinevi.com.tr\/index.php\/wp-json\/wp\/v2\/product_brand?post=714394"},{"taxonomy":"product_cat","embeddable":true,"href":"https:\/\/roveyayinevi.com.tr\/index.php\/wp-json\/wp\/v2\/product_cat?post=714394"},{"taxonomy":"product_tag","embeddable":true,"href":"https:\/\/roveyayinevi.com.tr\/index.php\/wp-json\/wp\/v2\/product_tag?post=714394"}],"curies":[{"name":"wp","href":"https:\/\/api.w.org\/{rel}","templated":true}]}}