{"id":714393,"date":"2025-08-27T17:18:03","date_gmt":"2025-08-27T14:18:03","guid":{"rendered":"https:\/\/roveyayinevi.com.tr\/index.php\/urun\/dijimorfoz-dijital-donusum-uzerine-notlar\/"},"modified":"2026-04-16T02:22:49","modified_gmt":"2026-04-15T23:22:49","slug":"dijimorfoz-dijital-donusum-uzerine-notlar","status":"publish","type":"product","link":"https:\/\/roveyayinevi.com.tr\/index.php\/urun\/dijimorfoz-dijital-donusum-uzerine-notlar\/","title":{"rendered":"Dijimorfoz Dijital D\u00f6nu\u0308\u015fu\u0308m \u00dczerine Notlar"},"content":{"rendered":"<p>Gu\u0308nu\u0308mu\u0308z ileti\u015fim ara\u00e7lar\u0131, hayal edilmesi zor bir h\u0131zla, toplumlar\u0131 d\u00f6nu\u0308\u015ftu\u0308rdu\u0308. Sabah uyand\u0131\u011f\u0131m\u0131zda ilk i\u015fimiz cep telefonumuza uzanmak oluyor. \u0130\u015f yap\u0131\u015f \u015feklimizde\u011fi\u015fti. De\u011fer yarg\u0131lar\u0131m\u0131z da \u00f6yle. Hislerimizi \u00e7izgi suratlarla, renkli kalplerle ve ba\u015f parmak hareketleriyle anlat\u0131yoruz. Hep birlikte, her \u015feyimizle d\u00f6nu\u0308\u015fu\u0308yoruz.Elinizde tuttu\u011funuz kitap, iki ileti\u015fimcinin tan\u0131kl\u0131k etti\u011fi dijital d\u00f6nu\u0308\u015fu\u0308me dair notlar\u0131ndan olu\u015fmakta. Akademide u\u0308zerine kafa yorduklar\u0131 teorileri test edebildikleri mini bir laboratuvardan a\u00e7\u0131lan pencere ile pek \u00e7ok uluslararas\u0131 markaya ileti\u015fim dan\u0131\u015fmanl\u0131\u011f\u0131 yapmaya giden yolda, \u00f6nemli g\u00f6rdu\u0308kleri tarihlere ve olaylara diktikleri mihenk ta\u015flar\u0131&#8230; Du\u0308nyaya ve Tu\u0308rkiye\u2019ye dair sosyal olaylar\u0131n, bireysel tespitlerin, profesyonel vaka \u00e7al\u0131\u015fmalar\u0131n\u0131n bir karmas\u0131; kimi zaman bir gu\u0308nlu\u0308k tad\u0131nda, kimi zaman ise akademik dilde bir makale \u015feklinde kar\u015f\u0131n\u0131za \u00e7\u0131k\u0131yor. Bir sonraki ad\u0131m\u0131n\u0131z\u0131 atmadan \u00f6nce durup du\u0308\u015fu\u0308nmek istedi\u011finizde okumu\u015f olmay\u0131 dileyece\u011finiz bir eser. <\/p>\n","protected":false},"excerpt":{"rendered":"<p>Gu\u0308nu\u0308mu\u0308z ileti\u015fim ara\u00e7lar\u0131, hayal edilmesi zor bir h\u0131zla, toplumlar\u0131 d\u00f6nu\u0308\u015ftu\u0308rdu\u0308. Sabah uyand\u0131\u011f\u0131m\u0131zda ilk i\u015fimiz cep telefonumuza uzanmak oluyor. \u0130\u015f yap\u0131\u015f \u015feklimizde\u011fi\u015fti. De\u011fer yarg\u0131lar\u0131m\u0131z da \u00f6yle. Hislerimizi<span class=\"excerpt-hellip\"> [\u2026]<\/span><\/p>\n","protected":false},"featured_media":0,"template":"","meta":{"_monsterinsights_skip_tracking":false,"_monsterinsights_sitenote_active":false,"_monsterinsights_sitenote_note":"","_monsterinsights_sitenote_category":0},"product_brand":[],"product_cat":[15983,13488],"product_tag":[],"class_list":{"0":"post-714393","1":"product","2":"type-product","3":"status-publish","5":"product_cat-iletisim-ve-medya","6":"product_cat-toplum-ve-insan","7":"pa_cilt-ciltsiz","8":"pa_tur-kitap","9":"pa_yayinevi-abakus-kitap","10":"pa_yazar-sertac-ogut-necmi-emel-dilmen","12":"first","13":"instock","14":"sale","15":"shipping-taxable","16":"purchasable","17":"product-type-simple"},"_links":{"self":[{"href":"https:\/\/roveyayinevi.com.tr\/index.php\/wp-json\/wp\/v2\/product\/714393","targetHints":{"allow":["GET"]}}],"collection":[{"href":"https:\/\/roveyayinevi.com.tr\/index.php\/wp-json\/wp\/v2\/product"}],"about":[{"href":"https:\/\/roveyayinevi.com.tr\/index.php\/wp-json\/wp\/v2\/types\/product"}],"wp:attachment":[{"href":"https:\/\/roveyayinevi.com.tr\/index.php\/wp-json\/wp\/v2\/media?parent=714393"}],"wp:term":[{"taxonomy":"product_brand","embeddable":true,"href":"https:\/\/roveyayinevi.com.tr\/index.php\/wp-json\/wp\/v2\/product_brand?post=714393"},{"taxonomy":"product_cat","embeddable":true,"href":"https:\/\/roveyayinevi.com.tr\/index.php\/wp-json\/wp\/v2\/product_cat?post=714393"},{"taxonomy":"product_tag","embeddable":true,"href":"https:\/\/roveyayinevi.com.tr\/index.php\/wp-json\/wp\/v2\/product_tag?post=714393"}],"curies":[{"name":"wp","href":"https:\/\/api.w.org\/{rel}","templated":true}]}}