{"id":714392,"date":"2025-08-27T17:18:03","date_gmt":"2025-08-27T14:18:03","guid":{"rendered":"https:\/\/roveyayinevi.com.tr\/index.php\/urun\/baslangic-duzeyi-algoritma-temelli-adim-adim-kodlama-4lu-kitap-seti\/"},"modified":"2026-04-16T02:22:49","modified_gmt":"2026-04-15T23:22:49","slug":"baslangic-duzeyi-algoritma-temelli-adim-adim-kodlama-4lu-kitap-seti","status":"publish","type":"product","link":"https:\/\/roveyayinevi.com.tr\/index.php\/urun\/baslangic-duzeyi-algoritma-temelli-adim-adim-kodlama-4lu-kitap-seti\/","title":{"rendered":"Ba\u015flang\u0131\u00e7 D\u00fczeyi Algoritma Temelli Ad\u0131m Ad\u0131m Kodlama 4&#8217;l\u00fc Kitap Seti"},"content":{"rendered":"<p>Ad\u0131m ad\u0131m kodlama kitab\u0131 T\u00fcrkiye&#8217;de i\u015fetsel alg\u0131 geli\u015fiminde \u00fcretilen \u00e7ok \u00f6zel bir \u00fcr\u00fcnd\u00fcr. Dikkat At\u00f6lyesi Yay\u0131nlar\u0131 kodlama kitaplar\u0131 \u00e7ocu\u011funuzla ba\u011f kurman\u0131n, onlarla e\u011flenceli vakit ge\u00e7irmenin en kolay yolu. S\u00fcrekli bu tarz etkinlikler yapmak dikkat ve odaklanma, mant\u0131k, kritik d\u00fc\u015f\u00fcnme, \u00e7\u0131kar\u0131m yapma ve matematik becerisine katk\u0131 sa\u011flar.\u2022 Algoritma \u00e7al\u0131\u015fmalar\u0131 \u00e7ocuklarda ince motor geli\u015fimi, dikkat ve odaklanma, hayal g\u00fcc\u00fc, yer ve y\u00f6n kavram\u0131, matematiksel beceri geli\u015fimi gibi konularda etkilidir.\u2022 H\u00fccreler \u00fczerindeki \u00e7izimleri yaparken oklar\u0131n y\u00f6n\u00fc ve h\u00fccrelerin say\u0131s\u0131, say\u0131 sayma becerisini geli\u015ftirir.\u2022 H\u00fccrelerdeki algoritmay\u0131 yaparak boyamak hem resim yapma becerisini hem de hayal g\u00fcc\u00fcn\u00fc geli\u015ftirir.\u2022 Ad\u0131m ad\u0131m kodlamaya girerken olu\u015fturulan algoritmalar \u00e7ocuklarda kodlaman\u0131n mant\u0131\u011f\u0131n\u0131 anlamay\u0131 sa\u011flar.\u2022 \u0130\u015fitsel alg\u0131 becerisinin geli\u015fmesi i\u00e7in algoritmay\u0131 \u00e7ocu\u011fa sesli bir \u015fekilde s\u00f6yleyip onun yapmas\u0131n\u0131 sa\u011flay\u0131n. Bu \u00e7al\u0131\u015fma onun hem dikkatini hem de y\u00f6nergeleri almas\u0131n\u0131 artt\u0131racakt\u0131r.\u2022 Dikkat ve odaklanma becerisinin geli\u015fmesi i\u00e7in y\u00f6nerge takibi olduk\u00e7a \u00f6nemli bir egzersizdir. Bu tarzda ne kadar \u00e7ok etkinlik yap\u0131l\u0131rsa \u00e7ocu\u011fun dikkat ve odaklanmas\u0131 o \u00f6l\u00e7\u00fcde artar.\u2022 Grafik dikte \u00e7al\u0131\u015fmalar\u0131 \u00e7ocuklarda ince motor geli\u015fimine katk\u0131 sa\u011flar. Ellerinin hareketlerini koordine etme becerisine yard\u0131mc\u0131 olur. Bu da okul d\u00f6neminde daha iyi yaz\u0131 yazma becerisini geli\u015ftirir. Grafik Dikte \u00c7al\u0131smas\u0131 Nas\u0131l Yap\u0131lmal\u0131?\u2022 Bireysel \u00e7al\u0131\u015fmalarda y\u00f6nergelere g\u00f6re \u015fekil tamamlan\u0131r. \u0130ste\u011fe ba\u011fl\u0131 olarakba\u015flang\u0131\u00e7 noktas\u0131ndan verilen boyama yap\u0131l\u0131r. Yap\u0131lan \u00e7al\u0131\u015fmadan sonra arka sayfas\u0131na ayn\u0131 etkinli\u011fi kendisinin yapmas\u0131 istenir. (Zaman zaman \u00f6n sayfadaki \u00e7izime bak\u0131labilir.)\u2022 Grup \u00e7al\u0131\u015fmalar\u0131nda gibi grup olarak da \u00e7al\u0131\u015fma yap\u0131labilir. Grup \u00e7al\u0131\u015fmalar\u0131bireysel metod tercih edilebilece\u011fi \u00e7ocuklar\u0131n i\u015fitsel alg\u0131s\u0131n\u0131 geli\u015ftirir.\u2022 Grup \u00e7al\u0131\u015fmas\u0131nda i\u015fitsel alg\u0131 geli\u015fimi: \u00d6\u011fretmen sesli bir \u015fekilde ok y\u00f6nlerinin hangi y\u00f6ne ve ka\u00e7 h\u00fccre gidece\u011fini s\u00f6yleyerek algoritma \u00e7al\u0131\u015fmas\u0131n\u0131 tamamlar. \u00d6\u011frenciler h\u0131zl\u0131 bir \u015fekilde \u00f6\u011fretmenin y\u00f6nergelerini duyup uygular. \u00d6\u011fretmen daha sonra ortaya \u00e7\u0131kan \u015feklin boyanmas\u0131n\u0131 ister. Son olarak herkesin ortaya koydu\u011fu \u00e7al\u0131\u015fmay\u0131 kontrol eder.<\/p>\n","protected":false},"excerpt":{"rendered":"<p>Ad\u0131m ad\u0131m kodlama kitab\u0131 T\u00fcrkiye&#8217;de i\u015fetsel alg\u0131 geli\u015fiminde \u00fcretilen \u00e7ok \u00f6zel bir \u00fcr\u00fcnd\u00fcr. Dikkat At\u00f6lyesi Yay\u0131nlar\u0131 kodlama kitaplar\u0131 \u00e7ocu\u011funuzla ba\u011f kurman\u0131n, onlarla e\u011flenceli vakit ge\u00e7irmenin en<span class=\"excerpt-hellip\"> [\u2026]<\/span><\/p>\n","protected":false},"featured_media":0,"template":"","meta":{"_monsterinsights_skip_tracking":false,"_monsterinsights_sitenote_active":false,"_monsterinsights_sitenote_note":"","_monsterinsights_sitenote_category":0},"product_brand":[],"product_cat":[12274,15842],"product_tag":[],"class_list":{"0":"post-714392","1":"product","2":"type-product","3":"status-publish","5":"product_cat-cocuk-ve-genclik-kitaplari","6":"product_cat-egitici-kitaplar","7":"pa_cilt-set","8":"pa_tur-kitap","9":"pa_yayinevi-dikkat-atolyesi-yayinlari","10":"pa_yazar-huseyin-demir","12":"first","13":"instock","14":"sale","15":"shipping-taxable","16":"purchasable","17":"product-type-simple"},"_links":{"self":[{"href":"https:\/\/roveyayinevi.com.tr\/index.php\/wp-json\/wp\/v2\/product\/714392","targetHints":{"allow":["GET"]}}],"collection":[{"href":"https:\/\/roveyayinevi.com.tr\/index.php\/wp-json\/wp\/v2\/product"}],"about":[{"href":"https:\/\/roveyayinevi.com.tr\/index.php\/wp-json\/wp\/v2\/types\/product"}],"wp:attachment":[{"href":"https:\/\/roveyayinevi.com.tr\/index.php\/wp-json\/wp\/v2\/media?parent=714392"}],"wp:term":[{"taxonomy":"product_brand","embeddable":true,"href":"https:\/\/roveyayinevi.com.tr\/index.php\/wp-json\/wp\/v2\/product_brand?post=714392"},{"taxonomy":"product_cat","embeddable":true,"href":"https:\/\/roveyayinevi.com.tr\/index.php\/wp-json\/wp\/v2\/product_cat?post=714392"},{"taxonomy":"product_tag","embeddable":true,"href":"https:\/\/roveyayinevi.com.tr\/index.php\/wp-json\/wp\/v2\/product_tag?post=714392"}],"curies":[{"name":"wp","href":"https:\/\/api.w.org\/{rel}","templated":true}]}}