{"id":714391,"date":"2025-08-27T17:18:02","date_gmt":"2025-08-27T14:18:02","guid":{"rendered":"https:\/\/roveyayinevi.com.tr\/index.php\/urun\/kurban-mi-cellat-mi\/"},"modified":"2026-04-16T02:22:49","modified_gmt":"2026-04-15T23:22:49","slug":"kurban-mi-cellat-mi","status":"publish","type":"product","link":"https:\/\/roveyayinevi.com.tr\/index.php\/urun\/kurban-mi-cellat-mi\/","title":{"rendered":"Kurban M\u0131 Cellat M\u0131"},"content":{"rendered":"<p>Cellad\u0131n gazab\u0131n\u0131 yenebilecek tek \u015fey kurban\u0131n ya\u015fama inad\u0131d\u0131r.Co\u015fku dolu bir \u015fekilde ba\u015flayan yeni y\u0131l kutlamas\u0131&#8230;Keyifle yenen ak\u015fam yeme\u011finin ard\u0131ndan ya\u015fanan katliam&#8230;\u015eans\u0131 ve zek\u00e2s\u0131 sayesinde hayatta kalabilen on ya\u015f\u0131nda bir \u00e7ocuk: Ben Brook.K\u00f6kl\u00fc ve zengin Brook ailesinden geriye kimseyi b\u0131rakmamay\u0131 kafas\u0131na koymu\u015f bir katil&#8230;Ve ne pahas\u0131na olursa olsun bu kanl\u0131 gizem perdesini aralamak isteyen Nypt dedektifi Buddy Lock&#8230;Her saniyesi zekice kurgulanm\u0131\u015f ve deh\u015fet dolu bu amans\u0131z kovalamaca nas\u0131l son bulacak<\/p>\n","protected":false},"excerpt":{"rendered":"<p>Cellad\u0131n gazab\u0131n\u0131 yenebilecek tek \u015fey kurban\u0131n ya\u015fama inad\u0131d\u0131r.Co\u015fku dolu bir \u015fekilde ba\u015flayan yeni y\u0131l kutlamas\u0131&#8230;Keyifle yenen ak\u015fam yeme\u011finin ard\u0131ndan ya\u015fanan katliam&#8230;\u015eans\u0131 ve zek\u00e2s\u0131 sayesinde hayatta kalabilen<span class=\"excerpt-hellip\"> [\u2026]<\/span><\/p>\n","protected":false},"featured_media":0,"template":"","meta":{"_monsterinsights_skip_tracking":false,"_monsterinsights_sitenote_active":false,"_monsterinsights_sitenote_note":"","_monsterinsights_sitenote_category":0},"product_brand":[],"product_cat":[12291,17033],"product_tag":[],"class_list":{"0":"post-714391","1":"product","2":"type-product","3":"status-publish","5":"product_cat-edebiyat","6":"product_cat-korku-gerilim","7":"pa_cilt-ciltsiz","8":"pa_tur-kitap","9":"pa_yayinevi-arkadya-yayinlari","10":"pa_yazar-james-tucker","12":"first","13":"instock","14":"sale","15":"shipping-taxable","16":"purchasable","17":"product-type-simple"},"_links":{"self":[{"href":"https:\/\/roveyayinevi.com.tr\/index.php\/wp-json\/wp\/v2\/product\/714391","targetHints":{"allow":["GET"]}}],"collection":[{"href":"https:\/\/roveyayinevi.com.tr\/index.php\/wp-json\/wp\/v2\/product"}],"about":[{"href":"https:\/\/roveyayinevi.com.tr\/index.php\/wp-json\/wp\/v2\/types\/product"}],"wp:attachment":[{"href":"https:\/\/roveyayinevi.com.tr\/index.php\/wp-json\/wp\/v2\/media?parent=714391"}],"wp:term":[{"taxonomy":"product_brand","embeddable":true,"href":"https:\/\/roveyayinevi.com.tr\/index.php\/wp-json\/wp\/v2\/product_brand?post=714391"},{"taxonomy":"product_cat","embeddable":true,"href":"https:\/\/roveyayinevi.com.tr\/index.php\/wp-json\/wp\/v2\/product_cat?post=714391"},{"taxonomy":"product_tag","embeddable":true,"href":"https:\/\/roveyayinevi.com.tr\/index.php\/wp-json\/wp\/v2\/product_tag?post=714391"}],"curies":[{"name":"wp","href":"https:\/\/api.w.org\/{rel}","templated":true}]}}