{"id":714390,"date":"2025-08-27T17:18:01","date_gmt":"2025-08-27T14:18:01","guid":{"rendered":"https:\/\/roveyayinevi.com.tr\/index.php\/urun\/destan\/"},"modified":"2026-04-08T02:29:41","modified_gmt":"2026-04-07T23:29:41","slug":"destan","status":"publish","type":"product","link":"https:\/\/roveyayinevi.com.tr\/index.php\/urun\/destan\/","title":{"rendered":"Destan"},"content":{"rendered":"<p>Ge\u00e7mi\u015f ya\u015fam\u0131n\u0131n g\u00f6lgeleri i\u00e7inde, kaybettikleriyle ya\u015famay\u0131 \u00f6\u011frenen, ellerine bula\u015fan kan\u0131 y\u00fcre\u011finden kopan dizelerle kutsayan Devran. Destan. Bedenin araf\u0131nda s\u0131k\u0131\u015f\u0131p kalm\u0131\u015f, ruhu ikiye b\u00f6l\u00fcnm\u00fc\u015f bir adam ve her iki yaral\u0131 ruha da \u015fifa olacak bir kad\u0131n. Ben Devran, Kaleminden sat\u0131rlara a\u015fk damlayan. D\u00fcn\u00fcn\u00fc bir avu\u00e7 k\u00fclle sonsuzlu\u011fa u\u011furlayan. Kalbinin at\u0131\u015f\u0131n\u0131 hi\u00e7e sayan, can\u0131 yanan, yaras\u0131na tuz basan, yitik Devran. Ben Destan, Devran\u2019\u0131n bitti\u011fi yerde ba\u015flayan. Kalemini k\u0131r\u0131p eline silah alan. Yar\u0131n\u0131n\u0131 bir kar\u0131\u015f topra\u011fa katan. Kalbini s\u00f6k\u00fcp atan, can yakan, yaralar\u0131 kanatan, ac\u0131mas\u0131z Destan. A\u015fk kur\u015fun gibi; hedefi belli, h\u0131z\u0131 belli, izi belli. Ve bir kere izini b\u0131rakt\u0131 m\u0131 \u00f6mr\u00fc belli. <\/p>\n","protected":false},"excerpt":{"rendered":"<p>Ge\u00e7mi\u015f ya\u015fam\u0131n\u0131n g\u00f6lgeleri i\u00e7inde, kaybettikleriyle ya\u015famay\u0131 \u00f6\u011frenen, ellerine bula\u015fan kan\u0131 y\u00fcre\u011finden kopan dizelerle kutsayan Devran. Destan. Bedenin araf\u0131nda s\u0131k\u0131\u015f\u0131p kalm\u0131\u015f, ruhu ikiye b\u00f6l\u00fcnm\u00fc\u015f bir adam ve<span class=\"excerpt-hellip\"> [\u2026]<\/span><\/p>\n","protected":false},"featured_media":0,"template":"","meta":{"_monsterinsights_skip_tracking":false,"_monsterinsights_sitenote_active":false,"_monsterinsights_sitenote_note":"","_monsterinsights_sitenote_category":0},"product_brand":[],"product_cat":[12291,12711],"product_tag":[],"class_list":{"0":"post-714390","1":"product","2":"type-product","3":"status-publish","5":"product_cat-edebiyat","6":"product_cat-roman-oyku","7":"pa_cilt-ciltsiz","8":"pa_tur-kitap","9":"pa_yayinevi-muptela-yayinevi","10":"pa_yazar-ozge-erkin","12":"first","13":"instock","14":"sale","15":"shipping-taxable","16":"purchasable","17":"product-type-simple"},"_links":{"self":[{"href":"https:\/\/roveyayinevi.com.tr\/index.php\/wp-json\/wp\/v2\/product\/714390","targetHints":{"allow":["GET"]}}],"collection":[{"href":"https:\/\/roveyayinevi.com.tr\/index.php\/wp-json\/wp\/v2\/product"}],"about":[{"href":"https:\/\/roveyayinevi.com.tr\/index.php\/wp-json\/wp\/v2\/types\/product"}],"wp:attachment":[{"href":"https:\/\/roveyayinevi.com.tr\/index.php\/wp-json\/wp\/v2\/media?parent=714390"}],"wp:term":[{"taxonomy":"product_brand","embeddable":true,"href":"https:\/\/roveyayinevi.com.tr\/index.php\/wp-json\/wp\/v2\/product_brand?post=714390"},{"taxonomy":"product_cat","embeddable":true,"href":"https:\/\/roveyayinevi.com.tr\/index.php\/wp-json\/wp\/v2\/product_cat?post=714390"},{"taxonomy":"product_tag","embeddable":true,"href":"https:\/\/roveyayinevi.com.tr\/index.php\/wp-json\/wp\/v2\/product_tag?post=714390"}],"curies":[{"name":"wp","href":"https:\/\/api.w.org\/{rel}","templated":true}]}}