{"id":714389,"date":"2025-08-27T17:18:01","date_gmt":"2025-08-27T14:18:01","guid":{"rendered":"https:\/\/roveyayinevi.com.tr\/index.php\/urun\/toz-gibi-yildizlar-galaktik-imparatorluk-serisi-1\/"},"modified":"2026-04-16T02:22:49","modified_gmt":"2026-04-15T23:22:49","slug":"toz-gibi-yildizlar-galaktik-imparatorluk-serisi-1","status":"publish","type":"product","link":"https:\/\/roveyayinevi.com.tr\/index.php\/urun\/toz-gibi-yildizlar-galaktik-imparatorluk-serisi-1\/","title":{"rendered":"Toz Gibi Y\u0131ld\u0131zlar &#8211; Galaktik \u0130mparatorluk Serisi 1"},"content":{"rendered":"<p>1950\u2019li y\u0131llar\u0131n ba\u015f\u0131nda, daha sonra en \u015f\u00f6hretli serileri Vak\u0131f ve Robot\u2019a \u00f6nc\u00fcl\u00fck edecek Gelecek Tarihi \u00f6yk\u00fclerini yazd\u0131ktan hemen sonra Isaac Asimov ilk romanlar\u0131n\u0131 kaleme ald\u0131. Art\u0131k hem okurlara hem de yay\u0131nc\u0131l\u0131k d\u00fcnyas\u0131na kendini kabul ettirmi\u015f b\u00fcy\u00fck ustan\u0131n neredeyse t\u00fcm k\u00fclliyat\u0131na egemen olan Galaktik \u0130mparatorluk evreninin ilk uzun kurgular\u0131 da b\u00f6ylece ortaya \u00e7\u0131kt\u0131. N\u00fckleer felaketin D\u00fcnya\u2019y\u0131 yerle bir etmesinden binlerce y\u0131l sonras\u0131n\u0131 anlatan Galaktik \u0130mparatorluk Serisi insanl\u0131\u011f\u0131n, galaktik medeniyet ve ilk Galaktik \u0130mparatorluk\u2019un do\u011fu\u015funa uzanan yolculu\u011funun ba\u015flang\u0131c\u0131. Tyrannl\u0131lar, Atba\u015f\u0131 Nebulas\u0131\u2019ndaki elli gezegeni kontrolleri alt\u0131na alm\u0131\u015flard\u0131. Gezegenlerin y\u00f6neticileri, Tyrann gezegenindeki efsanevi ta\u015f saray\u0131nda ya\u015fayan Tyrann Han\u0131\u2019na ko\u015fulsuz \u015fekilde boyun e\u011fmi\u015flerdi. D\u00fcnya \u00dcniversitesi\u2019ndeki son g\u00fcn\u00fcnde bir suikasttan son anda kurtulan, Widemos K\u00e2hyas\u0131\u2019n\u0131n o\u011flu Biron Farrill, kendisini hi\u00e7 ummad\u0131\u011f\u0131 bir durumda, Tyrannl\u0131lar\u2019a kar\u015f\u0131 d\u00fczenlenen bir ba\u015fkald\u0131r\u0131n\u0131n ortas\u0131nda bulur. Biron, tutukland\u0131\u011f\u0131n\u0131 \u00f6\u011frendi\u011fi babas\u0131n\u0131n izini s\u00fcrmek ve hayatta kalmak i\u00e7in Rhodia\u2019ya do\u011fru tehlikeli bir yolculu\u011fa \u00e7\u0131kar. Gezegenlerin kaderini belirleyecek d\u00fc\u015fmanlar, komplolar ve dostlar orada kendisini beklemektedir. <\/p>\n","protected":false},"excerpt":{"rendered":"<p>1950\u2019li y\u0131llar\u0131n ba\u015f\u0131nda, daha sonra en \u015f\u00f6hretli serileri Vak\u0131f ve Robot\u2019a \u00f6nc\u00fcl\u00fck edecek Gelecek Tarihi \u00f6yk\u00fclerini yazd\u0131ktan hemen sonra Isaac Asimov ilk romanlar\u0131n\u0131 kaleme ald\u0131. Art\u0131k<span class=\"excerpt-hellip\"> [\u2026]<\/span><\/p>\n","protected":false},"featured_media":0,"template":"","meta":{"_monsterinsights_skip_tracking":false,"_monsterinsights_sitenote_active":false,"_monsterinsights_sitenote_note":"","_monsterinsights_sitenote_category":0},"product_brand":[],"product_cat":[12540,12291],"product_tag":[],"class_list":{"0":"post-714389","1":"product","2":"type-product","3":"status-publish","5":"product_cat-bilim-kurgu","6":"product_cat-edebiyat","7":"pa_cilt-ciltsiz","8":"pa_tur-kitap","9":"pa_yayinevi-ithaki-yayinlari","10":"pa_yazar-isaac-asimov","12":"first","13":"instock","14":"sale","15":"shipping-taxable","16":"purchasable","17":"product-type-simple"},"_links":{"self":[{"href":"https:\/\/roveyayinevi.com.tr\/index.php\/wp-json\/wp\/v2\/product\/714389","targetHints":{"allow":["GET"]}}],"collection":[{"href":"https:\/\/roveyayinevi.com.tr\/index.php\/wp-json\/wp\/v2\/product"}],"about":[{"href":"https:\/\/roveyayinevi.com.tr\/index.php\/wp-json\/wp\/v2\/types\/product"}],"wp:attachment":[{"href":"https:\/\/roveyayinevi.com.tr\/index.php\/wp-json\/wp\/v2\/media?parent=714389"}],"wp:term":[{"taxonomy":"product_brand","embeddable":true,"href":"https:\/\/roveyayinevi.com.tr\/index.php\/wp-json\/wp\/v2\/product_brand?post=714389"},{"taxonomy":"product_cat","embeddable":true,"href":"https:\/\/roveyayinevi.com.tr\/index.php\/wp-json\/wp\/v2\/product_cat?post=714389"},{"taxonomy":"product_tag","embeddable":true,"href":"https:\/\/roveyayinevi.com.tr\/index.php\/wp-json\/wp\/v2\/product_tag?post=714389"}],"curies":[{"name":"wp","href":"https:\/\/api.w.org\/{rel}","templated":true}]}}