{"id":714388,"date":"2025-08-27T17:18:00","date_gmt":"2025-08-27T14:18:00","guid":{"rendered":"https:\/\/roveyayinevi.com.tr\/index.php\/urun\/ihtisam\/"},"modified":"2026-04-16T02:22:49","modified_gmt":"2026-04-15T23:22:49","slug":"ihtisam","status":"publish","type":"product","link":"https:\/\/roveyayinevi.com.tr\/index.php\/urun\/ihtisam\/","title":{"rendered":"\u0130hti\u015fam"},"content":{"rendered":"<p>\u201cY\u0131ld\u0131zl\u0131 evrenin trapezlerinde u\u00e7aninsan d\u00fc\u015f\u00fcncesi, alt\u0131nda uzanan matematikle birlikte, a\u011fla \u00e7al\u0131\u015fan ama birdenbire a\u011f\u0131n asl\u0131nda orada olmad\u0131\u011f\u0131n\u0131 fark eden bir akrobata benzer \u2013 Martin bu ba\u015f d\u00f6nmesine kadar giden, yeni bir hesapla korkusunu a\u015fanlar\u0131 k\u0131skan\u0131yordu.\u201d\u201c\u0130hti\u015fam, d\u00f6neminin gen\u00e7 Avrupal\u0131 yaz\u0131n\u0131n\u0131n en iyi \u00f6rneklerinde mevcut olan sivri dilli ama bir o kadar da kay\u0131ts\u0131z mesafelili\u011fe sahip.\u201d V.S. PRITCHETT\u201cKadehimizi Nabokov\u2019a kald\u0131ral\u0131m! \u0130hti\u015fam isminin hakk\u0131n\u0131 veriyor. Dili m\u00fczik gibi ahenkli, en g\u00fczel sahneler adeta bir \u015fampanyan\u0131n mantar\u0131n\u0131n patlamas\u0131 gibi.\u201d  KIRKUS REVIEWS<\/p>\n","protected":false},"excerpt":{"rendered":"<p>\u201cY\u0131ld\u0131zl\u0131 evrenin trapezlerinde u\u00e7aninsan d\u00fc\u015f\u00fcncesi, alt\u0131nda uzanan matematikle birlikte, a\u011fla \u00e7al\u0131\u015fan ama birdenbire a\u011f\u0131n asl\u0131nda orada olmad\u0131\u011f\u0131n\u0131 fark eden bir akrobata benzer \u2013 Martin bu ba\u015f<span class=\"excerpt-hellip\"> [\u2026]<\/span><\/p>\n","protected":false},"featured_media":0,"template":"","meta":{"_monsterinsights_skip_tracking":false,"_monsterinsights_sitenote_active":false,"_monsterinsights_sitenote_note":"","_monsterinsights_sitenote_category":0},"product_brand":[],"product_cat":[12291,12711],"product_tag":[],"class_list":{"0":"post-714388","1":"product","2":"type-product","3":"status-publish","5":"product_cat-edebiyat","6":"product_cat-roman-oyku","7":"pa_cilt-ciltsiz","8":"pa_tur-kitap","9":"pa_yayinevi-iletisim-yayinlari","10":"pa_yazar-vladimir-nabokov","12":"first","13":"instock","14":"sale","15":"shipping-taxable","16":"purchasable","17":"product-type-simple"},"_links":{"self":[{"href":"https:\/\/roveyayinevi.com.tr\/index.php\/wp-json\/wp\/v2\/product\/714388","targetHints":{"allow":["GET"]}}],"collection":[{"href":"https:\/\/roveyayinevi.com.tr\/index.php\/wp-json\/wp\/v2\/product"}],"about":[{"href":"https:\/\/roveyayinevi.com.tr\/index.php\/wp-json\/wp\/v2\/types\/product"}],"wp:attachment":[{"href":"https:\/\/roveyayinevi.com.tr\/index.php\/wp-json\/wp\/v2\/media?parent=714388"}],"wp:term":[{"taxonomy":"product_brand","embeddable":true,"href":"https:\/\/roveyayinevi.com.tr\/index.php\/wp-json\/wp\/v2\/product_brand?post=714388"},{"taxonomy":"product_cat","embeddable":true,"href":"https:\/\/roveyayinevi.com.tr\/index.php\/wp-json\/wp\/v2\/product_cat?post=714388"},{"taxonomy":"product_tag","embeddable":true,"href":"https:\/\/roveyayinevi.com.tr\/index.php\/wp-json\/wp\/v2\/product_tag?post=714388"}],"curies":[{"name":"wp","href":"https:\/\/api.w.org\/{rel}","templated":true}]}}