{"id":714382,"date":"2025-08-27T17:17:56","date_gmt":"2025-08-27T14:17:56","guid":{"rendered":"https:\/\/roveyayinevi.com.tr\/index.php\/urun\/kral-teo-kitabi\/"},"modified":"2026-04-16T02:22:48","modified_gmt":"2026-04-15T23:22:48","slug":"kral-teo-kitabi","status":"publish","type":"product","link":"https:\/\/roveyayinevi.com.tr\/index.php\/urun\/kral-teo-kitabi\/","title":{"rendered":"Kral Teo Kitab\u0131"},"content":{"rendered":"<p>Kral gibi yeti\u015ftirilen \u00e7ocuklara, hayat kral gibi davranm\u0131yor. Onlar gelecekte, ger\u00e7ek krallar kar\u015f\u0131s\u0131nda kendilerini \u00e7ok \u00e7aresiz ve yetersiz hissediyorlar. Madalyon Psikiyatri Merkezi taraf\u0131ndan onaylanan, uzman psikologlar\u0131n \u00e7ocuk yeti\u015ftiren herkese \u00f6nerdi\u011fi benzersiz bir dizinin yeni kitab\u0131\u2026<\/p>\n","protected":false},"excerpt":{"rendered":"<p>Kral gibi yeti\u015ftirilen \u00e7ocuklara, hayat kral gibi davranm\u0131yor. Onlar gelecekte, ger\u00e7ek krallar kar\u015f\u0131s\u0131nda kendilerini \u00e7ok \u00e7aresiz ve yetersiz hissediyorlar. Madalyon Psikiyatri Merkezi taraf\u0131ndan onaylanan, uzman psikologlar\u0131n<span class=\"excerpt-hellip\"> [\u2026]<\/span><\/p>\n","protected":false},"featured_media":0,"template":"","meta":{"_monsterinsights_skip_tracking":false,"_monsterinsights_sitenote_active":false,"_monsterinsights_sitenote_note":"","_monsterinsights_sitenote_category":0},"product_brand":[],"product_cat":[12274,12518],"product_tag":[],"class_list":{"0":"post-714382","1":"product","2":"type-product","3":"status-publish","5":"product_cat-cocuk-ve-genclik-kitaplari","6":"product_cat-okul-oncesi-kitaplar","7":"pa_cilt-ciltsiz","8":"pa_tur-kitap","9":"pa_yayinevi-bilgi-yayinevi-cocuk","10":"pa_yazar-yagmur-artukmac-gulseren-budayicioglu","12":"first","13":"instock","14":"sale","15":"shipping-taxable","16":"purchasable","17":"product-type-simple"},"_links":{"self":[{"href":"https:\/\/roveyayinevi.com.tr\/index.php\/wp-json\/wp\/v2\/product\/714382","targetHints":{"allow":["GET"]}}],"collection":[{"href":"https:\/\/roveyayinevi.com.tr\/index.php\/wp-json\/wp\/v2\/product"}],"about":[{"href":"https:\/\/roveyayinevi.com.tr\/index.php\/wp-json\/wp\/v2\/types\/product"}],"wp:attachment":[{"href":"https:\/\/roveyayinevi.com.tr\/index.php\/wp-json\/wp\/v2\/media?parent=714382"}],"wp:term":[{"taxonomy":"product_brand","embeddable":true,"href":"https:\/\/roveyayinevi.com.tr\/index.php\/wp-json\/wp\/v2\/product_brand?post=714382"},{"taxonomy":"product_cat","embeddable":true,"href":"https:\/\/roveyayinevi.com.tr\/index.php\/wp-json\/wp\/v2\/product_cat?post=714382"},{"taxonomy":"product_tag","embeddable":true,"href":"https:\/\/roveyayinevi.com.tr\/index.php\/wp-json\/wp\/v2\/product_tag?post=714382"}],"curies":[{"name":"wp","href":"https:\/\/api.w.org\/{rel}","templated":true}]}}