{"id":714381,"date":"2025-08-27T17:17:55","date_gmt":"2025-08-27T14:17:55","guid":{"rendered":"https:\/\/roveyayinevi.com.tr\/index.php\/urun\/teonun-ben-nereden-geldim-kitabi\/"},"modified":"2026-04-16T02:22:48","modified_gmt":"2026-04-15T23:22:48","slug":"teonun-ben-nereden-geldim-kitabi","status":"publish","type":"product","link":"https:\/\/roveyayinevi.com.tr\/index.php\/urun\/teonun-ben-nereden-geldim-kitabi\/","title":{"rendered":"Teo\u2019nun  \u201cBen Nereden Geldim\u201d Kitab\u0131"},"content":{"rendered":"<p>\u00c7ocuklara cinselli\u011fi \u00f6\u011fretmek pek \u00e7ok ebeveyn i\u00e7in kayg\u0131 uyand\u0131ran bir konu. Hen\u00fcz yeti\u015fkinler bile cinselli\u011fi aralar\u0131nda rahat\u00e7a konu\u015famazken bunu bir de \u00e7ocuklara anlatmak anne babalara zor gelebiliyor. \u00c7ocuklar\u0131n\u0131zla cinselli\u011fi konu\u015furken faydalanabilece\u011finiz bir kitap. Madalyon Psikiyatri Merkezi taraf\u0131ndan onaylanan, uzman psikologlar\u0131n \u00e7ocuk yeti\u015ftiren herkese \u00f6nerdi\u011fi benzersiz bir dizinin yeni kitab\u0131\u2026<\/p>\n","protected":false},"excerpt":{"rendered":"<p>\u00c7ocuklara cinselli\u011fi \u00f6\u011fretmek pek \u00e7ok ebeveyn i\u00e7in kayg\u0131 uyand\u0131ran bir konu. Hen\u00fcz yeti\u015fkinler bile cinselli\u011fi aralar\u0131nda rahat\u00e7a konu\u015famazken bunu bir de \u00e7ocuklara anlatmak anne babalara zor<span class=\"excerpt-hellip\"> [\u2026]<\/span><\/p>\n","protected":false},"featured_media":0,"template":"","meta":{"_monsterinsights_skip_tracking":false,"_monsterinsights_sitenote_active":false,"_monsterinsights_sitenote_note":"","_monsterinsights_sitenote_category":0},"product_brand":[],"product_cat":[12274,12518],"product_tag":[],"class_list":{"0":"post-714381","1":"product","2":"type-product","3":"status-publish","5":"product_cat-cocuk-ve-genclik-kitaplari","6":"product_cat-okul-oncesi-kitaplar","7":"pa_cilt-ciltsiz","8":"pa_tur-kitap","9":"pa_yayinevi-bilgi-yayinevi-cocuk","10":"pa_yazar-yagmur-artukmac-ipek-gokozan","12":"first","13":"instock","14":"sale","15":"shipping-taxable","16":"purchasable","17":"product-type-simple"},"_links":{"self":[{"href":"https:\/\/roveyayinevi.com.tr\/index.php\/wp-json\/wp\/v2\/product\/714381","targetHints":{"allow":["GET"]}}],"collection":[{"href":"https:\/\/roveyayinevi.com.tr\/index.php\/wp-json\/wp\/v2\/product"}],"about":[{"href":"https:\/\/roveyayinevi.com.tr\/index.php\/wp-json\/wp\/v2\/types\/product"}],"wp:attachment":[{"href":"https:\/\/roveyayinevi.com.tr\/index.php\/wp-json\/wp\/v2\/media?parent=714381"}],"wp:term":[{"taxonomy":"product_brand","embeddable":true,"href":"https:\/\/roveyayinevi.com.tr\/index.php\/wp-json\/wp\/v2\/product_brand?post=714381"},{"taxonomy":"product_cat","embeddable":true,"href":"https:\/\/roveyayinevi.com.tr\/index.php\/wp-json\/wp\/v2\/product_cat?post=714381"},{"taxonomy":"product_tag","embeddable":true,"href":"https:\/\/roveyayinevi.com.tr\/index.php\/wp-json\/wp\/v2\/product_tag?post=714381"}],"curies":[{"name":"wp","href":"https:\/\/api.w.org\/{rel}","templated":true}]}}