{"id":714380,"date":"2025-08-27T17:17:54","date_gmt":"2025-08-27T14:17:54","guid":{"rendered":"https:\/\/roveyayinevi.com.tr\/index.php\/urun\/teonun-zorbalik-kitabi\/"},"modified":"2026-04-16T02:22:48","modified_gmt":"2026-04-15T23:22:48","slug":"teonun-zorbalik-kitabi","status":"publish","type":"product","link":"https:\/\/roveyayinevi.com.tr\/index.php\/urun\/teonun-zorbalik-kitabi\/","title":{"rendered":"Teo&#8217;nun Zorbal\u0131k Kitab\u0131"},"content":{"rendered":"<p>Sosyal alanda zorlanan \u00e7ocuklar, hem zorbalar\u0131 \u00e7ekici bulur ve onlar taraf\u0131ndan kabul g\u00f6rmeye \u00e7al\u0131\u015f\u0131r hem de zorbalar i\u00e7in kolay hedef haline gelirler. Madalyon Psikiyatri Merkezi taraf\u0131ndan onaylanan, uzman psikologlar\u0131n \u00e7ocuk yeti\u015ftiren herkese \u00f6nerdi\u011fi benzersiz bir dizinin yeni kitab\u0131\u2026<\/p>\n","protected":false},"excerpt":{"rendered":"<p>Sosyal alanda zorlanan \u00e7ocuklar, hem zorbalar\u0131 \u00e7ekici bulur ve onlar taraf\u0131ndan kabul g\u00f6rmeye \u00e7al\u0131\u015f\u0131r hem de zorbalar i\u00e7in kolay hedef haline gelirler. Madalyon Psikiyatri Merkezi taraf\u0131ndan<span class=\"excerpt-hellip\"> [\u2026]<\/span><\/p>\n","protected":false},"featured_media":0,"template":"","meta":{"_monsterinsights_skip_tracking":false,"_monsterinsights_sitenote_active":false,"_monsterinsights_sitenote_note":"","_monsterinsights_sitenote_category":0},"product_brand":[],"product_cat":[12913,12274],"product_tag":[],"class_list":{"0":"post-714380","1":"product","2":"type-product","3":"status-publish","5":"product_cat-3-6-yas-kitaplari","6":"product_cat-cocuk-ve-genclik-kitaplari","7":"pa_cilt-ciltsiz","8":"pa_tur-kitap","9":"pa_yayinevi-bilgi-yayinevi-cocuk","10":"pa_yazar-yagmur-artukmac-pinar-cakir","12":"first","13":"instock","14":"sale","15":"shipping-taxable","16":"purchasable","17":"product-type-simple"},"_links":{"self":[{"href":"https:\/\/roveyayinevi.com.tr\/index.php\/wp-json\/wp\/v2\/product\/714380","targetHints":{"allow":["GET"]}}],"collection":[{"href":"https:\/\/roveyayinevi.com.tr\/index.php\/wp-json\/wp\/v2\/product"}],"about":[{"href":"https:\/\/roveyayinevi.com.tr\/index.php\/wp-json\/wp\/v2\/types\/product"}],"wp:attachment":[{"href":"https:\/\/roveyayinevi.com.tr\/index.php\/wp-json\/wp\/v2\/media?parent=714380"}],"wp:term":[{"taxonomy":"product_brand","embeddable":true,"href":"https:\/\/roveyayinevi.com.tr\/index.php\/wp-json\/wp\/v2\/product_brand?post=714380"},{"taxonomy":"product_cat","embeddable":true,"href":"https:\/\/roveyayinevi.com.tr\/index.php\/wp-json\/wp\/v2\/product_cat?post=714380"},{"taxonomy":"product_tag","embeddable":true,"href":"https:\/\/roveyayinevi.com.tr\/index.php\/wp-json\/wp\/v2\/product_tag?post=714380"}],"curies":[{"name":"wp","href":"https:\/\/api.w.org\/{rel}","templated":true}]}}