{"id":714379,"date":"2025-08-27T17:17:54","date_gmt":"2025-08-27T14:17:54","guid":{"rendered":"https:\/\/roveyayinevi.com.tr\/index.php\/urun\/illet-i-ask\/"},"modified":"2026-04-16T02:22:48","modified_gmt":"2026-04-15T23:22:48","slug":"illet-i-ask","status":"publish","type":"product","link":"https:\/\/roveyayinevi.com.tr\/index.php\/urun\/illet-i-ask\/","title":{"rendered":"\u0130llet-i A\u015fk"},"content":{"rendered":"<p>Sakla k\u00fcllerini \u00dc\u015f\u00fcd\u00fck\u00e7e anlars\u0131n ki Yand\u0131\u011f\u0131n ate\u015f herkese s\u00f6ylenmezmi\u015f Topla giden t\u00fcm g\u00fcnlerini Kaybettik\u00e7e g\u00f6r\u00fcrs\u00fcn ki G\u00fcne\u015f batt\u0131 diye g\u00f6ky\u00fcz\u00fc \u00f6lmezmi\u015f <\/p>\n","protected":false},"excerpt":{"rendered":"<p>Sakla k\u00fcllerini \u00dc\u015f\u00fcd\u00fck\u00e7e anlars\u0131n ki Yand\u0131\u011f\u0131n ate\u015f herkese s\u00f6ylenmezmi\u015f Topla giden t\u00fcm g\u00fcnlerini Kaybettik\u00e7e g\u00f6r\u00fcrs\u00fcn ki G\u00fcne\u015f batt\u0131 diye g\u00f6ky\u00fcz\u00fc \u00f6lmezmi\u015f<\/p>\n","protected":false},"featured_media":0,"template":"","meta":{"_monsterinsights_skip_tracking":false,"_monsterinsights_sitenote_active":false,"_monsterinsights_sitenote_note":"","_monsterinsights_sitenote_category":0},"product_brand":[],"product_cat":[12291,12509],"product_tag":[],"class_list":{"0":"post-714379","1":"product","2":"type-product","3":"status-publish","5":"product_cat-edebiyat","6":"product_cat-siir","7":"pa_cilt-ciltsiz","8":"pa_tur-kitap","9":"pa_yayinevi-luna-yayinlari","10":"pa_yazar-mustafa-mustet","12":"first","13":"instock","14":"sale","15":"shipping-taxable","16":"purchasable","17":"product-type-simple"},"_links":{"self":[{"href":"https:\/\/roveyayinevi.com.tr\/index.php\/wp-json\/wp\/v2\/product\/714379","targetHints":{"allow":["GET"]}}],"collection":[{"href":"https:\/\/roveyayinevi.com.tr\/index.php\/wp-json\/wp\/v2\/product"}],"about":[{"href":"https:\/\/roveyayinevi.com.tr\/index.php\/wp-json\/wp\/v2\/types\/product"}],"wp:attachment":[{"href":"https:\/\/roveyayinevi.com.tr\/index.php\/wp-json\/wp\/v2\/media?parent=714379"}],"wp:term":[{"taxonomy":"product_brand","embeddable":true,"href":"https:\/\/roveyayinevi.com.tr\/index.php\/wp-json\/wp\/v2\/product_brand?post=714379"},{"taxonomy":"product_cat","embeddable":true,"href":"https:\/\/roveyayinevi.com.tr\/index.php\/wp-json\/wp\/v2\/product_cat?post=714379"},{"taxonomy":"product_tag","embeddable":true,"href":"https:\/\/roveyayinevi.com.tr\/index.php\/wp-json\/wp\/v2\/product_tag?post=714379"}],"curies":[{"name":"wp","href":"https:\/\/api.w.org\/{rel}","templated":true}]}}