{"id":714376,"date":"2025-08-27T17:17:52","date_gmt":"2025-08-27T14:17:52","guid":{"rendered":"https:\/\/roveyayinevi.com.tr\/index.php\/urun\/farsca-calisma-ve-alistirma-seti-1-temel-seviye\/"},"modified":"2026-04-16T02:22:48","modified_gmt":"2026-04-15T23:22:48","slug":"farsca-calisma-ve-alistirma-seti-1-temel-seviye","status":"publish","type":"product","link":"https:\/\/roveyayinevi.com.tr\/index.php\/urun\/farsca-calisma-ve-alistirma-seti-1-temel-seviye\/","title":{"rendered":"Fars\u00e7a \u00c7al\u0131\u015fma ve Al\u0131\u015ft\u0131rma Seti 1 &#8211; Temel Seviye"},"content":{"rendered":"<p>Dr. Ahmad Jabbari\u0130ran&#8217;da 15 sene \u00e7e\u015fitli \u00fcr\u00fcversitelerde \u00f6\u011fretim g\u00f6revlisi ve \u00fcyesi olarak \u00e7al\u0131\u015ft\u0131. Ayn\u0131 zamanda Sosyoloji B\u00f6l\u00fcm Ba\u015fkanl\u0131\u011f\u0131, E\u011fitim B\u00f6l\u00fcm Ba\u015fkanl\u0131\u011f\u0131, \u00d6\u011frenci \u0130\u015fleri Ba\u015fkanl\u0131\u011f\u0131, Ara\u015ftr\u0131ma M\u00fcd\u00fcrl\u00fc\u011f\u00fc ve Rekt\u00f6r Yard\u0131mc\u0131l\u0131\u011f\u0131 g\u00f6revlerinde bulundu. \u0130ran&#8217;da ve yurt d\u0131\u015f\u0131nda Fars\u00e7a \u00f6\u011fretim Merkezi ile i\u015fbirli\u011fi deneyimine de sahiptir. El-Mustafa \u00dcniversitesi&#8217;nde \u00f6\u011fretim g\u00f6revlili\u011fi, dan\u0131\u015fmanl\u0131k, m\u00fctercimlik ve yazarl\u0131k yapt\u0131. Bunun yan\u0131 s\u0131ra Anakar Dil Kolejleri ve \u0130ran K\u00fclt\u00fcr M\u00fcste\u015farl\u0131\u011f\u0131&#8217;na ba\u011fl\u0131 Fark\u00e7a \u00d6\u011fretim Merkezinde dersler verdi. Halen Hacettepe \u00dcniversidesi \u0130ktisadi ve \u0130dari Bilimler Fak\u00fcltesinde doktora yapmakta ve Ankara&#8217;da Fars\u00e7a \u00d6\u011fretim Merkezi&#8217;nde (\u0130ran B\u00fcy\u00fckel\u00e7ili\u011fi K\u00fclt\u00fcr M\u00fcste\u015farl\u0131\u011f\u0131&#8217;nda) M\u00fcd\u00fcr olarak \u00e7al\u0131\u015fmaktad\u0131r. \u0130ran&#8217;da ve T\u00fcrkiye&#8217;de bug\u00fcne kadar 40 eseri yay\u0131mlanm\u0131\u015ft\u0131r.Fars\u00e7a \u00c7al\u0131\u015fma ve Al\u0131\u015ft\u0131rma Seti 1<\/p>\n","protected":false},"excerpt":{"rendered":"<p>Dr. Ahmad Jabbari\u0130ran&#8217;da 15 sene \u00e7e\u015fitli \u00fcr\u00fcversitelerde \u00f6\u011fretim g\u00f6revlisi ve \u00fcyesi olarak \u00e7al\u0131\u015ft\u0131. Ayn\u0131 zamanda Sosyoloji B\u00f6l\u00fcm Ba\u015fkanl\u0131\u011f\u0131, E\u011fitim B\u00f6l\u00fcm Ba\u015fkanl\u0131\u011f\u0131, \u00d6\u011frenci \u0130\u015fleri Ba\u015fkanl\u0131\u011f\u0131, Ara\u015ftr\u0131ma M\u00fcd\u00fcrl\u00fc\u011f\u00fc<span class=\"excerpt-hellip\"> [\u2026]<\/span><\/p>\n","protected":false},"featured_media":0,"template":"","meta":{"_monsterinsights_skip_tracking":false,"_monsterinsights_sitenote_active":false,"_monsterinsights_sitenote_note":"","_monsterinsights_sitenote_category":0},"product_brand":[],"product_cat":[14597,12566],"product_tag":[],"class_list":{"0":"post-714376","1":"product","2":"type-product","3":"status-publish","5":"product_cat-dil-ogrenimi","6":"product_cat-egitim","7":"pa_cilt-ciltsiz","8":"pa_tur-kitap","9":"pa_yayinevi-astana-yayinlari","10":"pa_yazar-ahmad-jabbari","12":"first","13":"instock","14":"sale","15":"shipping-taxable","16":"purchasable","17":"product-type-simple"},"_links":{"self":[{"href":"https:\/\/roveyayinevi.com.tr\/index.php\/wp-json\/wp\/v2\/product\/714376","targetHints":{"allow":["GET"]}}],"collection":[{"href":"https:\/\/roveyayinevi.com.tr\/index.php\/wp-json\/wp\/v2\/product"}],"about":[{"href":"https:\/\/roveyayinevi.com.tr\/index.php\/wp-json\/wp\/v2\/types\/product"}],"wp:attachment":[{"href":"https:\/\/roveyayinevi.com.tr\/index.php\/wp-json\/wp\/v2\/media?parent=714376"}],"wp:term":[{"taxonomy":"product_brand","embeddable":true,"href":"https:\/\/roveyayinevi.com.tr\/index.php\/wp-json\/wp\/v2\/product_brand?post=714376"},{"taxonomy":"product_cat","embeddable":true,"href":"https:\/\/roveyayinevi.com.tr\/index.php\/wp-json\/wp\/v2\/product_cat?post=714376"},{"taxonomy":"product_tag","embeddable":true,"href":"https:\/\/roveyayinevi.com.tr\/index.php\/wp-json\/wp\/v2\/product_tag?post=714376"}],"curies":[{"name":"wp","href":"https:\/\/api.w.org\/{rel}","templated":true}]}}