{"id":714372,"date":"2025-08-27T17:17:49","date_gmt":"2025-08-27T14:17:49","guid":{"rendered":"https:\/\/roveyayinevi.com.tr\/index.php\/urun\/bir-zavalli-sari-at\/"},"modified":"2026-04-16T02:22:48","modified_gmt":"2026-04-15T23:22:48","slug":"bir-zavalli-sari-at","status":"publish","type":"product","link":"https:\/\/roveyayinevi.com.tr\/index.php\/urun\/bir-zavalli-sari-at\/","title":{"rendered":"Bir Zavall\u0131 Sar\u0131 At"},"content":{"rendered":"<p>Denemelerine Ka\u015f\u0131k\u00e7\u0131 Elmas\u0131 g\u00f6z\u00fcyle bakan ve her denemesinde rozas\u0131 alt\u0131n de\u011ferinde yeni Ka\u015f\u0131k\u00e7\u0131\u2019lar t\u00fcretmeye \u00e7al\u0131\u015fan Sal\u00e2h Birsel, sanat\u0131 ve sanat\u00e7\u0131lar\u0131 ya\u015fam\u00f6yk\u00fcleriyle ele alarak okurlar\u0131n\u0131 merak dolu bir yolculu\u011fa \u00e7\u0131kar\u0131yor. Bir Zavall\u0131 Sar\u0131 At, caz sanat\u00e7\u0131s\u0131 ve saksofon virt\u00fc\u00f6z\u00fc Charlie Parker\u2019dan intihar\u0131n\u0131 anbean kaydeden Be\u015fir Fuat\u2019a; Virginia Woolf\u2019tan James Joyce\u2019a ve Henry Miller\u2019a dek pek \u00e7ok ki\u015finin hayat\u0131ndan \u00e7e\u015fitli kesitleri bir araya getiriyor. Kusursuz \u00fcslubuyla m\u00fczi\u011fin \u015fehirle, sineman\u0131n edebiyatla bulu\u015ftu\u011fu sat\u0131rlar kaleme alan Birsel, kimsenin bilmedi\u011fi bir Beyo\u011flu defterini de okurlar\u0131na a\u00e7\u0131yor. \u201cBu anlatt\u0131klar\u0131m\u0131z \u00e7\u0131\u011fl\u0131k ku\u015flar\u0131d\u0131r.\u201d<\/p>\n","protected":false},"excerpt":{"rendered":"<p>Denemelerine Ka\u015f\u0131k\u00e7\u0131 Elmas\u0131 g\u00f6z\u00fcyle bakan ve her denemesinde rozas\u0131 alt\u0131n de\u011ferinde yeni Ka\u015f\u0131k\u00e7\u0131\u2019lar t\u00fcretmeye \u00e7al\u0131\u015fan Sal\u00e2h Birsel, sanat\u0131 ve sanat\u00e7\u0131lar\u0131 ya\u015fam\u00f6yk\u00fcleriyle ele alarak okurlar\u0131n\u0131 merak dolu<span class=\"excerpt-hellip\"> [\u2026]<\/span><\/p>\n","protected":false},"featured_media":0,"template":"","meta":{"_monsterinsights_skip_tracking":false,"_monsterinsights_sitenote_active":false,"_monsterinsights_sitenote_note":"","_monsterinsights_sitenote_category":0},"product_brand":[],"product_cat":[12777,12291],"product_tag":[],"class_list":{"0":"post-714372","1":"product","2":"type-product","3":"status-publish","5":"product_cat-deneme","6":"product_cat-edebiyat","7":"pa_cilt-ciltsiz","8":"pa_tur-kitap","9":"pa_yayinevi-sel-yayincilik","10":"pa_yazar-salah-birsel","12":"first","13":"instock","14":"sale","15":"shipping-taxable","16":"purchasable","17":"product-type-simple"},"_links":{"self":[{"href":"https:\/\/roveyayinevi.com.tr\/index.php\/wp-json\/wp\/v2\/product\/714372","targetHints":{"allow":["GET"]}}],"collection":[{"href":"https:\/\/roveyayinevi.com.tr\/index.php\/wp-json\/wp\/v2\/product"}],"about":[{"href":"https:\/\/roveyayinevi.com.tr\/index.php\/wp-json\/wp\/v2\/types\/product"}],"wp:attachment":[{"href":"https:\/\/roveyayinevi.com.tr\/index.php\/wp-json\/wp\/v2\/media?parent=714372"}],"wp:term":[{"taxonomy":"product_brand","embeddable":true,"href":"https:\/\/roveyayinevi.com.tr\/index.php\/wp-json\/wp\/v2\/product_brand?post=714372"},{"taxonomy":"product_cat","embeddable":true,"href":"https:\/\/roveyayinevi.com.tr\/index.php\/wp-json\/wp\/v2\/product_cat?post=714372"},{"taxonomy":"product_tag","embeddable":true,"href":"https:\/\/roveyayinevi.com.tr\/index.php\/wp-json\/wp\/v2\/product_tag?post=714372"}],"curies":[{"name":"wp","href":"https:\/\/api.w.org\/{rel}","templated":true}]}}