{"id":714371,"date":"2025-08-27T17:17:49","date_gmt":"2025-08-27T14:17:49","guid":{"rendered":"https:\/\/roveyayinevi.com.tr\/index.php\/urun\/dogu-bati-dusunce-dergisi-sayi-83-floraya-agit-doga\/"},"modified":"2026-04-16T02:22:48","modified_gmt":"2026-04-15T23:22:48","slug":"dogu-bati-dusunce-dergisi-sayi-83-floraya-agit-doga","status":"publish","type":"product","link":"https:\/\/roveyayinevi.com.tr\/index.php\/urun\/dogu-bati-dusunce-dergisi-sayi-83-floraya-agit-doga\/","title":{"rendered":"Do\u011fu Bat\u0131 D\u00fc\u015f\u00fcnce Dergisi Say\u0131: 83 Floraya A\u011f\u0131t: Do\u011fa"},"content":{"rendered":"<p>FLORAYA A\u011eIT: DO\u011eA HAKAN YILMAZ Hetero-Do\u011fa(l)\/Norm(al) Anlay\u0131\u015fa Queer Ekoele\u015ftirel Bir Bak\u0131\u015f   FATMA AYKANAT Antroposenik Amnezya: Antroposen \u00c7a\u011f\u0131\u2019nda \u0130nsan Kaynakl\u0131 \u00c7evresel D\u00f6n\u00fc\u015f\u00fcmler ve De\u011fi\u015fen Do\u011fa \u0130mgesinin K\u00fclt\u00fcrel Haf\u0131zam\u0131zda B\u0131rakt\u0131\u011f\u0131 Bo\u015fluklar   G\u00dcL\u015eAH G\u00d6\u00c7MEN Kentsel Ekoele\u015ftiri: Do\u011fa\u2019dan Kentdo\u011fa\u2019ya Ekolojik Bir Yolculuk   KER\u0130M CAN YAZG\u00dcNO\u011eLU \u0130nsan \u00c7a\u011f\u0131nda \u00c7evresel Estetik: G\u00fczelin ve \u00c7irkinin \u00d6tesinde \u201cDo\u011fasonras\u0131\u201d Ekolojiler   N\u0130LSEN G\u00d6K\u00c7EN Hawthorne\u2019un Zehirli Bah\u00e7esi, Bilim ve \u00d6l\u00fcm   Z\u00dcMRE G\u0130ZEM YILMAZ Filozoflar\u0131n Dilinden Elementlerin Kadim Hik\u00e2yesi: Ekofobik Alg\u0131 ve Element Ekoele\u015ftirisi   N\u00dcKHET BARLAS Do\u011fa Y\u0131k\u0131m\u0131 Y\u00fcz\u00fcnden \u00c7\u0131kmaza Giren Uygarl\u0131\u011f\u0131m\u0131z i\u00e7in Umut Var m\u0131?   EROL MAL\u00c7OK Ge\u00e7mi\u015ften G\u00fcn\u00fcm\u00fcze Ekolojik Kriz ve \u00c7\u00f6z\u00fcm \u00d6nerileri   MOHAMMAD B\u0130DHEND\u0130 REZ\u0130DA N\u0130GOMATULL\u0130NA MOHSEN SH\u0130RAVAND \u00c7evresel Krizlerin Do\u011fu\u015funda Francis Bacon\u2019\u0131n Rol\u00fc ve Bak\u0131\u015f A\u00e7\u0131s\u0131   MOLLY WALLECE \u201cTuhaf Bir Ekoloji\u201d: Do\u011fas\u0131n\u0131 Bozdu\u011fumuz Bir Do\u011fan\u0131n Do\u011fas\u0131   NECAT\u0130 ERB\u0130L ERT\u00dcRK Bir Antroposen Ele\u015ftirisi \u0130nsan Merkezlilikten \u201cTeknik\u201d Fark\u0131ndal\u0131\u011fa   \u00c7A\u011eRI ERYILMAZ Antroposen Kavram\u0131n\u0131n Toplumsal \u0130n\u015fas\u0131: Nesnel Bilim, Pop\u00fcler K\u00fclt\u00fcr ve \u00c7evreci Politika   ASLI TOSUNER Neoliberalizme Kar\u015f\u0131 Ekolojik Anlat\u0131y\u0131 Kurgulamak   SEZG\u0130N TOSKA Ekokurgu I\u015f\u0131\u011f\u0131nda Amerikan \u0130stisnac\u0131l\u0131\u011f\u0131n\u0131n Paradoksu: Do\u011fa   ASLI DALDAL 1995 Sonras\u0131 T\u00fcrkiye Ba\u011f\u0131ms\u0131z Sinemas\u0131\u2019nda Yeni \u201cSiyasalla\u015fma\u201d Bi\u00e7imleri: Masumiyet, Do\u011fa, Kimlik <\/p>\n","protected":false},"excerpt":{"rendered":"<p>FLORAYA A\u011eIT: DO\u011eA HAKAN YILMAZ Hetero-Do\u011fa(l)\/Norm(al) Anlay\u0131\u015fa Queer Ekoele\u015ftirel Bir Bak\u0131\u015f FATMA AYKANAT Antroposenik Amnezya: Antroposen \u00c7a\u011f\u0131\u2019nda \u0130nsan Kaynakl\u0131 \u00c7evresel D\u00f6n\u00fc\u015f\u00fcmler ve De\u011fi\u015fen Do\u011fa \u0130mgesinin K\u00fclt\u00fcrel<span class=\"excerpt-hellip\"> [\u2026]<\/span><\/p>\n","protected":false},"featured_media":0,"template":"","meta":{"_monsterinsights_skip_tracking":false,"_monsterinsights_sitenote_active":false,"_monsterinsights_sitenote_note":"","_monsterinsights_sitenote_category":0},"product_brand":[],"product_cat":[30023,13527],"product_tag":[],"class_list":{"0":"post-714371","1":"product","2":"type-product","3":"status-publish","5":"product_cat-edebiyat-sureli-yayinlar","6":"product_cat-sureli-yayinlar","7":"pa_cilt-ciltsiz","8":"pa_tur-dergi","9":"pa_yayinevi-dogu-bati-dergileri","10":"pa_yazar-kollektif","12":"first","13":"instock","14":"sale","15":"shipping-taxable","16":"purchasable","17":"product-type-simple"},"_links":{"self":[{"href":"https:\/\/roveyayinevi.com.tr\/index.php\/wp-json\/wp\/v2\/product\/714371","targetHints":{"allow":["GET"]}}],"collection":[{"href":"https:\/\/roveyayinevi.com.tr\/index.php\/wp-json\/wp\/v2\/product"}],"about":[{"href":"https:\/\/roveyayinevi.com.tr\/index.php\/wp-json\/wp\/v2\/types\/product"}],"wp:attachment":[{"href":"https:\/\/roveyayinevi.com.tr\/index.php\/wp-json\/wp\/v2\/media?parent=714371"}],"wp:term":[{"taxonomy":"product_brand","embeddable":true,"href":"https:\/\/roveyayinevi.com.tr\/index.php\/wp-json\/wp\/v2\/product_brand?post=714371"},{"taxonomy":"product_cat","embeddable":true,"href":"https:\/\/roveyayinevi.com.tr\/index.php\/wp-json\/wp\/v2\/product_cat?post=714371"},{"taxonomy":"product_tag","embeddable":true,"href":"https:\/\/roveyayinevi.com.tr\/index.php\/wp-json\/wp\/v2\/product_tag?post=714371"}],"curies":[{"name":"wp","href":"https:\/\/api.w.org\/{rel}","templated":true}]}}