{"id":714368,"date":"2025-08-27T17:17:47","date_gmt":"2025-08-27T14:17:47","guid":{"rendered":"https:\/\/roveyayinevi.com.tr\/index.php\/urun\/mazlumlarin-gozuyle-recep-tayyip-erdogan\/"},"modified":"2026-04-16T02:22:48","modified_gmt":"2026-04-15T23:22:48","slug":"mazlumlarin-gozuyle-recep-tayyip-erdogan","status":"publish","type":"product","link":"https:\/\/roveyayinevi.com.tr\/index.php\/urun\/mazlumlarin-gozuyle-recep-tayyip-erdogan\/","title":{"rendered":"Mazlumlar\u0131n G\u00f6z\u00fcyle Recep Tayyip Erdo\u011fan"},"content":{"rendered":"<p>Adem&#8217;le ba\u015flayan insanl\u0131k tarihi boyunca ne zaman Hak s\u00f6z\u00fc ile peygamberler gelse o vakit mazlumlar\u0131n s\u0131rt\u0131ndaki y\u00fck azalm\u0131\u015ft\u0131r. Yak\u0131n tarih peygamberlerinde bunu g\u00f6rebiliriz. Hz Musa&#8217;n\u0131n geli\u015fi ile birlikte Firavun&#8217;nun y\u00f6netimindeki halk, k\u00f6lelik alt\u0131nda ezilip peri\u015fan vaziyetteydi. Bu durumu Hz. \u0130sa&#8217;n\u0131n geldi\u011fi toplumda da g\u00f6rebiliyorduk. Peygamberimiz Hz. Muhammed (sav)&#8217;in geldi\u011fi cahiliye Arap toplumunda da mazluma eziyet en \u00fcst s\u0131ralardayd\u0131. \u00d6yle ki k\u00f6leler e\u015fyadan daha de\u011fersizdi. Fakirlik su\u00e7 say\u0131l\u0131p \u00f6l\u00fcm ve a\u00e7l\u0131\u011fa itilirken aile reisleri, k\u0131z \u00e7ocu\u011fu oldu\u011funda ve o k\u0131zlar belli bir ya\u015fa geldi\u011finde g\u00f6t\u00fcr\u00fcp diri diri topra\u011fa g\u00f6m\u00fcyorlard\u0131. Bu cahiliye Araplar\u0131nda ola\u011fan bir durumdu. Ya\u015fl\u0131ya ,anneye ,babaya sevgi ve sayg\u0131 yok olmu\u015f; akrbaya eziyet meziyet say\u0131l\u0131r hale gelmi\u015fti. Devlet b\u00fcy\u00fcklerinin yan\u0131nda fakir halk\u0131n hi\u00e7bir ehemniyeti yoktu. Nihayet peygamberimiz Hak s\u00f6z\u00fcyle geldi\u011finde ilk \u00f6nce mazlum halk sevmi\u015ftir \u00e7\u00fcnk\u00fc hak \u0131\u015f\u0131\u011f\u0131 herkes i\u00e7indi tarihten bug\u00fcne bir olu\u015fum yolu Hakk&#8217;tan m\u0131 yoksa bat\u0131ldanm\u0131 m\u0131 diye merak edersek bakmam\u0131z gereken yer mazlumlar\u0131n durumudur. E\u011fer o yol mazluma uzanabiliyorsa i\u015fte o yol Hakk&#8217;\u0131n yoludur. Bu kitap haz\u0131rlan\u0131rken olaylara bu a\u00e7\u0131dan bakm\u0131\u015ft\u0131r. Bu kitab\u0131 okudu\u011funuzda insanl\u0131\u011f\u0131n g\u00f6zlerinde bulunan bir\u00e7ok perdenin bir tanesi kalkm\u0131\u015f olacak ve hayata farkl\u0131 g\u00f6zlerle bakaca\u011f\u0131n\u0131z\u0131 umuyorum. \u0130yi okumalar&#8230;VAHAP BAYKARA<\/p>\n","protected":false},"excerpt":{"rendered":"<p>Adem&#8217;le ba\u015flayan insanl\u0131k tarihi boyunca ne zaman Hak s\u00f6z\u00fc ile peygamberler gelse o vakit mazlumlar\u0131n s\u0131rt\u0131ndaki y\u00fck azalm\u0131\u015ft\u0131r. Yak\u0131n tarih peygamberlerinde bunu g\u00f6rebiliriz. Hz Musa&#8217;n\u0131n geli\u015fi<span class=\"excerpt-hellip\"> [\u2026]<\/span><\/p>\n","protected":false},"featured_media":0,"template":"","meta":{"_monsterinsights_skip_tracking":false,"_monsterinsights_sitenote_active":false,"_monsterinsights_sitenote_note":"","_monsterinsights_sitenote_category":0},"product_brand":[],"product_cat":[31194,12337],"product_tag":[],"class_list":{"0":"post-714368","1":"product","2":"type-product","3":"status-publish","5":"product_cat-guncel-siyaset","6":"product_cat-politika-siyaset","7":"pa_cilt-ciltsiz","8":"pa_tur-kitap","9":"pa_yayinevi-yade-yayinlari","10":"pa_yazar-vahap-baykara","12":"first","13":"instock","14":"sale","15":"shipping-taxable","16":"purchasable","17":"product-type-simple"},"_links":{"self":[{"href":"https:\/\/roveyayinevi.com.tr\/index.php\/wp-json\/wp\/v2\/product\/714368","targetHints":{"allow":["GET"]}}],"collection":[{"href":"https:\/\/roveyayinevi.com.tr\/index.php\/wp-json\/wp\/v2\/product"}],"about":[{"href":"https:\/\/roveyayinevi.com.tr\/index.php\/wp-json\/wp\/v2\/types\/product"}],"wp:attachment":[{"href":"https:\/\/roveyayinevi.com.tr\/index.php\/wp-json\/wp\/v2\/media?parent=714368"}],"wp:term":[{"taxonomy":"product_brand","embeddable":true,"href":"https:\/\/roveyayinevi.com.tr\/index.php\/wp-json\/wp\/v2\/product_brand?post=714368"},{"taxonomy":"product_cat","embeddable":true,"href":"https:\/\/roveyayinevi.com.tr\/index.php\/wp-json\/wp\/v2\/product_cat?post=714368"},{"taxonomy":"product_tag","embeddable":true,"href":"https:\/\/roveyayinevi.com.tr\/index.php\/wp-json\/wp\/v2\/product_tag?post=714368"}],"curies":[{"name":"wp","href":"https:\/\/api.w.org\/{rel}","templated":true}]}}