{"id":714364,"date":"2025-08-27T17:17:44","date_gmt":"2025-08-27T14:17:44","guid":{"rendered":"https:\/\/roveyayinevi.com.tr\/index.php\/urun\/sonuclar-aciklandi\/"},"modified":"2026-04-16T02:22:48","modified_gmt":"2026-04-15T23:22:48","slug":"sonuclar-aciklandi","status":"publish","type":"product","link":"https:\/\/roveyayinevi.com.tr\/index.php\/urun\/sonuclar-aciklandi\/","title":{"rendered":"Sonu\u00e7lar A\u00e7\u0131kland\u0131"},"content":{"rendered":"<p>Bir kahramanl\u0131k yap\u0131p koyal\u0131m ad\u0131n\u0131 ikimizin bilip de s\u00f6yleyemedi\u011fi o \u015feyin g\u00f6rd\u00fc\u011f\u00fc halde g\u00f6rmezlikten gelip pe\u015fimden hep bana bak\u0131yor hissi a\u011fz\u0131ndan laf ald\u0131m g\u00fczel g\u00fcnlerin oturmaya bekliyor bizi <\/p>\n","protected":false},"excerpt":{"rendered":"<p>Bir kahramanl\u0131k yap\u0131p koyal\u0131m ad\u0131n\u0131 ikimizin bilip de s\u00f6yleyemedi\u011fi o \u015feyin g\u00f6rd\u00fc\u011f\u00fc halde g\u00f6rmezlikten gelip pe\u015fimden hep bana bak\u0131yor hissi a\u011fz\u0131ndan laf ald\u0131m g\u00fczel g\u00fcnlerin oturmaya<span class=\"excerpt-hellip\"> [\u2026]<\/span><\/p>\n","protected":false},"featured_media":0,"template":"","meta":{"_monsterinsights_skip_tracking":false,"_monsterinsights_sitenote_active":false,"_monsterinsights_sitenote_note":"","_monsterinsights_sitenote_category":0},"product_brand":[],"product_cat":[12291,12509],"product_tag":[],"class_list":{"0":"post-714364","1":"product","2":"type-product","3":"status-publish","5":"product_cat-edebiyat","6":"product_cat-siir","7":"pa_cilt-ciltsiz","8":"pa_tur-kitap","9":"pa_yayinevi-profil-kitap","10":"pa_yazar-orhan-ozekinci","12":"first","13":"instock","14":"sale","15":"shipping-taxable","16":"purchasable","17":"product-type-simple"},"_links":{"self":[{"href":"https:\/\/roveyayinevi.com.tr\/index.php\/wp-json\/wp\/v2\/product\/714364","targetHints":{"allow":["GET"]}}],"collection":[{"href":"https:\/\/roveyayinevi.com.tr\/index.php\/wp-json\/wp\/v2\/product"}],"about":[{"href":"https:\/\/roveyayinevi.com.tr\/index.php\/wp-json\/wp\/v2\/types\/product"}],"wp:attachment":[{"href":"https:\/\/roveyayinevi.com.tr\/index.php\/wp-json\/wp\/v2\/media?parent=714364"}],"wp:term":[{"taxonomy":"product_brand","embeddable":true,"href":"https:\/\/roveyayinevi.com.tr\/index.php\/wp-json\/wp\/v2\/product_brand?post=714364"},{"taxonomy":"product_cat","embeddable":true,"href":"https:\/\/roveyayinevi.com.tr\/index.php\/wp-json\/wp\/v2\/product_cat?post=714364"},{"taxonomy":"product_tag","embeddable":true,"href":"https:\/\/roveyayinevi.com.tr\/index.php\/wp-json\/wp\/v2\/product_tag?post=714364"}],"curies":[{"name":"wp","href":"https:\/\/api.w.org\/{rel}","templated":true}]}}