{"id":714363,"date":"2025-08-27T17:17:44","date_gmt":"2025-08-27T14:17:44","guid":{"rendered":"https:\/\/roveyayinevi.com.tr\/index.php\/urun\/muhur-kiran\/"},"modified":"2026-04-16T02:22:48","modified_gmt":"2026-04-15T23:22:48","slug":"muhur-kiran","status":"publish","type":"product","link":"https:\/\/roveyayinevi.com.tr\/index.php\/urun\/muhur-kiran\/","title":{"rendered":"M\u00fch\u00fcr K\u0131ran"},"content":{"rendered":"<p>Gael isimli d\u00fcnyan\u0131n bir k\u00f6\u015fesinde, deniz ve Nastar S\u0131rada\u011flar\u0131 ile \u00e7evrelenmi\u015f Andram topraklar\u0131nda ya\u015fayan cevher kullan\u0131c\u0131s\u0131 Neira\u2019n\u0131n, yasak bir yetenek olan s\u0131zd\u0131r\u0131c\u0131l\u0131\u011f\u0131 kullanan gen\u00e7 bir k\u0131z\u0131, Mai\u2019yi, askerlerden kurtarmas\u0131yla hik\u00e2ye ba\u015flar. Andram\u2019da yakalanan s\u0131zd\u0131r\u0131c\u0131lar, demir ala\u015f\u0131m\u0131 kar\u0131\u015ft\u0131r\u0131lm\u0131\u015f \u00f6zel bir boyan\u0131n kullan\u0131lmas\u0131yla yap\u0131lan d\u00f6vmelerle m\u00fch\u00fcrlenip yeteneklerini kullanamaz h\u00e2le getirilerek kim olduklar\u0131na bak\u0131lmaks\u0131z\u0131n s\u0131n\u0131r d\u0131\u015f\u0131 edilmektedirler. Ancak Neira son y\u0131llarda yakalanan s\u0131zd\u0131r\u0131c\u0131lar\u0131n s\u0131n\u0131r d\u0131\u015f\u0131 edilmek yerine ortadan kaybolduklar\u0131n\u0131 \u00f6\u011frenerek olay\u0131n ard\u0131ndaki gizemin pe\u015fine d\u00fc\u015fer.  Ayn\u0131 zamanda s\u0131n\u0131r \u015fehri Suira\u2019da ya\u015fayan cevher kullan\u0131c\u0131lar\u0131n\u0131n g\u00fc\u00e7lerindeki azal\u0131\u015f\u0131n ve yetenekle do\u011fan bebeklerin say\u0131s\u0131ndaki d\u00fc\u015f\u00fc\u015f\u00fcn nedenini ara\u015ft\u0131rmak isteyen Andram ordular\u0131n\u0131n komutan\u0131 Kyte, eski arkada\u015f\u0131 Neira\u2019ya gelerek bir anla\u015fma \u00f6nerir: Kendisinin, s\u0131zd\u0131r\u0131c\u0131lar\u0131n kaybolu\u015funun ard\u0131ndaki gizemi ara\u015ft\u0131rmas\u0131na kar\u015f\u0131l\u0131k, gen\u00e7 kad\u0131n da g\u00f6revlendirece\u011fi askerleriyle birlikte s\u0131rada\u011flar\u0131n &#8220;Dokuzlar&#8221; olarak bilinen b\u00f6l\u00fcm\u00fcndeki yer alt\u0131 t\u00fcnellerine ula\u015farak \u015fehrin i\u00e7me suyu kaynaklar\u0131n\u0131 kontrol edecektir.  Nastar S\u0131rada\u011flar\u0131\u2019n\u0131n Dokuzlar b\u00f6lgesi, i\u00e7 i\u00e7e ge\u00e7mi\u015f yer alt\u0131 ge\u00e7itleriyle \u00f6r\u00fclm\u00fc\u015ft\u00fcr. Bu t\u00fcneller, ejder sava\u015flar\u0131n\u0131n ard\u0131ndan cevher kullan\u0131c\u0131lar\u0131 taraf\u0131ndan Dokuzlar\u2019\u0131n g\u00f6lgesinde ya\u015famaya mahk\u00fbm edilmi\u015f eski ve kadim bir \u0131rka ve onlar\u0131n be\u015f liderine ev sahipli\u011fi yapmaktad\u0131r. Gizemli ve tehlikeli Dokuzlar\u2019a do\u011fru yola \u00e7\u0131kan Neira\u2019y\u0131 soluksuz bir macera beklemektedir. Bihter Saat\u00e7i&#8217;nin s\u00fcr\u00fckleyici roman\u0131 &#8220;M\u00fch\u00fcr K\u0131ran&#8221; fantastik kurgu edebiyat\u0131n\u0131 takip edenlerin severek okuyaca\u011f\u0131 bir eser&#8230; <\/p>\n","protected":false},"excerpt":{"rendered":"<p>Gael isimli d\u00fcnyan\u0131n bir k\u00f6\u015fesinde, deniz ve Nastar S\u0131rada\u011flar\u0131 ile \u00e7evrelenmi\u015f Andram topraklar\u0131nda ya\u015fayan cevher kullan\u0131c\u0131s\u0131 Neira\u2019n\u0131n, yasak bir yetenek olan s\u0131zd\u0131r\u0131c\u0131l\u0131\u011f\u0131 kullanan gen\u00e7 bir k\u0131z\u0131,<span class=\"excerpt-hellip\"> [\u2026]<\/span><\/p>\n","protected":false},"featured_media":0,"template":"","meta":{"_monsterinsights_skip_tracking":false,"_monsterinsights_sitenote_active":false,"_monsterinsights_sitenote_note":"","_monsterinsights_sitenote_category":0},"product_brand":[],"product_cat":[12291,12711],"product_tag":[],"class_list":{"0":"post-714363","1":"product","2":"type-product","3":"status-publish","5":"product_cat-edebiyat","6":"product_cat-roman-oyku","7":"pa_cilt-ciltsiz","8":"pa_tur-kitap","9":"pa_yayinevi-profil-kitap","10":"pa_yazar-bihter-saatci","12":"first","13":"instock","14":"sale","15":"shipping-taxable","16":"purchasable","17":"product-type-simple"},"_links":{"self":[{"href":"https:\/\/roveyayinevi.com.tr\/index.php\/wp-json\/wp\/v2\/product\/714363","targetHints":{"allow":["GET"]}}],"collection":[{"href":"https:\/\/roveyayinevi.com.tr\/index.php\/wp-json\/wp\/v2\/product"}],"about":[{"href":"https:\/\/roveyayinevi.com.tr\/index.php\/wp-json\/wp\/v2\/types\/product"}],"wp:attachment":[{"href":"https:\/\/roveyayinevi.com.tr\/index.php\/wp-json\/wp\/v2\/media?parent=714363"}],"wp:term":[{"taxonomy":"product_brand","embeddable":true,"href":"https:\/\/roveyayinevi.com.tr\/index.php\/wp-json\/wp\/v2\/product_brand?post=714363"},{"taxonomy":"product_cat","embeddable":true,"href":"https:\/\/roveyayinevi.com.tr\/index.php\/wp-json\/wp\/v2\/product_cat?post=714363"},{"taxonomy":"product_tag","embeddable":true,"href":"https:\/\/roveyayinevi.com.tr\/index.php\/wp-json\/wp\/v2\/product_tag?post=714363"}],"curies":[{"name":"wp","href":"https:\/\/api.w.org\/{rel}","templated":true}]}}