{"id":714362,"date":"2025-08-27T17:17:43","date_gmt":"2025-08-27T14:17:43","guid":{"rendered":"https:\/\/roveyayinevi.com.tr\/index.php\/urun\/maglubiyet-karinesi\/"},"modified":"2026-04-16T02:22:48","modified_gmt":"2026-04-15T23:22:48","slug":"maglubiyet-karinesi","status":"publish","type":"product","link":"https:\/\/roveyayinevi.com.tr\/index.php\/urun\/maglubiyet-karinesi\/","title":{"rendered":"Ma\u011flubiyet Karinesi"},"content":{"rendered":"<p>&#8220;D\u00fcnya, rengi ka\u00e7m\u0131\u015f h\u00e2lidir h\u00fczn\u00fcn ve tam \u00e7\u0131rpacakken yere d\u00fc\u015fmesi gibi k\u00fcl\u00fcn herkes bir sefer hay\u00e2lini kurmu\u015ftur bu hayatta \u00f6l\u00fcm\u00fcn. \u00d6lecek olmakt\u0131r ya\u015fad\u0131\u011f\u0131m\u0131z hayat\u0131n tek tesellisi \u00f6l\u00fcm de hayat\u0131n emekli ikramiyesi.&#8221; <\/p>\n","protected":false},"excerpt":{"rendered":"<p>&#8220;D\u00fcnya, rengi ka\u00e7m\u0131\u015f h\u00e2lidir h\u00fczn\u00fcn ve tam \u00e7\u0131rpacakken yere d\u00fc\u015fmesi gibi k\u00fcl\u00fcn herkes bir sefer hay\u00e2lini kurmu\u015ftur bu hayatta \u00f6l\u00fcm\u00fcn. \u00d6lecek olmakt\u0131r ya\u015fad\u0131\u011f\u0131m\u0131z hayat\u0131n tek tesellisi<span class=\"excerpt-hellip\"> [\u2026]<\/span><\/p>\n","protected":false},"featured_media":0,"template":"","meta":{"_monsterinsights_skip_tracking":false,"_monsterinsights_sitenote_active":false,"_monsterinsights_sitenote_note":"","_monsterinsights_sitenote_category":0},"product_brand":[],"product_cat":[12291,12509],"product_tag":[],"class_list":{"0":"post-714362","1":"product","2":"type-product","3":"status-publish","5":"product_cat-edebiyat","6":"product_cat-siir","7":"pa_cilt-ciltsiz","8":"pa_tur-kitap","9":"pa_yayinevi-profil-kitap","10":"pa_yazar-seyyid-ensar","12":"first","13":"instock","14":"sale","15":"shipping-taxable","16":"purchasable","17":"product-type-simple"},"_links":{"self":[{"href":"https:\/\/roveyayinevi.com.tr\/index.php\/wp-json\/wp\/v2\/product\/714362","targetHints":{"allow":["GET"]}}],"collection":[{"href":"https:\/\/roveyayinevi.com.tr\/index.php\/wp-json\/wp\/v2\/product"}],"about":[{"href":"https:\/\/roveyayinevi.com.tr\/index.php\/wp-json\/wp\/v2\/types\/product"}],"wp:attachment":[{"href":"https:\/\/roveyayinevi.com.tr\/index.php\/wp-json\/wp\/v2\/media?parent=714362"}],"wp:term":[{"taxonomy":"product_brand","embeddable":true,"href":"https:\/\/roveyayinevi.com.tr\/index.php\/wp-json\/wp\/v2\/product_brand?post=714362"},{"taxonomy":"product_cat","embeddable":true,"href":"https:\/\/roveyayinevi.com.tr\/index.php\/wp-json\/wp\/v2\/product_cat?post=714362"},{"taxonomy":"product_tag","embeddable":true,"href":"https:\/\/roveyayinevi.com.tr\/index.php\/wp-json\/wp\/v2\/product_tag?post=714362"}],"curies":[{"name":"wp","href":"https:\/\/api.w.org\/{rel}","templated":true}]}}