{"id":714360,"date":"2025-08-27T17:17:42","date_gmt":"2025-08-27T14:17:42","guid":{"rendered":"https:\/\/roveyayinevi.com.tr\/index.php\/urun\/guvercin-gerdanligi-2\/"},"modified":"2026-04-16T02:22:48","modified_gmt":"2026-04-15T23:22:48","slug":"guvercin-gerdanligi-2","status":"publish","type":"product","link":"https:\/\/roveyayinevi.com.tr\/index.php\/urun\/guvercin-gerdanligi-2\/","title":{"rendered":"G\u00fcvercin Gerdanl\u0131\u011f\u0131"},"content":{"rendered":"<p>\u201c\u2026halife saraylar\u0131n\u0131n hal\u0131lar\u0131 \u00fczerinde y\u00fcr\u00fcd\u00fcm, sultanlar\u0131n meclislerinde haz\u0131r bulundum; ama sevgilinin sevgiliye olan g\u00f6rkeminden daha g\u00f6rkemli bir \u015fey g\u00f6rmedim. Prensleri ma\u011flup eden fatihlerin zaferini, vezirlerin n\u00fcfuzunu, mevkilerinin keyfini s\u00fcren devlet ricalini g\u00f6rd\u00fcm; ama sevgilisinin g\u00f6nl\u00fcne sahip oldu\u011fundan, onun ilgisinden ve a\u015fk\u0131ndan emin olan bir sevenin mutlulu\u011fundan daha co\u015fkulu bir sevince \u015fahit olmad\u0131m.\u201dSevdin diye k\u0131n\u0131yor beni a\u015fk nedir bilmeyenlerKonu\u015fmu\u015flar susmu\u015flar ne \u00f6nemi var?Umurumda olmaz ay\u0131plamalar\u0131 beni a\u015fk i\u00e7in\u0130ster y\u00fcz\u00fcme konu\u015fsunlar ister k\u00f6\u015felerde f\u0131s\u0131lda\u015fs\u0131nlarElinizdeki eser pek \u00e7ok d\u00fcnya diline \u00e7evrilmi\u015f bir a\u015fk klasi\u011fidir. Arap\u00e7ada \u201cg\u00fcvercin gerdanl\u0131\u011f\u0131\u201d deyimi \u201cki\u015finin devaml\u0131 yan\u0131nda ta\u015f\u0131d\u0131\u011f\u0131, hep birlikte oldu\u011fu ve hi\u00e7 ayr\u0131lmad\u0131\u011f\u0131 \u015feyler i\u00e7in kullan\u0131lan bir ifade\u201d \u015feklinde tan\u0131mlan\u0131r. Nas\u0131l ki g\u00fcvercinin boynundaki halka \u015feklindeki t\u00fcyler onu farkl\u0131 k\u0131lan ve ondan hi\u00e7 ayr\u0131lmayan bir \u00f6zellikse, a\u015fk\u0131n mahiyetini if\u015fa eden bu kitap da okuyucunun bir gerdanl\u0131k gibi boynuna takt\u0131\u011f\u0131 yolda\u015f\u0131 ve a\u015fk k\u0131lavuzudur.Mehmet Hakk\u0131 Su\u00e7in<\/p>\n","protected":false},"excerpt":{"rendered":"<p>\u201c\u2026halife saraylar\u0131n\u0131n hal\u0131lar\u0131 \u00fczerinde y\u00fcr\u00fcd\u00fcm, sultanlar\u0131n meclislerinde haz\u0131r bulundum; ama sevgilinin sevgiliye olan g\u00f6rkeminden daha g\u00f6rkemli bir \u015fey g\u00f6rmedim. Prensleri ma\u011flup eden fatihlerin zaferini, vezirlerin n\u00fcfuzunu,<span class=\"excerpt-hellip\"> [\u2026]<\/span><\/p>\n","protected":false},"featured_media":0,"template":"","meta":{"_monsterinsights_skip_tracking":false,"_monsterinsights_sitenote_active":false,"_monsterinsights_sitenote_note":"","_monsterinsights_sitenote_category":0},"product_brand":[],"product_cat":[12291,12711],"product_tag":[],"class_list":{"0":"post-714360","1":"product","2":"type-product","3":"status-publish","5":"product_cat-edebiyat","6":"product_cat-roman-oyku","7":"pa_cilt-ciltsiz","8":"pa_tur-kitap","9":"pa_yayinevi-kapi-yayinlari","10":"pa_yazar-ibn-hazm","12":"first","13":"instock","14":"sale","15":"shipping-taxable","16":"purchasable","17":"product-type-simple"},"_links":{"self":[{"href":"https:\/\/roveyayinevi.com.tr\/index.php\/wp-json\/wp\/v2\/product\/714360","targetHints":{"allow":["GET"]}}],"collection":[{"href":"https:\/\/roveyayinevi.com.tr\/index.php\/wp-json\/wp\/v2\/product"}],"about":[{"href":"https:\/\/roveyayinevi.com.tr\/index.php\/wp-json\/wp\/v2\/types\/product"}],"wp:attachment":[{"href":"https:\/\/roveyayinevi.com.tr\/index.php\/wp-json\/wp\/v2\/media?parent=714360"}],"wp:term":[{"taxonomy":"product_brand","embeddable":true,"href":"https:\/\/roveyayinevi.com.tr\/index.php\/wp-json\/wp\/v2\/product_brand?post=714360"},{"taxonomy":"product_cat","embeddable":true,"href":"https:\/\/roveyayinevi.com.tr\/index.php\/wp-json\/wp\/v2\/product_cat?post=714360"},{"taxonomy":"product_tag","embeddable":true,"href":"https:\/\/roveyayinevi.com.tr\/index.php\/wp-json\/wp\/v2\/product_tag?post=714360"}],"curies":[{"name":"wp","href":"https:\/\/api.w.org\/{rel}","templated":true}]}}