{"id":714359,"date":"2025-08-27T17:17:41","date_gmt":"2025-08-27T14:17:41","guid":{"rendered":"https:\/\/roveyayinevi.com.tr\/index.php\/urun\/belki-de-nese\/"},"modified":"2026-04-12T02:27:31","modified_gmt":"2026-04-11T23:27:31","slug":"belki-de-nese","status":"publish","type":"product","link":"https:\/\/roveyayinevi.com.tr\/index.php\/urun\/belki-de-nese\/","title":{"rendered":"Belki De Ne\u015fe"},"content":{"rendered":"<p>\u201cHayat, en uzunu, sakal\u0131 nehri and\u0131ran en uzun \u00f6m\u00fcrl\u00fc ihtiyar\u0131nki De d\u00e2hil olmak \u00fczere, ard\u0131nda her zaman karanl\u0131k Suskunluklar, k\u00fcle d\u00f6nmeyen harabeler, me\u00e7hul Adalar b\u0131rak\u0131r. Altm\u0131\u015f y\u0131l de\u011fil, akla hayale s\u0131\u011fmayacak alt\u0131 Y\u00fcz y\u0131l daha ge\u00e7se bile, bu s\u00fcre adalar\u0131 ya\u015fan\u0131r k\u0131lmaya, Harabeleri k\u00fcl etmeye yetmez; insan karanl\u0131klardan bahsetme Mecburiyetinden gene kurtulamaz.\u201d\u00c7a\u011fda\u015f d\u00fcnya edebiyat\u0131n\u0131n \u00f6l\u00fcms\u00fcz kalemlerinden Jos\u00e9 Saramago\u2019nun \u00fc\u00e7 kitaptan olu\u015fan Toplu \u015eiirler\u2019i art\u0131k T\u00fcrk\u00e7ede.<\/p>\n","protected":false},"excerpt":{"rendered":"<p>\u201cHayat, en uzunu, sakal\u0131 nehri and\u0131ran en uzun \u00f6m\u00fcrl\u00fc ihtiyar\u0131nki De d\u00e2hil olmak \u00fczere, ard\u0131nda her zaman karanl\u0131k Suskunluklar, k\u00fcle d\u00f6nmeyen harabeler, me\u00e7hul Adalar b\u0131rak\u0131r. Altm\u0131\u015f<span class=\"excerpt-hellip\"> [\u2026]<\/span><\/p>\n","protected":false},"featured_media":0,"template":"","meta":{"_monsterinsights_skip_tracking":false,"_monsterinsights_sitenote_active":false,"_monsterinsights_sitenote_note":"","_monsterinsights_sitenote_category":0},"product_brand":[],"product_cat":[12291,12509],"product_tag":[],"class_list":{"0":"post-714359","1":"product","2":"type-product","3":"status-publish","5":"product_cat-edebiyat","6":"product_cat-siir","7":"pa_cilt-ciltsiz","8":"pa_tur-kitap","9":"pa_yayinevi-kirmizi-kedi-yayinevi","10":"pa_yazar-jose-saramago","12":"first","13":"instock","14":"sale","15":"shipping-taxable","16":"purchasable","17":"product-type-simple"},"_links":{"self":[{"href":"https:\/\/roveyayinevi.com.tr\/index.php\/wp-json\/wp\/v2\/product\/714359","targetHints":{"allow":["GET"]}}],"collection":[{"href":"https:\/\/roveyayinevi.com.tr\/index.php\/wp-json\/wp\/v2\/product"}],"about":[{"href":"https:\/\/roveyayinevi.com.tr\/index.php\/wp-json\/wp\/v2\/types\/product"}],"wp:attachment":[{"href":"https:\/\/roveyayinevi.com.tr\/index.php\/wp-json\/wp\/v2\/media?parent=714359"}],"wp:term":[{"taxonomy":"product_brand","embeddable":true,"href":"https:\/\/roveyayinevi.com.tr\/index.php\/wp-json\/wp\/v2\/product_brand?post=714359"},{"taxonomy":"product_cat","embeddable":true,"href":"https:\/\/roveyayinevi.com.tr\/index.php\/wp-json\/wp\/v2\/product_cat?post=714359"},{"taxonomy":"product_tag","embeddable":true,"href":"https:\/\/roveyayinevi.com.tr\/index.php\/wp-json\/wp\/v2\/product_tag?post=714359"}],"curies":[{"name":"wp","href":"https:\/\/api.w.org\/{rel}","templated":true}]}}