{"id":714356,"date":"2025-08-27T17:17:39","date_gmt":"2025-08-27T14:17:39","guid":{"rendered":"https:\/\/roveyayinevi.com.tr\/index.php\/urun\/erken-cocukluk-doneminde-gelisim-i\/"},"modified":"2026-04-16T02:22:48","modified_gmt":"2026-04-15T23:22:48","slug":"erken-cocukluk-doneminde-gelisim-i","status":"publish","type":"product","link":"https:\/\/roveyayinevi.com.tr\/index.php\/urun\/erken-cocukluk-doneminde-gelisim-i\/","title":{"rendered":"Erken \u00c7ocukluk D\u00f6neminde Geli\u015fim I"},"content":{"rendered":"<p>Bebeklerin ya\u015famlar\u0131n\u0131n ilk iki y\u0131l\u0131ndaki geli\u015fimi \u00e7o\u011funlukla \u015fa\u015fk\u0131nl\u0131kla izleriz. Yeni do\u011fan bebek hen\u00fcz kendisinin ayr\u0131 bir varl\u0131k oldu\u011funun bile fark\u0131nda de\u011filken, iki ya\u015f\u0131n sonuna do\u011fru g\u00f6r\u00fc\u015f alan\u0131nda olmayan objelerin ve insanlar\u0131n var oldu\u011funu bilir. Yeni do\u011fdu\u011funda hen\u00fcz ba\u015f\u0131n\u0131 dik tutamazken iki-\u00fc\u00e7 ya\u015flar\u0131na geldi\u011finde rahatl\u0131kla y\u00fcr\u00fcr. A\u011flamalar\u0131, agulamalar\u0131, g\u00fcl\u00fcmsemesi ile ileti\u015fime ge\u00e7erken ilerleyen s\u00fcre\u00e7te ilk s\u00f6zc\u00fc\u011f\u00fcn\u00fc s\u00f6yler, ilk c\u00fcmlelerini kurar. Erken \u00e7ocukluk d\u00f6neminin sonlar\u0131na do\u011fru \u00e7evresinde konu\u015fulan dili ya da dilleri bir yeti\u015fkin gibi gramer kurallar\u0131na uygun bir \u015fekilde kullan\u0131r. K\u00fc\u00e7\u00fcc\u00fck bir bebekken yan\u0131nda a\u011flayan ba\u015fka bebeklerden etkilenerek a\u011flarken, d\u00f6nemin sonlar\u0131na do\u011fru ba\u015fkalar\u0131n\u0131n \u00fcz\u00fcnt\u00fcs\u00fcn\u00fc anlar ve onu rahatlatmaya \u00e7al\u0131\u015f\u0131r.Geli\u015fimin b\u00f6ylesine h\u0131zl\u0131 oldu\u011fu erken \u00e7ocukluk y\u0131llar\u0131ndaki \u00e7ocuklarla \u00e7al\u0131\u015fan e\u011fitimcilerin her \u00e7ocu\u011fun biricik oldu\u011fu ilkesini ve de daha bir\u00e7ok ilkeyi g\u00f6z \u00f6n\u00fcnde bulundurarak etkili e\u011fitim ortamlar\u0131 haz\u0131rlamalar\u0131n\u0131n \u00f6nemi b\u00fcy\u00fckt\u00fcr. Etkili ve \u00e7ocu\u011fa g\u00f6re e\u011fitim ortamlar\u0131 haz\u0131rlaman\u0131n temelinde bu d\u00f6nem \u00e7ocuklar\u0131n\u0131n geli\u015fimlerini bilmek elzem olarak g\u00f6r\u00fcl\u00fcr.<\/p>\n","protected":false},"excerpt":{"rendered":"<p>Bebeklerin ya\u015famlar\u0131n\u0131n ilk iki y\u0131l\u0131ndaki geli\u015fimi \u00e7o\u011funlukla \u015fa\u015fk\u0131nl\u0131kla izleriz. Yeni do\u011fan bebek hen\u00fcz kendisinin ayr\u0131 bir varl\u0131k oldu\u011funun bile fark\u0131nda de\u011filken, iki ya\u015f\u0131n sonuna do\u011fru g\u00f6r\u00fc\u015f<span class=\"excerpt-hellip\"> [\u2026]<\/span><\/p>\n","protected":false},"featured_media":0,"template":"","meta":{"_monsterinsights_skip_tracking":false,"_monsterinsights_sitenote_active":false,"_monsterinsights_sitenote_note":"","_monsterinsights_sitenote_category":0},"product_brand":[],"product_cat":[26509,13365],"product_tag":[],"class_list":{"0":"post-714356","1":"product","2":"type-product","3":"status-publish","5":"product_cat-cocuk-gelisimi","6":"product_cat-saglik","7":"pa_cilt-ciltsiz","8":"pa_tur-kitap","9":"pa_yayinevi-ani-yayincilik","10":"pa_yazar-aysel-koksal-akyol","12":"first","13":"instock","14":"sale","15":"shipping-taxable","16":"purchasable","17":"product-type-simple"},"_links":{"self":[{"href":"https:\/\/roveyayinevi.com.tr\/index.php\/wp-json\/wp\/v2\/product\/714356","targetHints":{"allow":["GET"]}}],"collection":[{"href":"https:\/\/roveyayinevi.com.tr\/index.php\/wp-json\/wp\/v2\/product"}],"about":[{"href":"https:\/\/roveyayinevi.com.tr\/index.php\/wp-json\/wp\/v2\/types\/product"}],"wp:attachment":[{"href":"https:\/\/roveyayinevi.com.tr\/index.php\/wp-json\/wp\/v2\/media?parent=714356"}],"wp:term":[{"taxonomy":"product_brand","embeddable":true,"href":"https:\/\/roveyayinevi.com.tr\/index.php\/wp-json\/wp\/v2\/product_brand?post=714356"},{"taxonomy":"product_cat","embeddable":true,"href":"https:\/\/roveyayinevi.com.tr\/index.php\/wp-json\/wp\/v2\/product_cat?post=714356"},{"taxonomy":"product_tag","embeddable":true,"href":"https:\/\/roveyayinevi.com.tr\/index.php\/wp-json\/wp\/v2\/product_tag?post=714356"}],"curies":[{"name":"wp","href":"https:\/\/api.w.org\/{rel}","templated":true}]}}