{"id":714355,"date":"2025-08-27T17:17:38","date_gmt":"2025-08-27T14:17:38","guid":{"rendered":"https:\/\/roveyayinevi.com.tr\/index.php\/urun\/duygular-sozlugu-acimadan-zevklenmeye\/"},"modified":"2026-04-16T02:22:48","modified_gmt":"2026-04-15T23:22:48","slug":"duygular-sozlugu-acimadan-zevklenmeye","status":"publish","type":"product","link":"https:\/\/roveyayinevi.com.tr\/index.php\/urun\/duygular-sozlugu-acimadan-zevklenmeye\/","title":{"rendered":"Duygular S\u00f6zl\u00fc\u011f\u00fc: \u201cAc\u0131ma\u201ddan \u201cZevklenme\u201dye"},"content":{"rendered":"<p>Bug\u00fcn d\u00fcnyan\u0131n \u00e7ok farkl\u0131 co\u011frafyalar\u0131nda, \u00e7ok farkl\u0131 k\u00fclt\u00fcrlerinde ya\u015fanmakta olan say\u0131s\u0131z duygunun i\u00e7erisinden se\u00e7ilmi\u015f 154 duygudan olu\u015fan Duygular S\u00f6zl\u00fc\u011f\u00fc, Antik Yunan mahkemelerinde a\u011flayan ju\u0308rilerden cesur, sakall\u0131 R\u00f6nesans kad\u0131nlar\u0131na, 18. yu\u0308zy\u0131l doktorlar\u0131n\u0131n kalbi titreten duygular\u0131ndan Darwin\u2019in Londra Hayvanat Bah\u00e7esi\u2019nde kendi u\u0308zerinde yapt\u0131\u011f\u0131 deneylere, I. Du\u0308nya Sava\u015f\u0131 sonras\u0131 bunal\u0131ma giren askerlerden gu\u0308nu\u0308mu\u0308zu\u0308n sinirbilim ve beyin g\u00f6ru\u0308ntu\u0308leme ku\u0308ltu\u0308ru\u0308ne duygular\u0131n nas\u0131l alg\u0131land\u0131\u011f\u0131 ve ya\u015fand\u0131\u011f\u0131 hakk\u0131nda. \u00dczu\u0308len, somurtan, u\u0308rken, sevinen bedenlerimizin nas\u0131l farkl\u0131 \u015fekillerde bu du\u0308nyada var oldu\u011fu; ahlaki ve siyasi hiyerar\u015fileriyle, cinsiyet, cinsellik, \u0131rk ve s\u0131n\u0131f hakk\u0131ndaki varsay\u0131mlar\u0131yla, felsefi g\u00f6ru\u0308\u015fleri ve bilimsel kuramlar\u0131yla du\u0308nyan\u0131n bizim i\u00e7imize nas\u0131l yerle\u015fti\u011fi hakk\u0131nda. \u201cDuygularla dil aras\u0131ndaki ba\u011flant\u0131y\u0131 g\u00f6rmek b\u00fcy\u00fcleyici. Duygular\u0131n belirsizli\u011fini kelimelerin kesinli\u011fiyle giderme d\u00fcrt\u00fcs\u00fc. Tiffany Watt Smith duygular\u0131m\u0131z\u0131 tan\u0131mlamak i\u00e7in birka\u00e7 s\u00f6zc\u00fckten daha fazlas\u0131na ihtiyac\u0131m\u0131z oldu\u011funu ileri s\u00fcr\u00fcyor. Bu e\u011flenceli ve e\u011fitici kitab\u0131n verdi\u011fi okuma zevkini anlatan bir s\u00f6zc\u00fck de kitaba girebilir.\u201d The Guardian <\/p>\n","protected":false},"excerpt":{"rendered":"<p>Bug\u00fcn d\u00fcnyan\u0131n \u00e7ok farkl\u0131 co\u011frafyalar\u0131nda, \u00e7ok farkl\u0131 k\u00fclt\u00fcrlerinde ya\u015fanmakta olan say\u0131s\u0131z duygunun i\u00e7erisinden se\u00e7ilmi\u015f 154 duygudan olu\u015fan Duygular S\u00f6zl\u00fc\u011f\u00fc, Antik Yunan mahkemelerinde a\u011flayan ju\u0308rilerden cesur, sakall\u0131<span class=\"excerpt-hellip\"> [\u2026]<\/span><\/p>\n","protected":false},"featured_media":0,"template":"","meta":{"_monsterinsights_skip_tracking":false,"_monsterinsights_sitenote_active":false,"_monsterinsights_sitenote_note":"","_monsterinsights_sitenote_category":0},"product_brand":[],"product_cat":[20225,12291],"product_tag":[],"class_list":{"0":"post-714355","1":"product","2":"type-product","3":"status-publish","5":"product_cat-dil-bilim","6":"product_cat-edebiyat","7":"pa_cilt-ciltsiz","8":"pa_tur-kitap","9":"pa_yayinevi-kolektif-kitap","10":"pa_yazar-tiffany-watt-smith","12":"first","13":"instock","14":"sale","15":"shipping-taxable","16":"purchasable","17":"product-type-simple"},"_links":{"self":[{"href":"https:\/\/roveyayinevi.com.tr\/index.php\/wp-json\/wp\/v2\/product\/714355","targetHints":{"allow":["GET"]}}],"collection":[{"href":"https:\/\/roveyayinevi.com.tr\/index.php\/wp-json\/wp\/v2\/product"}],"about":[{"href":"https:\/\/roveyayinevi.com.tr\/index.php\/wp-json\/wp\/v2\/types\/product"}],"wp:attachment":[{"href":"https:\/\/roveyayinevi.com.tr\/index.php\/wp-json\/wp\/v2\/media?parent=714355"}],"wp:term":[{"taxonomy":"product_brand","embeddable":true,"href":"https:\/\/roveyayinevi.com.tr\/index.php\/wp-json\/wp\/v2\/product_brand?post=714355"},{"taxonomy":"product_cat","embeddable":true,"href":"https:\/\/roveyayinevi.com.tr\/index.php\/wp-json\/wp\/v2\/product_cat?post=714355"},{"taxonomy":"product_tag","embeddable":true,"href":"https:\/\/roveyayinevi.com.tr\/index.php\/wp-json\/wp\/v2\/product_tag?post=714355"}],"curies":[{"name":"wp","href":"https:\/\/api.w.org\/{rel}","templated":true}]}}