{"id":714353,"date":"2025-08-27T17:17:37","date_gmt":"2025-08-27T14:17:37","guid":{"rendered":"https:\/\/roveyayinevi.com.tr\/index.php\/urun\/mizah-penceresinden-yunanistanda-halk-savas-ve-siyaset\/"},"modified":"2026-04-16T02:22:48","modified_gmt":"2026-04-15T23:22:48","slug":"mizah-penceresinden-yunanistanda-halk-savas-ve-siyaset","status":"publish","type":"product","link":"https:\/\/roveyayinevi.com.tr\/index.php\/urun\/mizah-penceresinden-yunanistanda-halk-savas-ve-siyaset\/","title":{"rendered":"Mizah Penceresinden Yunanistan&#8217;da Halk, Sava\u015f ve Siyaset"},"content":{"rendered":"<p>Elinizdeki \u00e7al\u0131\u015fmada, 1919-1923 y\u0131llar\u0131 aras\u0131nda Venizelist Embros, Antivenizelist Skrip ve sol yay\u0131n organ\u0131 Rizospastis gazetelerinde yer alan karikat\u00fcrlerle perdeleri biraz aralayarak \u201cAnadolu Harek\u00e2t\u0131\u201d d\u00f6neminde Yunanistan ve Yunan toplumu g\u00f6r\u00fclmeye, \u00f6nemli bir propaganda aparat\u0131 olan s\u00f6z konusu g\u00f6rsel malzeme \u00fczerinden Yunan kamuoyu anla\u015f\u0131lmaya \u00e7al\u0131\u015f\u0131lm\u0131\u015ft\u0131r. Nitekim Bat\u0131 Anadolu\u2019nun Yunanistan taraf\u0131ndan i\u015fgal edildi\u011fi bu d\u00f6nemde Yunan toplumu da \u00fc\u00e7e b\u00f6l\u00fcnm\u00fc\u015f bir durumdayd\u0131 ve geli\u015fmelere tepkisi hangi kanatta bulundu\u011funa g\u00f6re farkl\u0131l\u0131k g\u00f6stermekteydi. Bas\u0131n\u0131n, kamuoyu olu\u015fturmada en \u00f6nemli ara\u00e7lardan biri oldu\u011funun unutulmamas\u0131 gerekmektedir. Kamuoyunun konulara bak\u0131\u015f bi\u00e7iminin irdelenmesinde ise mizah\u0131n \u00f6nemli bir yeri vard\u0131r. Kald\u0131 ki karikat\u00fcrler \u00f6nemli tarihi belgeler olup, \u00e7o\u011fu kez muhalif bir \u00e7izgide olduklar\u0131 i\u00e7in de resmi kaynaklar\u0131n s\u00f6ylemedi\u011fi ya da tarih kitaplar\u0131n\u0131n yazmak istemedi\u011fi birtak\u0131m olaylara, ki\u015filere ve toplumun ya\u015fad\u0131klar\u0131na \u0131\u015f\u0131k tutabilirler. T\u00fcrk milletinin topraklar\u0131n\u0131 i\u015fgal eden ordulara kar\u015f\u0131 ger\u00e7ekle\u015ftirmi\u015f oldu\u011fu kurtulu\u015f m\u00fccadelesinin bir as\u0131r sonras\u0131nda, Nil\u00fcfer Erdem\u2019in Mizah Penceresinden Yunanistan\u2019da Halk, Sava\u015f ve Siyaset (1919-1923) isimli kitab\u0131n\u0131n, d\u00f6nemi ve akt\u00f6rlerini ba\u015fka bir a\u00e7\u0131dan anlamak isteyenlere katk\u0131da bulunaca\u011f\u0131n\u0131 \u00fcmit ediyoruz.<\/p>\n","protected":false},"excerpt":{"rendered":"<p>Elinizdeki \u00e7al\u0131\u015fmada, 1919-1923 y\u0131llar\u0131 aras\u0131nda Venizelist Embros, Antivenizelist Skrip ve sol yay\u0131n organ\u0131 Rizospastis gazetelerinde yer alan karikat\u00fcrlerle perdeleri biraz aralayarak \u201cAnadolu Harek\u00e2t\u0131\u201d d\u00f6neminde Yunanistan ve<span class=\"excerpt-hellip\"> [\u2026]<\/span><\/p>\n","protected":false},"featured_media":0,"template":"","meta":{"_monsterinsights_skip_tracking":false,"_monsterinsights_sitenote_active":false,"_monsterinsights_sitenote_note":"","_monsterinsights_sitenote_category":0},"product_brand":[],"product_cat":[36242,12566,13611],"product_tag":[],"class_list":{"0":"post-714353","1":"product","2":"type-product","3":"status-publish","5":"product_cat-diger-sozlukler-ve-konusma-kilavuzlari","6":"product_cat-egitim","7":"product_cat-sozlukler-ve-konusma-kilavuzlari","8":"pa_cilt-ciltsiz","9":"pa_tur-kitap","10":"pa_yayinevi-otuken-nesriyat","11":"pa_yazar-nilufer-erdem","13":"first","14":"instock","15":"sale","16":"shipping-taxable","17":"purchasable","18":"product-type-simple"},"_links":{"self":[{"href":"https:\/\/roveyayinevi.com.tr\/index.php\/wp-json\/wp\/v2\/product\/714353","targetHints":{"allow":["GET"]}}],"collection":[{"href":"https:\/\/roveyayinevi.com.tr\/index.php\/wp-json\/wp\/v2\/product"}],"about":[{"href":"https:\/\/roveyayinevi.com.tr\/index.php\/wp-json\/wp\/v2\/types\/product"}],"wp:attachment":[{"href":"https:\/\/roveyayinevi.com.tr\/index.php\/wp-json\/wp\/v2\/media?parent=714353"}],"wp:term":[{"taxonomy":"product_brand","embeddable":true,"href":"https:\/\/roveyayinevi.com.tr\/index.php\/wp-json\/wp\/v2\/product_brand?post=714353"},{"taxonomy":"product_cat","embeddable":true,"href":"https:\/\/roveyayinevi.com.tr\/index.php\/wp-json\/wp\/v2\/product_cat?post=714353"},{"taxonomy":"product_tag","embeddable":true,"href":"https:\/\/roveyayinevi.com.tr\/index.php\/wp-json\/wp\/v2\/product_tag?post=714353"}],"curies":[{"name":"wp","href":"https:\/\/api.w.org\/{rel}","templated":true}]}}