{"id":714352,"date":"2025-08-27T17:17:36","date_gmt":"2025-08-27T14:17:36","guid":{"rendered":"https:\/\/roveyayinevi.com.tr\/index.php\/urun\/yalniz-efe-6\/"},"modified":"2026-04-16T02:22:48","modified_gmt":"2026-04-15T23:22:48","slug":"yalniz-efe-6","status":"publish","type":"product","link":"https:\/\/roveyayinevi.com.tr\/index.php\/urun\/yalniz-efe-6\/","title":{"rendered":"Yaln\u0131z Efe"},"content":{"rendered":"<p>Prof. Dr. Naz\u0131m Hikmet Polat taraf\u0131ndan haz\u0131rlanan \u00d6t\u00fcken\u2019in \u00d6mer Seyfettin K\u00fclliyat\u0131, yazar\u0131n sa\u011fl\u0131\u011f\u0131nda yay\u0131mlad\u0131\u011f\u0131 kitaplar esas al\u0131narak ayn\u0131 \u00e7er\u00e7evedeki di\u011fer metinler ilgili eserlere eklenerek meydana getirilmi\u015ftir. Eski Kahramanlar &#8211; Yaln\u0131z Efe cildinde yer alan hik\u00e2yeleri d\u00f6rt grup h\u00e2linde d\u00fc\u015f\u00fcnmek m\u00fcmk\u00fcnd\u00fcr: 1. Eski Kahramanlar serisi ve ayn\u0131 \u00e7er\u00e7eveye girebilecek olanlar, 2. Yaln\u0131z Efe metinleri, 3. Balkan co\u011frafyas\u0131nda \u00e7ete takibinden do\u011fanlar, 4. \u00c7anakkale Sava\u015f\u0131 s\u0131ras\u0131nda cepheye yap\u0131lan gezinin g\u00f6zlem ve intibalar\u0131yla yaz\u0131lanlar. \u00d6mer Seyfettin bu hik\u00e2yeleriyle, toplumsal faydac\u0131 sanat anlay\u0131\u015f\u0131n\u0131n ve devrinin, omuzlar\u0131na y\u00fckledi\u011fi bir sorumlulu\u011fu yerine getirmi\u015ftir.<\/p>\n","protected":false},"excerpt":{"rendered":"<p>Prof. Dr. Naz\u0131m Hikmet Polat taraf\u0131ndan haz\u0131rlanan \u00d6t\u00fcken\u2019in \u00d6mer Seyfettin K\u00fclliyat\u0131, yazar\u0131n sa\u011fl\u0131\u011f\u0131nda yay\u0131mlad\u0131\u011f\u0131 kitaplar esas al\u0131narak ayn\u0131 \u00e7er\u00e7evedeki di\u011fer metinler ilgili eserlere eklenerek meydana getirilmi\u015ftir.<span class=\"excerpt-hellip\"> [\u2026]<\/span><\/p>\n","protected":false},"featured_media":0,"template":"","meta":{"_monsterinsights_skip_tracking":false,"_monsterinsights_sitenote_active":false,"_monsterinsights_sitenote_note":"","_monsterinsights_sitenote_category":0},"product_brand":[],"product_cat":[12274,20117],"product_tag":[],"class_list":{"0":"post-714352","1":"product","2":"type-product","3":"status-publish","5":"product_cat-cocuk-ve-genclik-kitaplari","6":"product_cat-turk-klasikleri","7":"pa_cilt-ciltsiz","8":"pa_tur-kitap","9":"pa_yayinevi-otuken-nesriyat","10":"pa_yazar-omer-seyfettin","12":"first","13":"instock","14":"sale","15":"shipping-taxable","16":"purchasable","17":"product-type-simple"},"_links":{"self":[{"href":"https:\/\/roveyayinevi.com.tr\/index.php\/wp-json\/wp\/v2\/product\/714352","targetHints":{"allow":["GET"]}}],"collection":[{"href":"https:\/\/roveyayinevi.com.tr\/index.php\/wp-json\/wp\/v2\/product"}],"about":[{"href":"https:\/\/roveyayinevi.com.tr\/index.php\/wp-json\/wp\/v2\/types\/product"}],"wp:attachment":[{"href":"https:\/\/roveyayinevi.com.tr\/index.php\/wp-json\/wp\/v2\/media?parent=714352"}],"wp:term":[{"taxonomy":"product_brand","embeddable":true,"href":"https:\/\/roveyayinevi.com.tr\/index.php\/wp-json\/wp\/v2\/product_brand?post=714352"},{"taxonomy":"product_cat","embeddable":true,"href":"https:\/\/roveyayinevi.com.tr\/index.php\/wp-json\/wp\/v2\/product_cat?post=714352"},{"taxonomy":"product_tag","embeddable":true,"href":"https:\/\/roveyayinevi.com.tr\/index.php\/wp-json\/wp\/v2\/product_tag?post=714352"}],"curies":[{"name":"wp","href":"https:\/\/api.w.org\/{rel}","templated":true}]}}