{"id":714351,"date":"2025-08-27T17:17:36","date_gmt":"2025-08-27T14:17:36","guid":{"rendered":"https:\/\/roveyayinevi.com.tr\/index.php\/urun\/farkli-boyutlariyla-avrupa-birligi-turkiye-iliskileri\/"},"modified":"2026-04-16T02:22:48","modified_gmt":"2026-04-15T23:22:48","slug":"farkli-boyutlariyla-avrupa-birligi-turkiye-iliskileri","status":"publish","type":"product","link":"https:\/\/roveyayinevi.com.tr\/index.php\/urun\/farkli-boyutlariyla-avrupa-birligi-turkiye-iliskileri\/","title":{"rendered":"Farkl\u0131 Boyutlar\u0131yla Avrupa Birli\u011fi T\u00fcrkiye \u0130li\u015fkileri"},"content":{"rendered":"<p>Son d\u00f6nemde \u00f6zellikle \u0130ngiltere\u2019nin birlikten ayr\u0131lmas\u0131 (Brexit), M\u00fclteciler konusundaki \u00fcye \u00fclkeler aras\u0131ndaki derin farkl\u0131l\u0131klar, Yunanistan\u2019da ya\u015fanan mali kriz sonras\u0131 Avrupa Para Birli\u011finden \u00e7\u0131kar\u0131lmas\u0131 tart\u0131\u015fmalar\u0131 ve \u00fcye \u00fclkelerde y\u00fckselen a\u015f\u0131r\u0131 milliyet\u00e7i hareketler Avrupa Birli\u011finin (AB) gelece\u011fine y\u00f6nelik tart\u0131\u015fmalar\u0131n artmas\u0131na yol a\u00e7maktad\u0131r. Buna kar\u015f\u0131n, Avrupa Birli\u011fi\u2019nin geli\u015fimi, \u00fcst norm ve kimli\u011finin olu\u015fumu, kom\u015fu ve aday \u00fclkelere etkileri akademik camiada halen ilgi g\u00f6rmektedir. 1950-95 aras\u0131 d\u00f6nem akademik \u00e7al\u0131\u015fmalar, AB\u2019nin kurum ve normlar\u0131n\u0131n olu\u015fumu \u00fczerine yo\u011funla\u015f\u0131rken, 1995 ve sonras\u0131 \u00e7al\u0131\u015fmalar AB nezdinde olu\u015fturulan kurum ve normlar\u0131n AB ile ili\u015fki i\u00e7erisindeki \u00fclkeleri nas\u0131l etkiledi\u011fi \u00fczerine yo\u011funla\u015fm\u0131\u015ft\u0131r. Bu ba\u011flamda, T\u00fcrkiye-AB ili\u015fkileri artan bir \u015fekilde akademik tart\u0131\u015fma konusu olmaktad\u0131r. Fakat AB-T\u00fcrkiye ili\u015fkileri genellikle sorunsal bir d\u00fczlemde ele al\u0131n\u0131p; temel anlamda T\u00fcrkiye-Yunanistan\/K\u0131br\u0131s ili\u015fkileri d\u00fczleminde irdelenmektedir. T\u00fcrkiye\u2019deki, siyasal, ekonomik, demokratik, kimlik ve benzeri konulardaki de\u011fi\u015fim, d\u00f6n\u00fc\u015f\u00fcm ve geli\u015fmelerde AB\u2019nin rol\u00fc akademik anlamda hen\u00fcz yeterince tart\u0131\u015f\u0131lm\u0131\u015f de\u011fildir. AB\u2019nin T\u00fcrk siyasal, ekonomik, demokratik ve sosyal hayat\u0131ndaki de\u011fi\u015fim, d\u00f6n\u00fc\u015f\u00fcm ve geli\u015fimindeki rol\u00fcn\u00fcn ne oldu\u011fu konusunda akademik literat\u00fcrde bir bo\u015fluk bulunmaktad\u0131r. Bu \u00e7al\u0131\u015fma, \u00f6zellikle AB\u2019nin T\u00fcrkiye \u00fczerindeki etkileri \u00fczerine literat\u00fcrdeki eksikli\u011fin doldurulmas\u0131na bir nebze katk\u0131 sunmay\u0131 ama\u00e7lamaktad\u0131r.<\/p>\n","protected":false},"excerpt":{"rendered":"<p>Son d\u00f6nemde \u00f6zellikle \u0130ngiltere\u2019nin birlikten ayr\u0131lmas\u0131 (Brexit), M\u00fclteciler konusundaki \u00fcye \u00fclkeler aras\u0131ndaki derin farkl\u0131l\u0131klar, Yunanistan\u2019da ya\u015fanan mali kriz sonras\u0131 Avrupa Para Birli\u011finden \u00e7\u0131kar\u0131lmas\u0131 tart\u0131\u015fmalar\u0131 ve \u00fcye<span class=\"excerpt-hellip\"> [\u2026]<\/span><\/p>\n","protected":false},"featured_media":0,"template":"","meta":{"_monsterinsights_skip_tracking":false,"_monsterinsights_sitenote_active":false,"_monsterinsights_sitenote_note":"","_monsterinsights_sitenote_category":0},"product_brand":[],"product_cat":[12337,14543],"product_tag":[],"class_list":{"0":"post-714351","1":"product","2":"type-product","3":"status-publish","5":"product_cat-politika-siyaset","6":"product_cat-turkiye-siyaseti-ve-politikasi","7":"pa_cilt-ciltsiz","8":"pa_tur-kitap","9":"pa_yayinevi-siyasal-kitabevi","10":"pa_yazar-burak-herguner-erol-kalkan","12":"first","13":"instock","14":"sale","15":"shipping-taxable","16":"purchasable","17":"product-type-simple"},"_links":{"self":[{"href":"https:\/\/roveyayinevi.com.tr\/index.php\/wp-json\/wp\/v2\/product\/714351","targetHints":{"allow":["GET"]}}],"collection":[{"href":"https:\/\/roveyayinevi.com.tr\/index.php\/wp-json\/wp\/v2\/product"}],"about":[{"href":"https:\/\/roveyayinevi.com.tr\/index.php\/wp-json\/wp\/v2\/types\/product"}],"wp:attachment":[{"href":"https:\/\/roveyayinevi.com.tr\/index.php\/wp-json\/wp\/v2\/media?parent=714351"}],"wp:term":[{"taxonomy":"product_brand","embeddable":true,"href":"https:\/\/roveyayinevi.com.tr\/index.php\/wp-json\/wp\/v2\/product_brand?post=714351"},{"taxonomy":"product_cat","embeddable":true,"href":"https:\/\/roveyayinevi.com.tr\/index.php\/wp-json\/wp\/v2\/product_cat?post=714351"},{"taxonomy":"product_tag","embeddable":true,"href":"https:\/\/roveyayinevi.com.tr\/index.php\/wp-json\/wp\/v2\/product_tag?post=714351"}],"curies":[{"name":"wp","href":"https:\/\/api.w.org\/{rel}","templated":true}]}}