{"id":714343,"date":"2025-08-27T17:17:31","date_gmt":"2025-08-27T14:17:31","guid":{"rendered":"https:\/\/roveyayinevi.com.tr\/index.php\/urun\/pabucum-dama-atildi\/"},"modified":"2026-04-16T02:22:47","modified_gmt":"2026-04-15T23:22:47","slug":"pabucum-dama-atildi","status":"publish","type":"product","link":"https:\/\/roveyayinevi.com.tr\/index.php\/urun\/pabucum-dama-atildi\/","title":{"rendered":"Pabucum Dama At\u0131ld\u0131!"},"content":{"rendered":"<p>Neler oluyor b\u00f6yle! Pabucum Dama At\u0131ld\u0131! Arap\u00e7an\u0131n \u00f6nde gelen \u00e7ocuk edebiyat\u0131 yazarlar\u0131ndan Tagrid en-Naccar\u2019dan hemen her \u00e7ocu\u011fun hayat\u0131n\u0131 etkileyen bir hik\u00e2ye\u2026 All\u00fb\u015f evin k\u00fc\u00e7\u00fck, el \u00fcst\u00fcnde tutulan \u00e7ocu\u011fudur. A\u011fabeyi Ramiz\u2019in ise g\u00f6zbebe\u011fidir. Ama bir g\u00fcn olanlar olur! Ramiz karde\u015fiyle o kadar da ilgilenmemeye ba\u015flar. S\u00fcrekli me\u015fguld\u00fcr. Hep \u201c\u00f6zel birisi\u201dyle randevusu vard\u0131r. All\u00fb\u015f b\u00fcy\u00fck bir pani\u011fe kap\u0131l\u0131r. Neler olmaktad\u0131r b\u00f6yle? Pabucu dama m\u0131 at\u0131lm\u0131\u015ft\u0131r? Kimse art\u0131k onu eskisi gibi sevmemektedir sanki\u2026 All\u00fb\u015f da bo\u015f duracak de\u011fildir\u2026 <\/p>\n","protected":false},"excerpt":{"rendered":"<p>Neler oluyor b\u00f6yle! Pabucum Dama At\u0131ld\u0131! Arap\u00e7an\u0131n \u00f6nde gelen \u00e7ocuk edebiyat\u0131 yazarlar\u0131ndan Tagrid en-Naccar\u2019dan hemen her \u00e7ocu\u011fun hayat\u0131n\u0131 etkileyen bir hik\u00e2ye\u2026 All\u00fb\u015f evin k\u00fc\u00e7\u00fck, el \u00fcst\u00fcnde<span class=\"excerpt-hellip\"> [\u2026]<\/span><\/p>\n","protected":false},"featured_media":0,"template":"","meta":{"_monsterinsights_skip_tracking":false,"_monsterinsights_sitenote_active":false,"_monsterinsights_sitenote_note":"","_monsterinsights_sitenote_category":0},"product_brand":[],"product_cat":[12275,12274],"product_tag":[],"class_list":{"0":"post-714343","1":"product","2":"type-product","3":"status-publish","5":"product_cat-6-12-yas-kitaplari","6":"product_cat-cocuk-ve-genclik-kitaplari","7":"pa_cilt-ciltsiz","8":"pa_tur-kitap","9":"pa_yayinevi-yapi-kredi-yayinlari","10":"pa_yazar-tagrid-en-neccar","12":"first","13":"instock","14":"sale","15":"shipping-taxable","16":"purchasable","17":"product-type-simple"},"_links":{"self":[{"href":"https:\/\/roveyayinevi.com.tr\/index.php\/wp-json\/wp\/v2\/product\/714343","targetHints":{"allow":["GET"]}}],"collection":[{"href":"https:\/\/roveyayinevi.com.tr\/index.php\/wp-json\/wp\/v2\/product"}],"about":[{"href":"https:\/\/roveyayinevi.com.tr\/index.php\/wp-json\/wp\/v2\/types\/product"}],"wp:attachment":[{"href":"https:\/\/roveyayinevi.com.tr\/index.php\/wp-json\/wp\/v2\/media?parent=714343"}],"wp:term":[{"taxonomy":"product_brand","embeddable":true,"href":"https:\/\/roveyayinevi.com.tr\/index.php\/wp-json\/wp\/v2\/product_brand?post=714343"},{"taxonomy":"product_cat","embeddable":true,"href":"https:\/\/roveyayinevi.com.tr\/index.php\/wp-json\/wp\/v2\/product_cat?post=714343"},{"taxonomy":"product_tag","embeddable":true,"href":"https:\/\/roveyayinevi.com.tr\/index.php\/wp-json\/wp\/v2\/product_tag?post=714343"}],"curies":[{"name":"wp","href":"https:\/\/api.w.org\/{rel}","templated":true}]}}