{"id":714342,"date":"2025-08-27T17:17:30","date_gmt":"2025-08-27T14:17:30","guid":{"rendered":"https:\/\/roveyayinevi.com.tr\/index.php\/urun\/mit-ve-destan-iii-roma-tarihleri\/"},"modified":"2026-04-16T02:22:47","modified_gmt":"2026-04-15T23:22:47","slug":"mit-ve-destan-iii-roma-tarihleri","status":"publish","type":"product","link":"https:\/\/roveyayinevi.com.tr\/index.php\/urun\/mit-ve-destan-iii-roma-tarihleri\/","title":{"rendered":"Mit ve Destan III \u2013 Roma Tarihleri"},"content":{"rendered":"<p>\u201cBirka\u00e7 y\u0131ld\u0131r \u2018yap\u0131\u2019 s\u00f6zc\u00fcg\u0306\u00fc \u00e7es\u0327itli anlamlara \u00e7ekilebilen bir hal ald\u0131. Kendi eski ve kesin deg\u0306erini \u2013\u00f6rneg\u0306in bir ispat\u0131n, bir roman\u0131n veya bir devletin yap\u0131s\u0131 s\u00f6z konusu oldug\u0306unda\u2013 korumakla birlikte, g\u00fcn\u00fcm\u00fczde \u00e7ok moda olan ve hatta ismini bile verdig\u0306i bir felsefi sistem i\u00e7inde \u00e7ok daha iddial\u0131 bir teknik kullan\u0131ma da kavus\u0327tu. Kafa kar\u0131s\u0327\u0131kl\u0131g\u0306\u0131 bunun sonucudur. Art\u0131k benim \u00e7al\u0131s\u0327malar\u0131m da yap\u0131salc\u0131l\u0131g\u0306\u0131n tezah\u00fcrleri veya yaz\u0131ld\u0131klar\u0131 tarihlerden \u00f6t\u00fcr\u00fc \u00f6n belirtileri aras\u0131nda say\u0131l\u0131yor \u2013 ve yazar\u0131na g\u00f6re bu durum bir \u00f6vg\u00fc ya da eles\u0327tiri nedeni oluyor. Hatta baz\u0131 gen\u00e7 yap\u0131salc\u0131lar, \u00f6g\u0306retideki ve \u00f6g\u0306retinin esinledig\u0306i yorumlama tekniklerindeki ilerlemeleri izlemekte g\u00f6sterdig\u0306im yavas\u0327l\u0131k veya beceriksizlik kars\u0327\u0131s\u0131nda sab\u0131rs\u0131zl\u0131g\u0306a kap\u0131larak, daha usta ya da daha ortodoks d\u00fcs\u0327\u00fcn\u00fcrlerin benim dosyalar\u0131mdan ne gibi sonu\u00e7lar \u00e7\u0131karabileceklerini \u00f6rnekler vererek bana \u00f6g\u0306retiyorlar. Bu iyi niyetli ama mesnetsiz \u00e7abalara art\u0131k bir son vermek istiyorum: Yap\u0131salc\u0131 deg\u0306ilim ve olup olmamak gibi bir derdim de yok. Ben bir filozof deg\u0306il, bir tarih\u00e7i olarak, en kadim tarihle ve tarihin ak\u0131lc\u0131 y\u00f6ntemler i\u00e7inde eris\u0327ilebilecek en u\u00e7 s\u0131n\u0131r\u0131yla ilgilenen bir tarih\u00e7i olarak \u00e7al\u0131s\u0327\u0131yorum; yani genetik olarak birbirine akraba olduklar\u0131 bilinen alanlardaki birincil verileri g\u00f6zlemlemekle, sonra da bu birincil verilerden baz\u0131lar\u0131 aras\u0131nda kars\u0327\u0131las\u0327t\u0131rmalar yaparak onlar\u0131n ortak prototiplerinin olus\u0327turdug\u0306u ikincil verilere uzanmaya \u00e7al\u0131s\u0327makla yetiniyorum; bunu yaparken de bas\u0327tan kabul edilmis\u0327 fikirlerim, evrensel olarak ge\u00e7erli sonu\u00e7lara eris\u0327mek gibi bir umudum yok.\u201d Dum\u00e9zil\u2019in \u00fc\u00e7 ciltlik muazzam \u00e7al\u0131\u015fmas\u0131 Mit ve Destan\u2019\u0131n son cildi \u201cRoma Tarihleri\u201d ile, kar\u015f\u0131la\u015ft\u0131rmal\u0131 filolojinin bu ba\u015fyap\u0131t\u0131n\u0131n ser\u00fcveni T\u00fcrk\u00e7ede tamamlan\u0131yor. <\/p>\n","protected":false},"excerpt":{"rendered":"<p>\u201cBirka\u00e7 y\u0131ld\u0131r \u2018yap\u0131\u2019 s\u00f6zc\u00fcg\u0306\u00fc \u00e7es\u0327itli anlamlara \u00e7ekilebilen bir hal ald\u0131. Kendi eski ve kesin deg\u0306erini \u2013\u00f6rneg\u0306in bir ispat\u0131n, bir roman\u0131n veya bir devletin yap\u0131s\u0131 s\u00f6z konusu<span class=\"excerpt-hellip\"> [\u2026]<\/span><\/p>\n","protected":false},"featured_media":0,"template":"","meta":{"_monsterinsights_skip_tracking":false,"_monsterinsights_sitenote_active":false,"_monsterinsights_sitenote_note":"","_monsterinsights_sitenote_category":0},"product_brand":[],"product_cat":[12388,15536],"product_tag":[],"class_list":{"0":"post-714342","1":"product","2":"type-product","3":"status-publish","5":"product_cat-felsefe","6":"product_cat-siyaset-felsefesi","7":"pa_cilt-ciltsiz","8":"pa_tur-kitap","9":"pa_yayinevi-yapi-kredi-yayinlari","10":"pa_yazar-georges-dumezil","12":"first","13":"instock","14":"sale","15":"shipping-taxable","16":"purchasable","17":"product-type-simple"},"_links":{"self":[{"href":"https:\/\/roveyayinevi.com.tr\/index.php\/wp-json\/wp\/v2\/product\/714342","targetHints":{"allow":["GET"]}}],"collection":[{"href":"https:\/\/roveyayinevi.com.tr\/index.php\/wp-json\/wp\/v2\/product"}],"about":[{"href":"https:\/\/roveyayinevi.com.tr\/index.php\/wp-json\/wp\/v2\/types\/product"}],"wp:attachment":[{"href":"https:\/\/roveyayinevi.com.tr\/index.php\/wp-json\/wp\/v2\/media?parent=714342"}],"wp:term":[{"taxonomy":"product_brand","embeddable":true,"href":"https:\/\/roveyayinevi.com.tr\/index.php\/wp-json\/wp\/v2\/product_brand?post=714342"},{"taxonomy":"product_cat","embeddable":true,"href":"https:\/\/roveyayinevi.com.tr\/index.php\/wp-json\/wp\/v2\/product_cat?post=714342"},{"taxonomy":"product_tag","embeddable":true,"href":"https:\/\/roveyayinevi.com.tr\/index.php\/wp-json\/wp\/v2\/product_tag?post=714342"}],"curies":[{"name":"wp","href":"https:\/\/api.w.org\/{rel}","templated":true}]}}