{"id":714341,"date":"2025-08-27T17:17:30","date_gmt":"2025-08-27T14:17:30","guid":{"rendered":"https:\/\/roveyayinevi.com.tr\/index.php\/urun\/mustafa-abdulhalik-renda-hatirat\/"},"modified":"2026-04-16T02:22:47","modified_gmt":"2026-04-15T23:22:47","slug":"mustafa-abdulhalik-renda-hatirat","status":"publish","type":"product","link":"https:\/\/roveyayinevi.com.tr\/index.php\/urun\/mustafa-abdulhalik-renda-hatirat\/","title":{"rendered":"Mustafa Abd\u00fclhalik Renda &#8211; Hat\u0131rat"},"content":{"rendered":"<p>Abd\u00fclhalik Renda\u2019n\u0131n hat\u0131rat\u0131, da\u011f\u0131lmakta olan imparatorlu\u011fun, kurtulu\u015f m\u00fccadelesinin ve yeni kurulan Cumhuriyet\u2019in mal\u00ee ve idar\u00ee kaidelerine dair birinci elden tan\u0131kl\u0131\u011f\u0131yla ilk kez okurlar\u0131n dikkatine sunulmaktad\u0131r. \u201cKalemiyeden m\u00fclkiyeye\u201d do\u011fru bir d\u00f6n\u00fc\u015f\u00fcm ge\u00e7iren Osmanl\u0131 devlet b\u00fcrokrasisinin merkezinde, \u00f6mr\u00fc devletin aks\u00e2-y\u0131 garb\u0131ndan aks\u00e2-y\u0131 \u015fark\u0131na m\u00fclk\u00ee idareyle ge\u00e7en bir devlet adam\u0131, ve Cumhuriyet\u2019in sivil mimarlar\u0131ndan Mustafa Abd\u00fclhalik Renda, Balkan Sava\u015f\u0131\u2019nda memleketi Yanya\u2019n\u0131n d\u00fc\u015f\u00fc\u015f\u00fcnden sonra Preveze \u00fczerinden \u0130stanbul\u2019a hareket ederken hissettiklerini hat\u0131rat\u0131na \u015f\u00f6yle kaydeder: \u201c\u00c7anakkale\u2019ye gelinceye kadar \u0131st\u0131rab\u0131m y\u00fcz\u00fcmden belli oluyordu. Yolda daima d\u00fc\u015f\u00fcn\u00fcyor, ati hakk\u0131nda bir t\u00fcrl\u00fc karar veremiyordum. \u0130stanbul\u2019a hareket ederken karar\u0131m Anadolu\u2019nun ortas\u0131nda bir yer bularak ailemi hemen oraya nakletmekti. \u00c7anakkale\u2019den i\u00e7eri girince geni\u015f bir nefes ald\u0131m. Do\u011fdu\u011fum g\u00fcnden beri teneff\u00fcs etti\u011fim vatan havas\u0131n\u0131 soluyordum yeniden. Birden y\u00fcz\u00fcm de\u011fi\u015fti. Y\u00fcz\u00fcme \u00e7\u00f6km\u00fc\u015f olan \u00fcmitsizlik havas\u0131 da\u011f\u0131ld\u0131. Vatan\u0131 y\u00fckseltmek, felaketlerden ders almak gerekti\u011fini d\u00fc\u015f\u00fcnmeye ba\u015flad\u0131m.\u201d \u201cAbd\u00fclhalik Bey Maliye Vek\u00e2leti\u2019ne geldi\u011fi zaman Hazine\u2019nin bor\u00e7lar\u0131 her t\u00fcrl\u00fc intizam\u0131n\u0131 kaybetmi\u015f idi. Abd\u00fclhalik Bey Maliye vekilli\u011fini ald\u0131ktan alt\u0131 ay sonra Hazine\u2019nin bir vaadini eline alan alacakl\u0131, o vaadi i\u00e7 ve d\u0131\u015f bankalarda sa\u011flam bir bono gibi de\u011ferlendirebiliyordu. Bir daha g\u00f6rm\u00fc\u015ft\u00fcm ki, s\u00f6z\u00fcne ve intizam\u0131na g\u00fcvenilen bir Maliye vekili alt\u0131n dolu kasa kadar k\u0131ymetlidir.\u201d &#8211; \u0130smet \u0130n\u00f6n\u00fc \u201cBu devlet ve siyaset adam\u0131 kariyerinin en y\u00fcksek merhalesi olan T\u00fcrkiye B\u00fcy\u00fck Millet Meclisi Ba\u015fkanl\u0131\u011f\u0131\u2019nda ise insan\u00ee ve siyas\u00ee olgunlu\u011funun en k\u0131ymetli semerelerini vermi\u015ftir. TBMM te\u015frii, tutum ve ahl\u00e2k bak\u0131m\u0131ndan Mustafa Abd\u00fclhalik Renda gibi tam manas\u0131yla bir ba\u015fkan g\u00f6rmemi\u015ftir diyebiliriz. O, sanki, bir Garp demokrasisinin parlamenter team\u00fclleri i\u00e7inden yeti\u015fmi\u015f gibiydi.\u201d &#8211; Yakup Kadri Karaosmano\u011flu \u201cMustafa Abd\u00fclhalik Bey, ger\u00e7ek hayatta e\u015fine pek az rast gelinecek kadar m\u00fckemmel bir insan, iyi bir vatanda\u015f, aile babas\u0131, devlet memuru \u00f6rne\u011fidir. Hayat\u0131n\u0131 onun kadar prensiplere g\u00f6re d\u00fczenleyenler ve bu prensiplere noktas\u0131 noktas\u0131na ba\u011fl\u0131 kalabilenler azd\u0131r.\u201d &#8211; Ahmet Emin Yalman <\/p>\n","protected":false},"excerpt":{"rendered":"<p>Abd\u00fclhalik Renda\u2019n\u0131n hat\u0131rat\u0131, da\u011f\u0131lmakta olan imparatorlu\u011fun, kurtulu\u015f m\u00fccadelesinin ve yeni kurulan Cumhuriyet\u2019in mal\u00ee ve idar\u00ee kaidelerine dair birinci elden tan\u0131kl\u0131\u011f\u0131yla ilk kez okurlar\u0131n dikkatine sunulmaktad\u0131r. \u201cKalemiyeden<span class=\"excerpt-hellip\"> [\u2026]<\/span><\/p>\n","protected":false},"featured_media":0,"template":"","meta":{"_monsterinsights_skip_tracking":false,"_monsterinsights_sitenote_active":false,"_monsterinsights_sitenote_note":"","_monsterinsights_sitenote_category":0},"product_brand":[],"product_cat":[12370,12304],"product_tag":[],"class_list":{"0":"post-714341","1":"product","2":"type-product","3":"status-publish","5":"product_cat-arastirma-inceleme","6":"product_cat-tarih","7":"pa_cilt-ciltsiz","8":"pa_tur-kitap","9":"pa_yayinevi-yapi-kredi-yayinlari","10":"pa_yazar-aytac-demirci-sabri-sayari","12":"first","13":"instock","14":"sale","15":"shipping-taxable","16":"purchasable","17":"product-type-simple"},"_links":{"self":[{"href":"https:\/\/roveyayinevi.com.tr\/index.php\/wp-json\/wp\/v2\/product\/714341","targetHints":{"allow":["GET"]}}],"collection":[{"href":"https:\/\/roveyayinevi.com.tr\/index.php\/wp-json\/wp\/v2\/product"}],"about":[{"href":"https:\/\/roveyayinevi.com.tr\/index.php\/wp-json\/wp\/v2\/types\/product"}],"wp:attachment":[{"href":"https:\/\/roveyayinevi.com.tr\/index.php\/wp-json\/wp\/v2\/media?parent=714341"}],"wp:term":[{"taxonomy":"product_brand","embeddable":true,"href":"https:\/\/roveyayinevi.com.tr\/index.php\/wp-json\/wp\/v2\/product_brand?post=714341"},{"taxonomy":"product_cat","embeddable":true,"href":"https:\/\/roveyayinevi.com.tr\/index.php\/wp-json\/wp\/v2\/product_cat?post=714341"},{"taxonomy":"product_tag","embeddable":true,"href":"https:\/\/roveyayinevi.com.tr\/index.php\/wp-json\/wp\/v2\/product_tag?post=714341"}],"curies":[{"name":"wp","href":"https:\/\/api.w.org\/{rel}","templated":true}]}}