{"id":714340,"date":"2025-08-27T17:17:29","date_gmt":"2025-08-27T14:17:29","guid":{"rendered":"https:\/\/roveyayinevi.com.tr\/index.php\/urun\/yunan-antologyasi\/"},"modified":"2026-04-16T02:22:47","modified_gmt":"2026-04-15T23:22:47","slug":"yunan-antologyasi","status":"publish","type":"product","link":"https:\/\/roveyayinevi.com.tr\/index.php\/urun\/yunan-antologyasi\/","title":{"rendered":"Yunan Antologyas\u0131"},"content":{"rendered":"<p>\u201cDenizdeki mutsuza eri\u015fti\u011fin gibi, \u0130yi y\u00fcrekli tanr\u0131\u00e7am, eri\u015f bana da! O denizde batm\u0131\u015f, ben karada.\u201d (Asklepiades, \u201cAfrodite\u2019ye Yakar\u0131\u201d) \u201c\u0130kimizi de a\u015fka d\u00fc\u015f\u00fcr. Sana tanr\u0131s\u0131n derim eros! Sen tut beni yak, onu g\u00f6zet; \u0130\u015fte bu tanr\u0131l\u0131\u011fa s\u0131\u011fmaz.\u201d (Rufinus, \u201cAdaletsiz Eros\u2019a\u201d) <\/p>\n","protected":false},"excerpt":{"rendered":"<p>\u201cDenizdeki mutsuza eri\u015fti\u011fin gibi, \u0130yi y\u00fcrekli tanr\u0131\u00e7am, eri\u015f bana da! O denizde batm\u0131\u015f, ben karada.\u201d (Asklepiades, \u201cAfrodite\u2019ye Yakar\u0131\u201d) \u201c\u0130kimizi de a\u015fka d\u00fc\u015f\u00fcr. Sana tanr\u0131s\u0131n derim eros!<span class=\"excerpt-hellip\"> [\u2026]<\/span><\/p>\n","protected":false},"featured_media":0,"template":"","meta":{"_monsterinsights_skip_tracking":false,"_monsterinsights_sitenote_active":false,"_monsterinsights_sitenote_note":"","_monsterinsights_sitenote_category":0},"product_brand":[],"product_cat":[12291,12509],"product_tag":[],"class_list":{"0":"post-714340","1":"product","2":"type-product","3":"status-publish","5":"product_cat-edebiyat","6":"product_cat-siir","7":"pa_cilt-ciltsiz","8":"pa_tur-kitap","9":"pa_yayinevi-yapi-kredi-yayinlari","10":"pa_yazar-oktay-rifat","12":"first","13":"instock","14":"sale","15":"shipping-taxable","16":"purchasable","17":"product-type-simple"},"_links":{"self":[{"href":"https:\/\/roveyayinevi.com.tr\/index.php\/wp-json\/wp\/v2\/product\/714340","targetHints":{"allow":["GET"]}}],"collection":[{"href":"https:\/\/roveyayinevi.com.tr\/index.php\/wp-json\/wp\/v2\/product"}],"about":[{"href":"https:\/\/roveyayinevi.com.tr\/index.php\/wp-json\/wp\/v2\/types\/product"}],"wp:attachment":[{"href":"https:\/\/roveyayinevi.com.tr\/index.php\/wp-json\/wp\/v2\/media?parent=714340"}],"wp:term":[{"taxonomy":"product_brand","embeddable":true,"href":"https:\/\/roveyayinevi.com.tr\/index.php\/wp-json\/wp\/v2\/product_brand?post=714340"},{"taxonomy":"product_cat","embeddable":true,"href":"https:\/\/roveyayinevi.com.tr\/index.php\/wp-json\/wp\/v2\/product_cat?post=714340"},{"taxonomy":"product_tag","embeddable":true,"href":"https:\/\/roveyayinevi.com.tr\/index.php\/wp-json\/wp\/v2\/product_tag?post=714340"}],"curies":[{"name":"wp","href":"https:\/\/api.w.org\/{rel}","templated":true}]}}