{"id":714337,"date":"2025-08-27T17:17:27","date_gmt":"2025-08-27T14:17:27","guid":{"rendered":"https:\/\/roveyayinevi.com.tr\/index.php\/urun\/yararlari-dizisi-temiz-olma\/"},"modified":"2026-04-16T02:22:47","modified_gmt":"2026-04-15T23:22:47","slug":"yararlari-dizisi-temiz-olma","status":"publish","type":"product","link":"https:\/\/roveyayinevi.com.tr\/index.php\/urun\/yararlari-dizisi-temiz-olma\/","title":{"rendered":"Yararlar\u0131 Dizisi &#8211; Temiz Olma"},"content":{"rendered":"<p>Nanon y\u0131kanmay\u0131 hi\u00e7 sevmeyen bir kuzucuk. Ne zaman banyo zaman\u0131 gelse hemen ka\u00e7\u0131p saklan\u0131yor. Ama k\u00f6t\u00fc koktu\u011fu i\u00e7in arkada\u015flar\u0131 ondan  uzakla\u015fmaya ba\u015flay\u0131nca, bakal\u0131m Nanon temiz olman\u0131n \u00f6nemini  kavrayabilecek mi? <\/p>\n","protected":false},"excerpt":{"rendered":"<p>Nanon y\u0131kanmay\u0131 hi\u00e7 sevmeyen bir kuzucuk. Ne zaman banyo zaman\u0131 gelse hemen ka\u00e7\u0131p saklan\u0131yor. Ama k\u00f6t\u00fc koktu\u011fu i\u00e7in arkada\u015flar\u0131 ondan uzakla\u015fmaya ba\u015flay\u0131nca, bakal\u0131m Nanon temiz olman\u0131n<span class=\"excerpt-hellip\"> [\u2026]<\/span><\/p>\n","protected":false},"featured_media":0,"template":"","meta":{"_monsterinsights_skip_tracking":false,"_monsterinsights_sitenote_active":false,"_monsterinsights_sitenote_note":"","_monsterinsights_sitenote_category":0},"product_brand":[],"product_cat":[12913,12274],"product_tag":[],"class_list":{"0":"post-714337","1":"product","2":"type-product","3":"status-publish","5":"product_cat-3-6-yas-kitaplari","6":"product_cat-cocuk-ve-genclik-kitaplari","7":"pa_cilt-ciltsiz","8":"pa_tur-kitap","9":"pa_yayinevi-1001-cicek-kitaplar","10":"pa_yazar-sophie-bellier","12":"first","13":"instock","14":"sale","15":"shipping-taxable","16":"purchasable","17":"product-type-simple"},"_links":{"self":[{"href":"https:\/\/roveyayinevi.com.tr\/index.php\/wp-json\/wp\/v2\/product\/714337","targetHints":{"allow":["GET"]}}],"collection":[{"href":"https:\/\/roveyayinevi.com.tr\/index.php\/wp-json\/wp\/v2\/product"}],"about":[{"href":"https:\/\/roveyayinevi.com.tr\/index.php\/wp-json\/wp\/v2\/types\/product"}],"wp:attachment":[{"href":"https:\/\/roveyayinevi.com.tr\/index.php\/wp-json\/wp\/v2\/media?parent=714337"}],"wp:term":[{"taxonomy":"product_brand","embeddable":true,"href":"https:\/\/roveyayinevi.com.tr\/index.php\/wp-json\/wp\/v2\/product_brand?post=714337"},{"taxonomy":"product_cat","embeddable":true,"href":"https:\/\/roveyayinevi.com.tr\/index.php\/wp-json\/wp\/v2\/product_cat?post=714337"},{"taxonomy":"product_tag","embeddable":true,"href":"https:\/\/roveyayinevi.com.tr\/index.php\/wp-json\/wp\/v2\/product_tag?post=714337"}],"curies":[{"name":"wp","href":"https:\/\/api.w.org\/{rel}","templated":true}]}}