{"id":714334,"date":"2025-08-27T17:17:25","date_gmt":"2025-08-27T14:17:25","guid":{"rendered":"https:\/\/roveyayinevi.com.tr\/index.php\/urun\/highlights-sticker-eglenceli-etkinliklerle-hikayeli-bulmaca-5li-set\/"},"modified":"2026-04-16T02:22:47","modified_gmt":"2026-04-15T23:22:47","slug":"highlights-sticker-eglenceli-etkinliklerle-hikayeli-bulmaca-5li-set","status":"publish","type":"product","link":"https:\/\/roveyayinevi.com.tr\/index.php\/urun\/highlights-sticker-eglenceli-etkinliklerle-hikayeli-bulmaca-5li-set\/","title":{"rendered":"Highlights Sticker E\u011flenceli Etkinliklerle Hikayeli Bulmaca 5&#8217;li Set"},"content":{"rendered":"<p>K\u0130TAP \u0130\u00c7ER\u0130KLER\u0130 \u00c7iftlik Ziyareti\u00c7iftlikte bug\u00fcn ziyaret\u00e7ilerin g\u00fcn\u00fc. \u0130nek sa\u011fma, tavuklar\u0131 besleme, trakt\u00f6re binme ve elma toplama zaman\u0131. Sevimli K\u00f6peklerYeterince k\u00f6pek yok mu? Bu kitab\u0131n tamam\u0131 sevimli k\u00f6pekler olan aktiviteler ve bilmecelerle dolu. Kitap boyunca 28 kemik arayacaks\u0131n. T\u00fcyl\u00fc KedilerKediler sevimli de\u011fil mi? Bu aktivite kitab\u0131 uykucu, karate yapan, \u015fakalar yapan, birbiri ile e\u011flenen kediler ile dolu. ABC BulmacalarElmadan balona, Yo-yodan ksilefona 175\u2019den fazla obje bu kitapta gizlenmi\u015ftir. A\u2019dan Z\u2019ye kadar \u0130ngilizcesi verilen objleri bulabilir misin? KamyonlarKamyonlar\u0131n bir \u00e7ok \u00e7e\u015fiti vard\u0131r, kimi \u00e7\u00f6pleri toplar kimi yang\u0131n s\u00f6nd\u00fcr\u00fcr; hatta dondurma bile satar. Hikayeli bulmacalar 4&#8217;l\u00fc kitap setiHer bir kitap 50&#8217;den fazla \u00e7\u0131kartma ve e\u011flenceli aktiviteler i\u00e7ermekte. Hidden Pictures\u00ae etkinlikleri, labirentler, zeka sorular\u0131 ve di\u011fer harika aktivitelerle dolu. Sevimli hayvan fig\u00fcrleriyle hem hayvan sevgisi olu\u015facak hem de hikayelerle heyecanl\u0131, merak duygusu ve ba\u015far\u0131 duygusu dolu anlara tan\u0131kl\u0131k edeceksiniz.Her bir kitap 24 sayfa Hikayeli Bulmacalar + 2 sayfa sticker i\u00e7erir.Kazan\u0131mlar\u0131 &#8211; \u00c7ocuklar i\u00e7in dikkat ve zeka geli\u015fimi sa\u011flar.- \u00c7ocuklarda Hayvan sevgisini artt\u0131r\u0131r.- \u00c7e\u015fitli aktiviteleri ger\u00e7ekle\u015ftirirken ba\u015far\u0131 duygusu elde eder.- Merak duygusu ile kitap sevgisinin olu\u015fmas\u0131nda katk\u0131 sa\u011flar.- Zeka sorular\u0131yla beynin etkin bir \u015fekilde \u00e7al\u0131\u015fmas\u0131n\u0131 sa\u011flar.- El- g\u00f6z koordinasyonu geli\u015ftirir.- Yarat\u0131c\u0131 d\u00fc\u015f\u00fcnme becerisi kazand\u0131r\u0131r.- Problem \u00e7\u00f6zme becerisi kazand\u0131r\u0131r. <\/p>\n","protected":false},"excerpt":{"rendered":"<p>K\u0130TAP \u0130\u00c7ER\u0130KLER\u0130 \u00c7iftlik Ziyareti\u00c7iftlikte bug\u00fcn ziyaret\u00e7ilerin g\u00fcn\u00fc. \u0130nek sa\u011fma, tavuklar\u0131 besleme, trakt\u00f6re binme ve elma toplama zaman\u0131. Sevimli K\u00f6peklerYeterince k\u00f6pek yok mu? Bu kitab\u0131n tamam\u0131 sevimli<span class=\"excerpt-hellip\"> [\u2026]<\/span><\/p>\n","protected":false},"featured_media":0,"template":"","meta":{"_monsterinsights_skip_tracking":false,"_monsterinsights_sitenote_active":false,"_monsterinsights_sitenote_note":"","_monsterinsights_sitenote_category":0},"product_brand":[],"product_cat":[12274,15842],"product_tag":[],"class_list":{"0":"post-714334","1":"product","2":"type-product","3":"status-publish","5":"product_cat-cocuk-ve-genclik-kitaplari","6":"product_cat-egitici-kitaplar","7":"pa_cilt-set","8":"pa_tur-kitap","9":"pa_yayinevi-dikkat-atolyesi-yayinlari","10":"pa_yazar-kollektif","12":"first","13":"instock","14":"sale","15":"shipping-taxable","16":"purchasable","17":"product-type-simple"},"_links":{"self":[{"href":"https:\/\/roveyayinevi.com.tr\/index.php\/wp-json\/wp\/v2\/product\/714334","targetHints":{"allow":["GET"]}}],"collection":[{"href":"https:\/\/roveyayinevi.com.tr\/index.php\/wp-json\/wp\/v2\/product"}],"about":[{"href":"https:\/\/roveyayinevi.com.tr\/index.php\/wp-json\/wp\/v2\/types\/product"}],"wp:attachment":[{"href":"https:\/\/roveyayinevi.com.tr\/index.php\/wp-json\/wp\/v2\/media?parent=714334"}],"wp:term":[{"taxonomy":"product_brand","embeddable":true,"href":"https:\/\/roveyayinevi.com.tr\/index.php\/wp-json\/wp\/v2\/product_brand?post=714334"},{"taxonomy":"product_cat","embeddable":true,"href":"https:\/\/roveyayinevi.com.tr\/index.php\/wp-json\/wp\/v2\/product_cat?post=714334"},{"taxonomy":"product_tag","embeddable":true,"href":"https:\/\/roveyayinevi.com.tr\/index.php\/wp-json\/wp\/v2\/product_tag?post=714334"}],"curies":[{"name":"wp","href":"https:\/\/api.w.org\/{rel}","templated":true}]}}