{"id":714332,"date":"2025-08-27T17:17:23","date_gmt":"2025-08-27T14:17:23","guid":{"rendered":"https:\/\/roveyayinevi.com.tr\/index.php\/urun\/dua-cicegi\/"},"modified":"2025-12-30T10:15:12","modified_gmt":"2025-12-30T07:15:12","slug":"dua-cicegi","status":"publish","type":"product","link":"https:\/\/roveyayinevi.com.tr\/index.php\/urun\/dua-cicegi\/","title":{"rendered":"Dua \u00c7i\u00e7e\u011fi"},"content":{"rendered":"<p>K\u00e2muran \u015eipal, Orhan Kemal Roman Arma\u011fan\u0131 kazanan kitab\u0131 S\u0131rr\u0131ms\u0131n S\u0131rda\u015f\u0131ms\u0131n\u2019dan sekiz y\u0131l sonra yeni roman\u0131yla okurunun kar\u015f\u0131s\u0131na \u00e7\u0131k\u0131yor. Dua \u00c7i\u00e7e\u011fi, kad\u0131n ve k\u0131zlar\u0131n d\u00fcnyas\u0131nda hayat\u0131 ke\u015ffeden bir delikanl\u0131n\u0131n hik\u00e2yesi&#8230; \u015eipal\u2019in inceliklerle dolu kaleminden g\u00f6n\u00fcl ili\u015fkileriyle tatlanan, \u00e7i\u00e7ekli bir ge\u00e7mi\u015f zaman anlat\u0131s\u0131. Fadime\u2019nin ellerinde, kendisine \u00e7aylar, kekler buyur eden uzun parmaklar\u0131nda bir \u015fey vard\u0131 sanki, bir an kendi ba\u015flar\u0131na b\u0131rak\u0131lsalar uzayacak, uzayacak, onun i\u00e7 d\u00fcnyas\u0131n\u0131n derinliklerinde solu\u011fu alacakt\u0131. Kap\u0131y\u0131 teyzesi a\u00e7t\u0131. Gelece\u011finden habersizdi. Onu g\u00f6r\u00fcnce \u015fa\u015f\u0131rd\u0131. Ne yapaca\u011f\u0131n\u0131 bilemeyerek bir an \u00f6ylece kap\u0131da dikildi. A\u011flamakl\u0131 bir hal ald\u0131 y\u00fcz\u00fc, kendini tuttu. Sonra birden at\u0131l\u0131p onu kucaklad\u0131, mutluluk i\u00e7inde ya\u015fanm\u0131\u015f bir ge\u00e7mi\u015fi kucaklar gibi kucaklay\u0131p \u00f6p\u00fcc\u00fcklere bo\u011fdu. <\/p>\n","protected":false},"excerpt":{"rendered":"<p>K\u00e2muran \u015eipal, Orhan Kemal Roman Arma\u011fan\u0131 kazanan kitab\u0131 S\u0131rr\u0131ms\u0131n S\u0131rda\u015f\u0131ms\u0131n\u2019dan sekiz y\u0131l sonra yeni roman\u0131yla okurunun kar\u015f\u0131s\u0131na \u00e7\u0131k\u0131yor. Dua \u00c7i\u00e7e\u011fi, kad\u0131n ve k\u0131zlar\u0131n d\u00fcnyas\u0131nda hayat\u0131 ke\u015ffeden<span class=\"excerpt-hellip\"> [\u2026]<\/span><\/p>\n","protected":false},"featured_media":0,"template":"","meta":{"_monsterinsights_skip_tracking":false,"_monsterinsights_sitenote_active":false,"_monsterinsights_sitenote_note":"","_monsterinsights_sitenote_category":0},"product_brand":[],"product_cat":[12291,12711],"product_tag":[],"class_list":{"0":"post-714332","1":"product","2":"type-product","3":"status-publish","5":"product_cat-edebiyat","6":"product_cat-roman-oyku","7":"pa_cilt-ciltsiz","8":"pa_tur-kitap","9":"pa_yayinevi-yapi-kredi-yayinlari","10":"pa_yazar-kamuran-sipal","12":"first","13":"instock","14":"sale","15":"shipping-taxable","16":"purchasable","17":"product-type-simple"},"_links":{"self":[{"href":"https:\/\/roveyayinevi.com.tr\/index.php\/wp-json\/wp\/v2\/product\/714332","targetHints":{"allow":["GET"]}}],"collection":[{"href":"https:\/\/roveyayinevi.com.tr\/index.php\/wp-json\/wp\/v2\/product"}],"about":[{"href":"https:\/\/roveyayinevi.com.tr\/index.php\/wp-json\/wp\/v2\/types\/product"}],"wp:attachment":[{"href":"https:\/\/roveyayinevi.com.tr\/index.php\/wp-json\/wp\/v2\/media?parent=714332"}],"wp:term":[{"taxonomy":"product_brand","embeddable":true,"href":"https:\/\/roveyayinevi.com.tr\/index.php\/wp-json\/wp\/v2\/product_brand?post=714332"},{"taxonomy":"product_cat","embeddable":true,"href":"https:\/\/roveyayinevi.com.tr\/index.php\/wp-json\/wp\/v2\/product_cat?post=714332"},{"taxonomy":"product_tag","embeddable":true,"href":"https:\/\/roveyayinevi.com.tr\/index.php\/wp-json\/wp\/v2\/product_tag?post=714332"}],"curies":[{"name":"wp","href":"https:\/\/api.w.org\/{rel}","templated":true}]}}