{"id":714330,"date":"2025-08-27T17:17:22","date_gmt":"2025-08-27T14:17:22","guid":{"rendered":"https:\/\/roveyayinevi.com.tr\/index.php\/urun\/tomris-tantana-ve-curcunaci-cadi\/"},"modified":"2026-04-16T02:22:47","modified_gmt":"2026-04-15T23:22:47","slug":"tomris-tantana-ve-curcunaci-cadi","status":"publish","type":"product","link":"https:\/\/roveyayinevi.com.tr\/index.php\/urun\/tomris-tantana-ve-curcunaci-cadi\/","title":{"rendered":"Tomris Tantana ve Curcunac\u0131 Cad\u0131"},"content":{"rendered":"<p>Tantanan\u0131n bir an olsun dinmedigi, inan\u0131lmaz eglenceli bir hik\u00e2ye. Uluslararas\u0131 \u00fcne sahip \u00e7izer Tony Ross\u2019un olagan\u00fcst\u00fc \u00e7izimleriyle&#8230; Tomris Tantana durmadan dert \u00e7\u0131kar\u0131p duruyor! Elinde deg\u0306il, karmakar\u0131s\u0327\u0131k is\u0327ler hep onu buluyor. Cad\u0131lar Bayram\u0131 partisi i\u00e7in sab\u0131rs\u0131zlanan Tomris, okula giderken ger\u00e7ek bir cad\u0131yla kars\u0327\u0131las\u0327\u0131yor, bu da yetmezmis\u0327 gibi kasabada bas\u0327\u0131bos\u0327 bir hortlak dolas\u0327\u0131yor ve en fenas\u0131 okulda ge\u00e7irilmesi gereken koca bir g\u00fcn var. Bakal\u0131m Tomris ve arkadas\u0327lar\u0131 Cad\u0131lar Bayram\u0131 partisinden \u00f6nce beladan uzak durabilecekler mi? <\/p>\n","protected":false},"excerpt":{"rendered":"<p>Tantanan\u0131n bir an olsun dinmedigi, inan\u0131lmaz eglenceli bir hik\u00e2ye. Uluslararas\u0131 \u00fcne sahip \u00e7izer Tony Ross\u2019un olagan\u00fcst\u00fc \u00e7izimleriyle&#8230; Tomris Tantana durmadan dert \u00e7\u0131kar\u0131p duruyor! Elinde deg\u0306il, karmakar\u0131s\u0327\u0131k<span class=\"excerpt-hellip\"> [\u2026]<\/span><\/p>\n","protected":false},"featured_media":0,"template":"","meta":{"_monsterinsights_skip_tracking":false,"_monsterinsights_sitenote_active":false,"_monsterinsights_sitenote_note":"","_monsterinsights_sitenote_category":0},"product_brand":[],"product_cat":[12275,12274],"product_tag":[],"class_list":{"0":"post-714330","1":"product","2":"type-product","3":"status-publish","5":"product_cat-6-12-yas-kitaplari","6":"product_cat-cocuk-ve-genclik-kitaplari","7":"pa_cilt-ciltsiz","8":"pa_tur-kitap","9":"pa_yayinevi-cinar-yayinlari","10":"pa_yazar-joanne-owen","12":"first","13":"instock","14":"sale","15":"shipping-taxable","16":"purchasable","17":"product-type-simple"},"_links":{"self":[{"href":"https:\/\/roveyayinevi.com.tr\/index.php\/wp-json\/wp\/v2\/product\/714330","targetHints":{"allow":["GET"]}}],"collection":[{"href":"https:\/\/roveyayinevi.com.tr\/index.php\/wp-json\/wp\/v2\/product"}],"about":[{"href":"https:\/\/roveyayinevi.com.tr\/index.php\/wp-json\/wp\/v2\/types\/product"}],"wp:attachment":[{"href":"https:\/\/roveyayinevi.com.tr\/index.php\/wp-json\/wp\/v2\/media?parent=714330"}],"wp:term":[{"taxonomy":"product_brand","embeddable":true,"href":"https:\/\/roveyayinevi.com.tr\/index.php\/wp-json\/wp\/v2\/product_brand?post=714330"},{"taxonomy":"product_cat","embeddable":true,"href":"https:\/\/roveyayinevi.com.tr\/index.php\/wp-json\/wp\/v2\/product_cat?post=714330"},{"taxonomy":"product_tag","embeddable":true,"href":"https:\/\/roveyayinevi.com.tr\/index.php\/wp-json\/wp\/v2\/product_tag?post=714330"}],"curies":[{"name":"wp","href":"https:\/\/api.w.org\/{rel}","templated":true}]}}