{"id":714329,"date":"2025-08-27T17:17:21","date_gmt":"2025-08-27T14:17:21","guid":{"rendered":"https:\/\/roveyayinevi.com.tr\/index.php\/urun\/komsularim\/"},"modified":"2026-04-16T02:22:47","modified_gmt":"2026-04-15T23:22:47","slug":"komsularim","status":"publish","type":"product","link":"https:\/\/roveyayinevi.com.tr\/index.php\/urun\/komsularim\/","title":{"rendered":"Kom\u015fular\u0131m"},"content":{"rendered":"<p>K\u00fc\u00e7\u00fck k\u0131z her g\u00fcn oturdu\u011fu daireye ula\u015fmak i\u00e7in yedi kat merdiven \u00e7\u0131kar ve her katta kar\u015f\u0131la\u015ft\u0131\u011f\u0131 farkl\u0131 bir kap\u0131 onu u\u00e7suz bucaks\u0131z hayallere s\u00fcr\u00fckler. \u00c7amurlu ayak izlerinin oldu\u011fu kap\u0131n\u0131n ard\u0131nda bir kaplan ya\u015f\u0131yor olabilir mi? Alt\u0131nc\u0131 kattan yay\u0131lan bal\u0131k kokusu bir denizk\u0131z\u0131ndan m\u0131 geliyor? Bu kitab\u0131 okuduktan sonra apartmanda ya\u015fayan \u00e7ocuklar yeni bir oyun ke\u015ffedecekler.Einat Tsarfati\u2019nin yaz\u0131p resimledi\u011fi ve 13 dile \u00e7evrilen Kom\u015fular\u0131m, farkl\u0131 konusunun yan\u0131 s\u0131ra \u00e7izimleriyle de dikkat \u00e7ekiyor. Deneyimli \u00e7izer Tsarfati\u2019nin desenleri \u00f6yle detayl\u0131 ki \u00f6yk\u00fcy\u00fc her okuyu\u015funuzda, okurun ke\u015ffetmesi i\u00e7in gizlenmi\u015f komik bir ayr\u0131nt\u0131y\u0131 yakalayabilirsiniz.<\/p>\n","protected":false},"excerpt":{"rendered":"<p>K\u00fc\u00e7\u00fck k\u0131z her g\u00fcn oturdu\u011fu daireye ula\u015fmak i\u00e7in yedi kat merdiven \u00e7\u0131kar ve her katta kar\u015f\u0131la\u015ft\u0131\u011f\u0131 farkl\u0131 bir kap\u0131 onu u\u00e7suz bucaks\u0131z hayallere s\u00fcr\u00fckler. \u00c7amurlu ayak<span class=\"excerpt-hellip\"> [\u2026]<\/span><\/p>\n","protected":false},"featured_media":0,"template":"","meta":{"_monsterinsights_skip_tracking":false,"_monsterinsights_sitenote_active":false,"_monsterinsights_sitenote_note":"","_monsterinsights_sitenote_category":0},"product_brand":[],"product_cat":[12274,12518],"product_tag":[],"class_list":{"0":"post-714329","1":"product","2":"type-product","3":"status-publish","5":"product_cat-cocuk-ve-genclik-kitaplari","6":"product_cat-okul-oncesi-kitaplar","7":"pa_cilt-ciltsiz","8":"pa_tur-kitap","9":"pa_yayinevi-redhouse-kidz-yayinlari","10":"pa_yazar-einat-tsarfati","12":"first","13":"instock","14":"sale","15":"shipping-taxable","16":"purchasable","17":"product-type-simple"},"_links":{"self":[{"href":"https:\/\/roveyayinevi.com.tr\/index.php\/wp-json\/wp\/v2\/product\/714329","targetHints":{"allow":["GET"]}}],"collection":[{"href":"https:\/\/roveyayinevi.com.tr\/index.php\/wp-json\/wp\/v2\/product"}],"about":[{"href":"https:\/\/roveyayinevi.com.tr\/index.php\/wp-json\/wp\/v2\/types\/product"}],"wp:attachment":[{"href":"https:\/\/roveyayinevi.com.tr\/index.php\/wp-json\/wp\/v2\/media?parent=714329"}],"wp:term":[{"taxonomy":"product_brand","embeddable":true,"href":"https:\/\/roveyayinevi.com.tr\/index.php\/wp-json\/wp\/v2\/product_brand?post=714329"},{"taxonomy":"product_cat","embeddable":true,"href":"https:\/\/roveyayinevi.com.tr\/index.php\/wp-json\/wp\/v2\/product_cat?post=714329"},{"taxonomy":"product_tag","embeddable":true,"href":"https:\/\/roveyayinevi.com.tr\/index.php\/wp-json\/wp\/v2\/product_tag?post=714329"}],"curies":[{"name":"wp","href":"https:\/\/api.w.org\/{rel}","templated":true}]}}