{"id":714325,"date":"2025-08-27T17:17:18","date_gmt":"2025-08-27T14:17:18","guid":{"rendered":"https:\/\/roveyayinevi.com.tr\/index.php\/urun\/mumi-yaratici-boyama\/"},"modified":"2026-04-16T02:22:47","modified_gmt":"2026-04-15T23:22:47","slug":"mumi-yaratici-boyama","status":"publish","type":"product","link":"https:\/\/roveyayinevi.com.tr\/index.php\/urun\/mumi-yaratici-boyama\/","title":{"rendered":"Mumi Yarat\u0131c\u0131 Boyama"},"content":{"rendered":"<p>ToveJansson\u2019un hik\u00e2yelerinden g\u00f6rsellerle dolu yarat\u0131c\u0131 bir boyama kitab\u0131! Mumilerin an\u0131lar\u0131 aras\u0131nda gezinirken onlar\u0131n maceralar\u0131n\u0131 hat\u0131rlay\u0131p boyama e\u011flencesine kat\u0131lmaya ne dersin? <\/p>\n","protected":false},"excerpt":{"rendered":"<p>ToveJansson\u2019un hik\u00e2yelerinden g\u00f6rsellerle dolu yarat\u0131c\u0131 bir boyama kitab\u0131! Mumilerin an\u0131lar\u0131 aras\u0131nda gezinirken onlar\u0131n maceralar\u0131n\u0131 hat\u0131rlay\u0131p boyama e\u011flencesine kat\u0131lmaya ne dersin?<\/p>\n","protected":false},"featured_media":0,"template":"","meta":{"_monsterinsights_skip_tracking":false,"_monsterinsights_sitenote_active":false,"_monsterinsights_sitenote_note":"","_monsterinsights_sitenote_category":0},"product_brand":[],"product_cat":[12644,12274],"product_tag":[],"class_list":{"0":"post-714325","1":"product","2":"type-product","3":"status-publish","5":"product_cat-boyama-kitaplari","6":"product_cat-cocuk-ve-genclik-kitaplari","7":"pa_cilt-ciltsiz","8":"pa_tur-kitap","9":"pa_yayinevi-dinozor-cocuk","10":"pa_yazar-tovejansson","12":"first","13":"instock","14":"sale","15":"shipping-taxable","16":"purchasable","17":"product-type-simple"},"_links":{"self":[{"href":"https:\/\/roveyayinevi.com.tr\/index.php\/wp-json\/wp\/v2\/product\/714325","targetHints":{"allow":["GET"]}}],"collection":[{"href":"https:\/\/roveyayinevi.com.tr\/index.php\/wp-json\/wp\/v2\/product"}],"about":[{"href":"https:\/\/roveyayinevi.com.tr\/index.php\/wp-json\/wp\/v2\/types\/product"}],"wp:attachment":[{"href":"https:\/\/roveyayinevi.com.tr\/index.php\/wp-json\/wp\/v2\/media?parent=714325"}],"wp:term":[{"taxonomy":"product_brand","embeddable":true,"href":"https:\/\/roveyayinevi.com.tr\/index.php\/wp-json\/wp\/v2\/product_brand?post=714325"},{"taxonomy":"product_cat","embeddable":true,"href":"https:\/\/roveyayinevi.com.tr\/index.php\/wp-json\/wp\/v2\/product_cat?post=714325"},{"taxonomy":"product_tag","embeddable":true,"href":"https:\/\/roveyayinevi.com.tr\/index.php\/wp-json\/wp\/v2\/product_tag?post=714325"}],"curies":[{"name":"wp","href":"https:\/\/api.w.org\/{rel}","templated":true}]}}