{"id":714322,"date":"2025-08-27T17:17:16","date_gmt":"2025-08-27T14:17:16","guid":{"rendered":"https:\/\/roveyayinevi.com.tr\/index.php\/urun\/melek-kani\/"},"modified":"2026-04-16T02:22:47","modified_gmt":"2026-04-15T23:22:47","slug":"melek-kani","status":"publish","type":"product","link":"https:\/\/roveyayinevi.com.tr\/index.php\/urun\/melek-kani\/","title":{"rendered":"Melek Kan\u0131"},"content":{"rendered":"<p>Efsanelerle Ger\u00e7ekler Aras\u0131ndaki \u00c7izgi Belirsizle\u015firken D\u00fcnyan\u0131n Gelece\u011fi Bir Avu\u00e7 \u0130nsana Ba\u011fl\u0131 Melek Kan\u0131 \u2019n\u0131n ezoterik yap\u0131s\u0131n\u0131 ke\u015ffederken akl\u0131n s\u0131n\u0131rlar\u0131nda bir seyahate \u00e7\u0131kacak ve inan\u0131lmaz bir deneyim ya\u015fayacaks\u0131n\u0131z. \u00dc\u00e7 kutsal kitab\u0131n da \u201cdo\u011fru\u201d ve \u201c\u00fcst\u00fcn\u201d olarak niteledi\u011fi bir peygamber, \u0130dris! Ya da Tevrat\u2019la \u0130ncil\u2019deki ad\u0131yla Enoch. Onun hik\u00e2yesi meleklerle insanlar\u0131n bir arada ya\u015fad\u0131\u011f\u0131 d\u00f6nemde ge\u00e7er ve yoldan \u00e7\u0131kanlardan bahseder. Onlar\u0131n soyundan gelenlerden\u2026 Roma imparatorlar\u0131n\u0131n bilge dan\u0131\u015fman\u0131 Corpus ve yard\u0131mc\u0131s\u0131 Evmerus, Phaselis\u2019te Kutsal Roma \u0130mparatorlu\u011fu\u2019nu par\u00e7alayan gizli bir tarikat\u0131n ilahi hedefleriyle y\u00fczle\u015fmek zorunda kal\u0131rlar. \u0130yiyle k\u00f6t\u00fcn\u00fcn amans\u0131z sava\u015f\u0131nda birer piyon olsalar da insanl\u0131\u011f\u0131n kaderini ve tarihin ak\u0131\u015f\u0131n\u0131 de\u011fi\u015ftirmek i\u00e7in ellerinden geleni yaparlar. Ancak kar\u015f\u0131lar\u0131ndaki kadim k\u00f6t\u00fcl\u00fc\u011f\u00fcn kendi planlar\u0131 ve gizli bir ordusu vard\u0131r.<\/p>\n","protected":false},"excerpt":{"rendered":"<p>Efsanelerle Ger\u00e7ekler Aras\u0131ndaki \u00c7izgi Belirsizle\u015firken D\u00fcnyan\u0131n Gelece\u011fi Bir Avu\u00e7 \u0130nsana Ba\u011fl\u0131 Melek Kan\u0131 \u2019n\u0131n ezoterik yap\u0131s\u0131n\u0131 ke\u015ffederken akl\u0131n s\u0131n\u0131rlar\u0131nda bir seyahate \u00e7\u0131kacak ve inan\u0131lmaz bir deneyim<span class=\"excerpt-hellip\"> [\u2026]<\/span><\/p>\n","protected":false},"featured_media":0,"template":"","meta":{"_monsterinsights_skip_tracking":false,"_monsterinsights_sitenote_active":false,"_monsterinsights_sitenote_note":"","_monsterinsights_sitenote_category":0},"product_brand":[],"product_cat":[12291,14777],"product_tag":[],"class_list":{"0":"post-714322","1":"product","2":"type-product","3":"status-publish","5":"product_cat-edebiyat","6":"product_cat-fantastik","7":"pa_cilt-ciltsiz","8":"pa_tur-kitap","9":"pa_yayinevi-epsilon-yayinlari","10":"pa_yazar-alpay-asar","12":"first","13":"instock","14":"sale","15":"shipping-taxable","16":"purchasable","17":"product-type-simple"},"_links":{"self":[{"href":"https:\/\/roveyayinevi.com.tr\/index.php\/wp-json\/wp\/v2\/product\/714322","targetHints":{"allow":["GET"]}}],"collection":[{"href":"https:\/\/roveyayinevi.com.tr\/index.php\/wp-json\/wp\/v2\/product"}],"about":[{"href":"https:\/\/roveyayinevi.com.tr\/index.php\/wp-json\/wp\/v2\/types\/product"}],"wp:attachment":[{"href":"https:\/\/roveyayinevi.com.tr\/index.php\/wp-json\/wp\/v2\/media?parent=714322"}],"wp:term":[{"taxonomy":"product_brand","embeddable":true,"href":"https:\/\/roveyayinevi.com.tr\/index.php\/wp-json\/wp\/v2\/product_brand?post=714322"},{"taxonomy":"product_cat","embeddable":true,"href":"https:\/\/roveyayinevi.com.tr\/index.php\/wp-json\/wp\/v2\/product_cat?post=714322"},{"taxonomy":"product_tag","embeddable":true,"href":"https:\/\/roveyayinevi.com.tr\/index.php\/wp-json\/wp\/v2\/product_tag?post=714322"}],"curies":[{"name":"wp","href":"https:\/\/api.w.org\/{rel}","templated":true}]}}