{"id":714321,"date":"2025-08-27T17:17:16","date_gmt":"2025-08-27T14:17:16","guid":{"rendered":"https:\/\/roveyayinevi.com.tr\/index.php\/urun\/ciplak-mahrumiyet-bandosu\/"},"modified":"2026-04-03T02:28:57","modified_gmt":"2026-04-02T23:28:57","slug":"ciplak-mahrumiyet-bandosu","status":"publish","type":"product","link":"https:\/\/roveyayinevi.com.tr\/index.php\/urun\/ciplak-mahrumiyet-bandosu\/","title":{"rendered":"\u00c7\u0131plak Mahrumiyet Bandosu"},"content":{"rendered":"<p>Ke\u015fke hi\u00e7 b\u00fcy\u00fcmeseydik Tevfik. O kartpostallar oyun olarak kalsayd\u0131, S\u0131rlar \u015fifrelenmeye ihtiya\u00e7 duymasayd\u0131, Anneannemin bize oynatt\u0131\u011f\u0131 oyun hi\u00e7 bitmeseydi&#8230; Hakl\u0131ym\u0131\u015fs\u0131n, b\u00fcy\u00fcmek zor i\u015fmi\u015f Tevfik, Masum kalarak b\u00fcy\u00fcyebilmekse imk\u00e2ns\u0131z. Ke\u015fke yine sokaklarda ko\u015fsak, erik a\u011fac\u0131na \u00e7\u0131ksak, \u00c7amurlara basarken ayn\u0131 \u015fen kahkahalar\u0131 atsak. Ah be Tevfik, ke\u015fke hi\u00e7 b\u00fcy\u00fcmeseydik&#8230; \u201cG\u00f6ky\u00fcz\u00fcn\u00fcn en parlak y\u0131ld\u0131z\u0131yd\u0131 karde\u015fim\u2026\u201d<\/p>\n","protected":false},"excerpt":{"rendered":"<p>Ke\u015fke hi\u00e7 b\u00fcy\u00fcmeseydik Tevfik. O kartpostallar oyun olarak kalsayd\u0131, S\u0131rlar \u015fifrelenmeye ihtiya\u00e7 duymasayd\u0131, Anneannemin bize oynatt\u0131\u011f\u0131 oyun hi\u00e7 bitmeseydi&#8230; Hakl\u0131ym\u0131\u015fs\u0131n, b\u00fcy\u00fcmek zor i\u015fmi\u015f Tevfik, Masum kalarak<span class=\"excerpt-hellip\"> [\u2026]<\/span><\/p>\n","protected":false},"featured_media":0,"template":"","meta":{"_monsterinsights_skip_tracking":false,"_monsterinsights_sitenote_active":false,"_monsterinsights_sitenote_note":"","_monsterinsights_sitenote_category":0},"product_brand":[],"product_cat":[12291,12711],"product_tag":[],"class_list":{"0":"post-714321","1":"product","2":"type-product","3":"status-publish","5":"product_cat-edebiyat","6":"product_cat-roman-oyku","7":"pa_cilt-ciltsiz","8":"pa_tur-kitap","9":"pa_yayinevi-epsilon-yayinlari","10":"pa_yazar-neyran-gunucer","12":"first","13":"instock","14":"sale","15":"shipping-taxable","16":"purchasable","17":"product-type-simple"},"_links":{"self":[{"href":"https:\/\/roveyayinevi.com.tr\/index.php\/wp-json\/wp\/v2\/product\/714321","targetHints":{"allow":["GET"]}}],"collection":[{"href":"https:\/\/roveyayinevi.com.tr\/index.php\/wp-json\/wp\/v2\/product"}],"about":[{"href":"https:\/\/roveyayinevi.com.tr\/index.php\/wp-json\/wp\/v2\/types\/product"}],"wp:attachment":[{"href":"https:\/\/roveyayinevi.com.tr\/index.php\/wp-json\/wp\/v2\/media?parent=714321"}],"wp:term":[{"taxonomy":"product_brand","embeddable":true,"href":"https:\/\/roveyayinevi.com.tr\/index.php\/wp-json\/wp\/v2\/product_brand?post=714321"},{"taxonomy":"product_cat","embeddable":true,"href":"https:\/\/roveyayinevi.com.tr\/index.php\/wp-json\/wp\/v2\/product_cat?post=714321"},{"taxonomy":"product_tag","embeddable":true,"href":"https:\/\/roveyayinevi.com.tr\/index.php\/wp-json\/wp\/v2\/product_tag?post=714321"}],"curies":[{"name":"wp","href":"https:\/\/api.w.org\/{rel}","templated":true}]}}