{"id":714320,"date":"2025-08-27T17:17:15","date_gmt":"2025-08-27T14:17:15","guid":{"rendered":"https:\/\/roveyayinevi.com.tr\/index.php\/urun\/dusun-cok-gec-olmadan\/"},"modified":"2026-04-03T02:28:57","modified_gmt":"2026-04-02T23:28:57","slug":"dusun-cok-gec-olmadan","status":"publish","type":"product","link":"https:\/\/roveyayinevi.com.tr\/index.php\/urun\/dusun-cok-gec-olmadan\/","title":{"rendered":"D\u00fc\u015f\u00fcn! \u00c7ok Ge\u00e7 Olmadan"},"content":{"rendered":"<p>\u201c\u015eimdiyi ve gelece\u011fi g\u00f6rmek i\u00e7in yarat\u0131c\u0131 yollar arayan liderler ve \u00f6\u011fretmenler i\u00e7in muhte\u015fem bir yap\u0131t.\u201d -Library Journal Neden d\u00fc\u015f\u00fcnd\u00fc\u011f\u00fcm\u00fcz \u015fekilde d\u00fc\u015f\u00fcn\u00fcyoruz? D\u00fc\u015f\u00fcnme al\u0131\u015fkanl\u0131klar\u0131m\u0131z\u0131 k\u00fcresel meselelere cevap verecek \u015fekilde nas\u0131l de\u011fi\u015ftirebiliriz? Peki de\u011fi\u015ftirmeye istekli de\u011filsek ne olur? 43 dile \u00e7evrilen 80\u2019den fazla kitaba sahip, yanal (lateral) d\u00fc\u015f\u00fcnme gurusu ve \u00e7ok satan yazar Edward de Bono, bu k\u0131\u015fk\u0131rt\u0131c\u0131 kitapta, \u015fu anki d\u00fc\u015f\u00fcnme \u015feklimizin neden yeteri kadar iyi olmad\u0131\u011f\u0131n\u0131 ve bu konu hakk\u0131nda neler yapabilece\u011fimizi inceliyor. De Bono, var olan d\u00fc\u015f\u00fcnme y\u00f6ntemlerimiz bilim ve teknoloji gibi belirli alanlara uyguland\u0131\u011f\u0131 zaman m\u00fckemmel olmas\u0131na kar\u015f\u0131n, iklim de\u011fi\u015fimi ve sava\u015f gibi di\u011fer -daha insani- meselelerle m\u00fccadele ederken hi\u00e7bir ilerleme kaydedemedi\u011fimizi iddia ediyor. D\u00fc\u015f\u00fcnme \u015feklimizi tarihsel bir perspektife oturtarak inceleyen De Bono, d\u00fc\u015f\u00fcnme eylemini hatas\u0131z bir \u015fekilde yerine getirdi\u011fimiz takdirde sorunlar\u0131 daha kolay \u00e7\u00f6zebilece\u011fimizi ortaya koyuyor. Farkl\u0131 d\u00fc\u015f\u00fcnme yetene\u011fimizi nas\u0131l g\u00fc\u00e7lendirebilece\u011fimize dair yepyeni fikirler ortaya koyan Edward de Bono, d\u00fc\u015f\u00fcnme \u015feklimizi de\u011fi\u015ftirmek i\u00e7in hepimize ilham kayna\u011f\u0131 oluyor. D\u00fc\u015f\u00fcn! \u00c7ok ge\u00e7 olmadan\u2026<\/p>\n","protected":false},"excerpt":{"rendered":"<p>\u201c\u015eimdiyi ve gelece\u011fi g\u00f6rmek i\u00e7in yarat\u0131c\u0131 yollar arayan liderler ve \u00f6\u011fretmenler i\u00e7in muhte\u015fem bir yap\u0131t.\u201d -Library Journal Neden d\u00fc\u015f\u00fcnd\u00fc\u011f\u00fcm\u00fcz \u015fekilde d\u00fc\u015f\u00fcn\u00fcyoruz? D\u00fc\u015f\u00fcnme al\u0131\u015fkanl\u0131klar\u0131m\u0131z\u0131 k\u00fcresel meselelere cevap<span class=\"excerpt-hellip\"> [\u2026]<\/span><\/p>\n","protected":false},"featured_media":0,"template":"","meta":{"_monsterinsights_skip_tracking":false,"_monsterinsights_sitenote_active":false,"_monsterinsights_sitenote_note":"","_monsterinsights_sitenote_category":0},"product_brand":[],"product_cat":[12364,12376],"product_tag":[],"class_list":{"0":"post-714320","1":"product","2":"type-product","3":"status-publish","5":"product_cat-genel-konular","6":"product_cat-kisisel-gelisim","7":"pa_cilt-ciltsiz","8":"pa_tur-kitap","9":"pa_yayinevi-epsilon-yayinlari","10":"pa_yazar-edward-de-bono","12":"first","13":"instock","14":"sale","15":"shipping-taxable","16":"purchasable","17":"product-type-simple"},"_links":{"self":[{"href":"https:\/\/roveyayinevi.com.tr\/index.php\/wp-json\/wp\/v2\/product\/714320","targetHints":{"allow":["GET"]}}],"collection":[{"href":"https:\/\/roveyayinevi.com.tr\/index.php\/wp-json\/wp\/v2\/product"}],"about":[{"href":"https:\/\/roveyayinevi.com.tr\/index.php\/wp-json\/wp\/v2\/types\/product"}],"wp:attachment":[{"href":"https:\/\/roveyayinevi.com.tr\/index.php\/wp-json\/wp\/v2\/media?parent=714320"}],"wp:term":[{"taxonomy":"product_brand","embeddable":true,"href":"https:\/\/roveyayinevi.com.tr\/index.php\/wp-json\/wp\/v2\/product_brand?post=714320"},{"taxonomy":"product_cat","embeddable":true,"href":"https:\/\/roveyayinevi.com.tr\/index.php\/wp-json\/wp\/v2\/product_cat?post=714320"},{"taxonomy":"product_tag","embeddable":true,"href":"https:\/\/roveyayinevi.com.tr\/index.php\/wp-json\/wp\/v2\/product_tag?post=714320"}],"curies":[{"name":"wp","href":"https:\/\/api.w.org\/{rel}","templated":true}]}}