{"id":714318,"date":"2025-08-27T17:17:14","date_gmt":"2025-08-27T14:17:14","guid":{"rendered":"https:\/\/roveyayinevi.com.tr\/index.php\/urun\/mantikut-tayr-kuslarin-ilahisi\/"},"modified":"2026-04-16T02:22:47","modified_gmt":"2026-04-15T23:22:47","slug":"mantikut-tayr-kuslarin-ilahisi","status":"publish","type":"product","link":"https:\/\/roveyayinevi.com.tr\/index.php\/urun\/mantikut-tayr-kuslarin-ilahisi\/","title":{"rendered":"Mant\u0131ku&#8217;t Tayr &#8211; Ku\u015flar\u0131n \u0130lahisi"},"content":{"rendered":"<p>Bu kitap, Hz. Mevl\u00e2na&#8217;n\u0131n &#8220;Att\u00e2r yedi a\u015fk \u015fehrini dola\u015ft\u0131, bizse h\u00e2l\u00e2 bir k\u00fc\u00e7\u00fck soka\u011f\u0131n ba\u015f\u0131nday\u0131z!&#8221; diyerek \u00f6vd\u00fc\u011f\u00fc bir \u0130sl\u00e2m s\u00fbf\u00ee-\u015fairinin \u015faheseridir. Bu eser, yine Hz. Mevl\u00e2na&#8217;n\u0131n, &#8220;Ben s\u00f6z s\u00f6ylemede \u015eeyh Att\u00e2r&#8217;\u0131n kulu k\u00f6lesiyim! Ey dost, her ne s\u00f6yledimse onu Att\u00e2r&#8217;dan duymu\u015fum!&#8221; dedi\u011fi bir \u00fcstad\u0131n kaleminden \u00e7\u0131kmad\u0131r.  G\u00fcl\u015fen-i R\u00e2z&#8217;\u0131n yazar\u0131 \u015eeb\u00fcster\u00ee, &#8220;Y\u00fczlerce y\u0131l ge\u00e7er de Att\u00e2r gibi bir \u015fair gelmez!&#8221; der. H\u00fcsn-\u00fc A\u015fk&#8217;\u0131n yazar\u0131, d\u00e2h\u00ee \u015fairimiz \u015eeyh Galib de ilham\u0131n\u0131 Att\u00e2r&#8217;dan ald\u0131\u011f\u0131n\u0131 s\u00f6yler. Hz. Att\u00e2r, bu eseri yazmak i\u00e7in \u015fairli\u011fini bir araya getirerek tasavvuf edebiyat\u0131nda yepyeni bir \u00e7\u0131\u011f\u0131r a\u00e7t\u0131.  Bat\u0131 dillerinin hemen hemen hepsine defalarca terc\u00fcme edilen, d\u00fcnyan\u0131n pek \u00e7ok diline aktar\u0131lan ve b\u00fct\u00fcn insanl\u0131\u011fa seslenen bu eser, herkesi etkileyen kendine \u00f6zg\u00fc \u00e7ok \u00e7arp\u0131c\u0131 bir \u00f6zelli\u011fe sahiptir. D\u00fcnyan\u0131n se\u00e7kin ayd\u0131nlar\u0131n\u0131n s\u0131k s\u0131k g\u00f6z atmak ihtiyac\u0131 duyduklar\u0131 bir ba\u015fucu kitab\u0131d\u0131r. B\u00fcy\u00fck psikolog ve psikiyatristlerin de insan ruh ve karakterini anlamak i\u00e7in kulland\u0131klar\u0131 bir kaynak eserdir. Bu kitab\u0131n en \u00f6nemli \u00f6zelli\u011fi, insan\u0131 eski h\u00e2linde b\u0131rakmamas\u0131 ve okuyucusunu g\u00f6n\u00fcl adaml\u0131\u011f\u0131 yolunda ilerlemeye y\u00f6nlendirmesidir.<\/p>\n","protected":false},"excerpt":{"rendered":"<p>Bu kitap, Hz. Mevl\u00e2na&#8217;n\u0131n &#8220;Att\u00e2r yedi a\u015fk \u015fehrini dola\u015ft\u0131, bizse h\u00e2l\u00e2 bir k\u00fc\u00e7\u00fck soka\u011f\u0131n ba\u015f\u0131nday\u0131z!&#8221; diyerek \u00f6vd\u00fc\u011f\u00fc bir \u0130sl\u00e2m s\u00fbf\u00ee-\u015fairinin \u015faheseridir. Bu eser, yine Hz. Mevl\u00e2na&#8217;n\u0131n,<span class=\"excerpt-hellip\"> [\u2026]<\/span><\/p>\n","protected":false},"featured_media":0,"template":"","meta":{"_monsterinsights_skip_tracking":false,"_monsterinsights_sitenote_active":false,"_monsterinsights_sitenote_note":"","_monsterinsights_sitenote_category":0},"product_brand":[],"product_cat":[12718,12719,15238],"product_tag":[],"class_list":{"0":"post-714318","1":"product","2":"type-product","3":"status-publish","5":"product_cat-din","6":"product_cat-islam","7":"product_cat-tasavvuf","8":"pa_cilt-ciltsiz","9":"pa_tur-kitap","10":"pa_yayinevi-sufi-kitap","11":"pa_yazar-feriduddin-i-attar","13":"first","14":"instock","15":"sale","16":"shipping-taxable","17":"purchasable","18":"product-type-simple"},"_links":{"self":[{"href":"https:\/\/roveyayinevi.com.tr\/index.php\/wp-json\/wp\/v2\/product\/714318","targetHints":{"allow":["GET"]}}],"collection":[{"href":"https:\/\/roveyayinevi.com.tr\/index.php\/wp-json\/wp\/v2\/product"}],"about":[{"href":"https:\/\/roveyayinevi.com.tr\/index.php\/wp-json\/wp\/v2\/types\/product"}],"wp:attachment":[{"href":"https:\/\/roveyayinevi.com.tr\/index.php\/wp-json\/wp\/v2\/media?parent=714318"}],"wp:term":[{"taxonomy":"product_brand","embeddable":true,"href":"https:\/\/roveyayinevi.com.tr\/index.php\/wp-json\/wp\/v2\/product_brand?post=714318"},{"taxonomy":"product_cat","embeddable":true,"href":"https:\/\/roveyayinevi.com.tr\/index.php\/wp-json\/wp\/v2\/product_cat?post=714318"},{"taxonomy":"product_tag","embeddable":true,"href":"https:\/\/roveyayinevi.com.tr\/index.php\/wp-json\/wp\/v2\/product_tag?post=714318"}],"curies":[{"name":"wp","href":"https:\/\/api.w.org\/{rel}","templated":true}]}}