{"id":714317,"date":"2025-08-27T17:17:14","date_gmt":"2025-08-27T14:17:14","guid":{"rendered":"https:\/\/roveyayinevi.com.tr\/index.php\/urun\/asigin-sazi-dengbejin-sesi-dengbejlik-ve-asiklik-uzerine-karsilastirmali-bir-inceleme\/"},"modified":"2025-11-22T04:45:41","modified_gmt":"2025-11-22T01:45:41","slug":"asigin-sazi-dengbejin-sesi-dengbejlik-ve-asiklik-uzerine-karsilastirmali-bir-inceleme","status":"publish","type":"product","link":"https:\/\/roveyayinevi.com.tr\/index.php\/urun\/asigin-sazi-dengbejin-sesi-dengbejlik-ve-asiklik-uzerine-karsilastirmali-bir-inceleme\/","title":{"rendered":"A\u015f\u0131\u011f\u0131n Saz\u0131 Dengbejin Sesi (Dengbejlik ve A\u015f\u0131kl\u0131k \u00dczerine Kar\u015f\u0131la\u015ft\u0131rmal\u0131 Bir \u0130nceleme)"},"content":{"rendered":"","protected":false},"excerpt":{"rendered":"","protected":false},"featured_media":0,"template":"","meta":{"_monsterinsights_skip_tracking":false,"_monsterinsights_sitenote_active":false,"_monsterinsights_sitenote_note":"","_monsterinsights_sitenote_category":0},"product_brand":[],"product_cat":[12573,12566],"product_tag":[],"class_list":{"0":"post-714317","1":"product","2":"type-product","3":"status-publish","5":"product_cat-akademik-kitaplar","6":"product_cat-egitim","7":"pa_cilt-ciltsiz","8":"pa_tur-kitap","9":"pa_yayinevi-egiten-kitap","10":"pa_yazar-canser-kardas","12":"first","13":"instock","14":"sale","15":"shipping-taxable","16":"purchasable","17":"product-type-simple"},"_links":{"self":[{"href":"https:\/\/roveyayinevi.com.tr\/index.php\/wp-json\/wp\/v2\/product\/714317","targetHints":{"allow":["GET"]}}],"collection":[{"href":"https:\/\/roveyayinevi.com.tr\/index.php\/wp-json\/wp\/v2\/product"}],"about":[{"href":"https:\/\/roveyayinevi.com.tr\/index.php\/wp-json\/wp\/v2\/types\/product"}],"wp:attachment":[{"href":"https:\/\/roveyayinevi.com.tr\/index.php\/wp-json\/wp\/v2\/media?parent=714317"}],"wp:term":[{"taxonomy":"product_brand","embeddable":true,"href":"https:\/\/roveyayinevi.com.tr\/index.php\/wp-json\/wp\/v2\/product_brand?post=714317"},{"taxonomy":"product_cat","embeddable":true,"href":"https:\/\/roveyayinevi.com.tr\/index.php\/wp-json\/wp\/v2\/product_cat?post=714317"},{"taxonomy":"product_tag","embeddable":true,"href":"https:\/\/roveyayinevi.com.tr\/index.php\/wp-json\/wp\/v2\/product_tag?post=714317"}],"curies":[{"name":"wp","href":"https:\/\/api.w.org\/{rel}","templated":true}]}}