{"id":714313,"date":"2025-08-27T17:17:11","date_gmt":"2025-08-27T14:17:11","guid":{"rendered":"https:\/\/roveyayinevi.com.tr\/index.php\/urun\/subatin-29unda-dogan-bahtsizlar-icin-teselli-bahaneleri\/"},"modified":"2026-04-16T02:22:47","modified_gmt":"2026-04-15T23:22:47","slug":"subatin-29unda-dogan-bahtsizlar-icin-teselli-bahaneleri","status":"publish","type":"product","link":"https:\/\/roveyayinevi.com.tr\/index.php\/urun\/subatin-29unda-dogan-bahtsizlar-icin-teselli-bahaneleri\/","title":{"rendered":"\u015eubat&#8217;\u0131n 29&#8217;unda Do\u011fan Bahts\u0131zlar \u0130\u00e7in Teselli Bahaneleri"},"content":{"rendered":"<p>G\u00fclme organ\u0131 neresidir?\u00c7o\u011funlukla iki adres g\u00f6sterilir, biri a\u011f\u0131z di\u011feri malum. Lichtenberg ile \u00fc\u00e7\u00fcnc\u00fc bir yer daha oldu\u011funu fark edeceksiniz: safra kesesi.\u201cDurumun ve ko\u015fullar\u0131n uygun olup olmay\u0131\u015f\u0131na g\u00f6re, ki\u015fi bazen t\u00fcm yan\u0131lg\u0131lar\u0131yla bir bilge olarak ve bazen de t\u00fcm bilgeli\u011fiyle \u015fa\u015fk\u0131n bir \u00f6rdek olarak kabul edilebilir.\u201d <\/p>\n","protected":false},"excerpt":{"rendered":"<p>G\u00fclme organ\u0131 neresidir?\u00c7o\u011funlukla iki adres g\u00f6sterilir, biri a\u011f\u0131z di\u011feri malum. Lichtenberg ile \u00fc\u00e7\u00fcnc\u00fc bir yer daha oldu\u011funu fark edeceksiniz: safra kesesi.\u201cDurumun ve ko\u015fullar\u0131n uygun olup olmay\u0131\u015f\u0131na<span class=\"excerpt-hellip\"> [\u2026]<\/span><\/p>\n","protected":false},"featured_media":0,"template":"","meta":{"_monsterinsights_skip_tracking":false,"_monsterinsights_sitenote_active":false,"_monsterinsights_sitenote_note":"","_monsterinsights_sitenote_category":0},"product_brand":[],"product_cat":[12777,12291],"product_tag":[],"class_list":{"0":"post-714313","1":"product","2":"type-product","3":"status-publish","5":"product_cat-deneme","6":"product_cat-edebiyat","7":"pa_cilt-ciltsiz","8":"pa_tur-kitap","9":"pa_yayinevi-kirmizi-kedi-yayinevi","10":"pa_yazar-georg-christoph-lichtenberg","12":"first","13":"instock","14":"sale","15":"shipping-taxable","16":"purchasable","17":"product-type-simple"},"_links":{"self":[{"href":"https:\/\/roveyayinevi.com.tr\/index.php\/wp-json\/wp\/v2\/product\/714313","targetHints":{"allow":["GET"]}}],"collection":[{"href":"https:\/\/roveyayinevi.com.tr\/index.php\/wp-json\/wp\/v2\/product"}],"about":[{"href":"https:\/\/roveyayinevi.com.tr\/index.php\/wp-json\/wp\/v2\/types\/product"}],"wp:attachment":[{"href":"https:\/\/roveyayinevi.com.tr\/index.php\/wp-json\/wp\/v2\/media?parent=714313"}],"wp:term":[{"taxonomy":"product_brand","embeddable":true,"href":"https:\/\/roveyayinevi.com.tr\/index.php\/wp-json\/wp\/v2\/product_brand?post=714313"},{"taxonomy":"product_cat","embeddable":true,"href":"https:\/\/roveyayinevi.com.tr\/index.php\/wp-json\/wp\/v2\/product_cat?post=714313"},{"taxonomy":"product_tag","embeddable":true,"href":"https:\/\/roveyayinevi.com.tr\/index.php\/wp-json\/wp\/v2\/product_tag?post=714313"}],"curies":[{"name":"wp","href":"https:\/\/api.w.org\/{rel}","templated":true}]}}