{"id":714311,"date":"2025-08-27T17:17:10","date_gmt":"2025-08-27T14:17:10","guid":{"rendered":"https:\/\/roveyayinevi.com.tr\/index.php\/urun\/1833-osmanli-arsiv-kayitlarina-gore-sivas-gayrimuslim-nufus-defteri\/"},"modified":"2026-04-16T02:22:47","modified_gmt":"2026-04-15T23:22:47","slug":"1833-osmanli-arsiv-kayitlarina-gore-sivas-gayrimuslim-nufus-defteri","status":"publish","type":"product","link":"https:\/\/roveyayinevi.com.tr\/index.php\/urun\/1833-osmanli-arsiv-kayitlarina-gore-sivas-gayrimuslim-nufus-defteri\/","title":{"rendered":"1833 Osmanl\u0131 Ar\u015fiv Kay\u0131tlar\u0131na G\u00f6re Sivas Gayrim\u00fcslim N\u00fcfus Defteri"},"content":{"rendered":"<p>\u0130\u00c7\u0130NDEK\u0130LER \u00d6NS\u00d6Z Sivas Gayrim\u00fcslim N\u00fcfus Defterleri Ba\u015fbakanl\u0131k Osmanl\u0131 Ar\u015fivinde Defter Kay\u0131tlar\u0131 \u0130\u00c7\u0130NDEK\u0130LER MAHALLELERE G\u00d6RE  REAYA  N\u00dcFUS  DEFTERLER\u0130 AK\u00c7AB\u00d6LGE MAHALLES\u0130 AKDE\u011e\u0130RMEN MAHALLES\u0130 AL\u0130 BABA MAHALLES\u0130 BAB-I KAYSER\u0130 MAHALLES\u0130 BAHT\u0130YAR BOSTAN MAHALLES\u0130 BALDIR PAZARI MAHALLES\u0130 BAZAR MAHALLES\u0130 CAM\u0130-\u0130 KEB\u0130R MAHALLES\u0130 ECE MAHALLES\u0130 FERHAD BOSTAN MAHALLES\u0130 G\u00d6K\u00c7E BOSTAN MAHALLES\u0130 HACI MAHMUD MAHALLES\u0130 HAMAMARDI MAHALLES\u0130 HOCA \u0130MAM MAHALLES\u0130 \u0130MARET MAHALLES\u0130 KALEARDI MAHALLES\u0130 KE\u00c7\u0130BULA MAHALLES\u0130 KIRCIK MAHALLES\u0130 K\u00d6HNE C\u0130VAN MAHALLES\u0130 K\u00d6SEDERE-\u0130 M\u00dcSL\u0130M MAHALLES\u0130 K\u00d6SEDERE-\u0130 Z\u0130MM\u0130 MAHALLES\u0130 K\u00dc\u00c7\u00dcK BENG\u0130LER MAHALLES\u0130 K\u00dc\u00c7\u00dcK KEN\u0130SA MAHALLES\u0130 K\u00dc\u00c7\u00dcK M\u0130NARE MAHALLES\u0130 OSMAN PA\u015eA MAHALLES\u0130 PA\u015eABEY MAHALLES\u0130 SARI \u015eEYH MAHALLES\u0130 TEM\u00dcRC\u00dcLERARDI  MAHALLES\u0130 TOKMAK KAPU MAHALLES\u0130 \u00dcRYAN-I M\u00dcSL\u0130M MAHALLES\u0130 \u00dcRYAN-I Z\u0130MM\u0130 MAHALLES\u0130 VELEDBEY MAHALLES\u0130 YAHYABEY MAHALLES\u0130 HAN VE KAHVELER PA\u015eA K\u00dc\u00c7\u00dcK S\u00d6ZL\u00dcK <\/p>\n","protected":false},"excerpt":{"rendered":"<p>\u0130\u00c7\u0130NDEK\u0130LER \u00d6NS\u00d6Z Sivas Gayrim\u00fcslim N\u00fcfus Defterleri Ba\u015fbakanl\u0131k Osmanl\u0131 Ar\u015fivinde Defter Kay\u0131tlar\u0131 \u0130\u00c7\u0130NDEK\u0130LER MAHALLELERE G\u00d6RE REAYA N\u00dcFUS DEFTERLER\u0130 AK\u00c7AB\u00d6LGE MAHALLES\u0130 AKDE\u011e\u0130RMEN MAHALLES\u0130 AL\u0130 BABA MAHALLES\u0130 BAB-I KAYSER\u0130<span class=\"excerpt-hellip\"> [\u2026]<\/span><\/p>\n","protected":false},"featured_media":0,"template":"","meta":{"_monsterinsights_skip_tracking":false,"_monsterinsights_sitenote_active":false,"_monsterinsights_sitenote_note":"","_monsterinsights_sitenote_category":0},"product_brand":[],"product_cat":[12573,12566],"product_tag":[],"class_list":{"0":"post-714311","1":"product","2":"type-product","3":"status-publish","5":"product_cat-akademik-kitaplar","6":"product_cat-egitim","7":"pa_cilt-ciltsiz","8":"pa_tur-kitap","9":"pa_yayinevi-gazi-kitabevi","10":"pa_yazar-sezgin-zabun","12":"first","13":"instock","14":"sale","15":"shipping-taxable","16":"purchasable","17":"product-type-simple"},"_links":{"self":[{"href":"https:\/\/roveyayinevi.com.tr\/index.php\/wp-json\/wp\/v2\/product\/714311","targetHints":{"allow":["GET"]}}],"collection":[{"href":"https:\/\/roveyayinevi.com.tr\/index.php\/wp-json\/wp\/v2\/product"}],"about":[{"href":"https:\/\/roveyayinevi.com.tr\/index.php\/wp-json\/wp\/v2\/types\/product"}],"wp:attachment":[{"href":"https:\/\/roveyayinevi.com.tr\/index.php\/wp-json\/wp\/v2\/media?parent=714311"}],"wp:term":[{"taxonomy":"product_brand","embeddable":true,"href":"https:\/\/roveyayinevi.com.tr\/index.php\/wp-json\/wp\/v2\/product_brand?post=714311"},{"taxonomy":"product_cat","embeddable":true,"href":"https:\/\/roveyayinevi.com.tr\/index.php\/wp-json\/wp\/v2\/product_cat?post=714311"},{"taxonomy":"product_tag","embeddable":true,"href":"https:\/\/roveyayinevi.com.tr\/index.php\/wp-json\/wp\/v2\/product_tag?post=714311"}],"curies":[{"name":"wp","href":"https:\/\/api.w.org\/{rel}","templated":true}]}}